{"id":85080,"date":"2024-04-16T01:41:26","date_gmt":"2024-04-16T01:41:26","guid":{"rendered":"https:\/\/www.scoan.org\/declaracao-de-fe\/"},"modified":"2025-03-01T11:49:43","modified_gmt":"2025-03-01T11:49:43","slug":"declaracao-de-fe","status":"publish","type":"page","link":"https:\/\/www.scoan.org\/pt-pt\/declaracao-de-fe\/","title":{"rendered":"Declara\u00e7\u00e3o de f\u00e9"},"content":{"rendered":"\t\t<div data-elementor-type=\"wp-page\" data-elementor-id=\"85080\" class=\"elementor elementor-85080\" data-elementor-post-type=\"page\">\n\t\t\t\t<div class=\"elementor-element elementor-element-c73a258 e-flex e-con-boxed e-con e-parent\" data-id=\"c73a258\" data-element_type=\"container\" data-settings=\"{&quot;background_background&quot;:&quot;slideshow&quot;,&quot;background_slideshow_gallery&quot;:[{&quot;id&quot;:&quot;80848&quot;,&quot;url&quot;:&quot;https:\\\/\\\/www.scoan.org\\\/wp-content\\\/blogs.dir\\\/12\\\/files\\\/2024\\\/03\\\/statement-of-faith.png&quot;}],&quot;background_slideshow_ken_burns&quot;:&quot;yes&quot;,&quot;background_slideshow_loop&quot;:&quot;yes&quot;,&quot;background_slideshow_slide_duration&quot;:5000,&quot;background_slideshow_slide_transition&quot;:&quot;fade&quot;,&quot;background_slideshow_transition_duration&quot;:500,&quot;background_slideshow_ken_burns_zoom_direction&quot;:&quot;in&quot;}\">\n\t\t\t\t\t<div class=\"e-con-inner\">\n\t\t\t\t\t<\/div>\n\t\t\t\t<\/div>\n\t\t<div class=\"elementor-element elementor-element-6f0cbed e-flex e-con-boxed e-con e-parent\" data-id=\"6f0cbed\" data-element_type=\"container\" data-settings=\"{&quot;background_background&quot;:&quot;classic&quot;}\">\n\t\t\t\t\t<div class=\"e-con-inner\">\n\t\t<div class=\"elementor-element elementor-element-8cea702 e-flex e-con-boxed e-con e-child\" data-id=\"8cea702\" data-element_type=\"container\" data-settings=\"{&quot;background_background&quot;:&quot;classic&quot;}\">\n\t\t\t\t\t<div class=\"e-con-inner\">\n\t\t\t\t<div class=\"elementor-element elementor-element-3b22489 elementor-invisible elementor-widget elementor-widget-heading\" data-id=\"3b22489\" data-element_type=\"widget\" data-settings=\"{&quot;_animation&quot;:&quot;fadeIn&quot;,&quot;_animation_delay&quot;:&quot;400&quot;}\" data-widget_type=\"heading.default\">\n\t\t\t\t<div class=\"elementor-widget-container\">\n\t\t\t\t\t<div class=\"elementor-heading-title elementor-size-default\">O Esp\u00edrito Santo trabalhou com o Pai e o Filho para criar o mundo. O Pai deu Seu Esp\u00edrito para nos tornar semelhantes a Seu Filho, Jesus Cristo. O Jesus Cristo que conhecemos \u00e9 Jesus no poder do Esp\u00edrito Santo. Ele fez uma promessa maravilhosa em Jo\u00e3o 14:16-17: \u201cEu pedirei ao Pai, e Ele vos dar\u00e1 outro Conselheiro para estar convosco para sempre - o Esp\u00edrito da Verdade. O mundo n\u00e3o pode aceit\u00e1-Lo, porque n\u00e3o O v\u00ea nem O conhece. Mas voc\u00ea O conhece, pois Ele vive com voc\u00ea e estar\u00e1 em voc\u00ea.\u201d O Esp\u00edrito Santo estar\u00e1 conosco para sempre. Ele n\u00e3o \u00e9 conhecido ou recebido por todos, mas apenas por aqueles que est\u00e3o preparados para Ele. O Esp\u00edrito Santo nos mostra qu\u00e3o errados s\u00e3o os nossos pecados. Ele nos ajuda a aceitar Jesus Cristo como nosso Salvador. Ele muda completamente nossas vidas. Isto \u00e9 chamado de ser convertido ou nascer de novo.<\/div>\t\t\t\t<\/div>\n\t\t\t\t<\/div>\n\t\t\t\t<div class=\"elementor-element elementor-element-b6eb1b9 elementor-invisible elementor-widget elementor-widget-heading\" data-id=\"b6eb1b9\" data-element_type=\"widget\" data-settings=\"{&quot;_animation&quot;:&quot;fadeIn&quot;,&quot;_animation_delay&quot;:&quot;400&quot;}\" data-widget_type=\"heading.default\">\n\t\t\t\t<div class=\"elementor-widget-container\">\n\t\t\t\t\t<div class=\"elementor-heading-title elementor-size-default\">Jesus Cristo \u00e9 um ganhador de almas. Foi para isso que Ele veio, viveu, morreu e ressuscitou. Ele veio para restaurar o relacionamento e a comunh\u00e3o entre Deus e o homem. Quanto \u00e0 Sua natureza humana, Jesus Cristo era descendente de Davi. Quanto \u00e0 Sua natureza divina, foi demonstrado com grande poder que Ele era o Filho de Deus ao ressuscitar da morte no terceiro dia. Agora Ele est\u00e1 sentado \u00e0 direita do trono de Deus (Hebreus 12:2; Romanos 1:2-4). Ele foi tentado em todos os aspectos, assim como n\u00f3s, mas estava sem pecado. Jesus Cristo nos ama, morreu por n\u00f3s, reina com poder por n\u00f3s e ainda ora por n\u00f3s.<\/div>\t\t\t\t<\/div>\n\t\t\t\t<\/div>\n\t\t\t\t<div class=\"elementor-element elementor-element-9be4e61 elementor-invisible elementor-widget elementor-widget-heading\" data-id=\"9be4e61\" data-element_type=\"widget\" data-settings=\"{&quot;_animation&quot;:&quot;fadeIn&quot;,&quot;_animation_delay&quot;:&quot;400&quot;}\" data-widget_type=\"heading.default\">\n\t\t\t\t<div class=\"elementor-widget-container\">\n\t\t\t\t\t<div class=\"elementor-heading-title elementor-size-default\">Homens santos de Deus foram levados pelo Esp\u00edrito Santo enquanto pregavam a mensagem que vinha de Deus. A B\u00edblia Sagrada \u00e9 mais do que eventos antigos e sabedoria antiga. \u00c9 a mensagem de gra\u00e7a e verdade de Deus para n\u00f3s hoje (2 Tim\u00f3teo 3:16; 2 Pedro 1:21).<\/div>\t\t\t\t<\/div>\n\t\t\t\t<\/div>\n\t\t\t\t<div class=\"elementor-element elementor-element-163ad60 elementor-invisible elementor-widget elementor-widget-heading\" data-id=\"163ad60\" data-element_type=\"widget\" data-settings=\"{&quot;_animation&quot;:&quot;fadeIn&quot;,&quot;_animation_delay&quot;:&quot;400&quot;}\" data-widget_type=\"heading.default\">\n\t\t\t\t<div class=\"elementor-widget-container\">\n\t\t\t\t\t<div class=\"elementor-heading-title elementor-size-default\">O pecado aponta para a morte e destrui\u00e7\u00e3o eterna, mas a Palavra de Deus aponta para a vida. Se Cristo Jesus \u00e9 nosso Senhor e Salvador, um novo corpo, uma nova alma e um novo esp\u00edrito nos aguardam um dia. O Esp\u00edrito de Deus se une ao nosso esp\u00edrito para declarar que somos filhos de Deus (Romanos 8:16).<\/div>\t\t\t\t<\/div>\n\t\t\t\t<\/div>\n\t\t\t\t<div class=\"elementor-element elementor-element-6881452 elementor-invisible elementor-widget elementor-widget-heading\" data-id=\"6881452\" data-element_type=\"widget\" data-settings=\"{&quot;_animation&quot;:&quot;fadeIn&quot;,&quot;_animation_delay&quot;:&quot;400&quot;}\" data-widget_type=\"heading.default\">\n\t\t\t\t<div class=\"elementor-widget-container\">\n\t\t\t\t\t<div class=\"elementor-heading-title elementor-size-default\">A salva\u00e7\u00e3o deve ser libertada do pecado e das suas penalidades e \u00e9 recebida pela f\u00e9 no poder purificador do Sangue de Jesus Cristo. Cada homem tem que aceitar Jesus Cristo como seu Senhor e Salvador pessoal, caso contr\u00e1rio a morte de Jesus n\u00e3o o salvar\u00e1.4.<\/div>\t\t\t\t<\/div>\n\t\t\t\t<\/div>\n\t\t\t\t\t<\/div>\n\t\t\t\t<\/div>\n\t\t\t\t\t<\/div>\n\t\t\t\t<\/div>\n\t\t<div class=\"elementor-element elementor-element-a315cef e-flex e-con-boxed e-con e-parent\" data-id=\"a315cef\" data-element_type=\"container\" data-settings=\"{&quot;background_background&quot;:&quot;classic&quot;}\">\n\t\t\t\t\t<div class=\"e-con-inner\">\n\t\t<div class=\"elementor-element elementor-element-533ee76 e-flex e-con-boxed e-con e-child\" data-id=\"533ee76\" data-element_type=\"container\" data-settings=\"{&quot;background_background&quot;:&quot;classic&quot;}\">\n\t\t\t\t\t<div class=\"e-con-inner\">\n\t\t\t\t<div class=\"elementor-element elementor-element-f1961c9 elementor-invisible elementor-widget elementor-widget-heading\" data-id=\"f1961c9\" data-element_type=\"widget\" data-settings=\"{&quot;_animation&quot;:&quot;fadeIn&quot;,&quot;_animation_delay&quot;:&quot;400&quot;}\" data-widget_type=\"heading.default\">\n\t\t\t\t<div class=\"elementor-widget-container\">\n\t\t\t\t\t<div class=\"elementor-heading-title elementor-size-default\">A Palavra de Deus refresca as nossas mentes enquanto o Esp\u00edrito de Deus renova as nossas for\u00e7as. Para nascer de novo, n\u00e3o devemos apenas ter a Palavra de Deus, mas tamb\u00e9m o Seu Esp\u00edrito, misturado com arrependimento e f\u00e9 em nossos cora\u00e7\u00f5es.<\/div>\t\t\t\t<\/div>\n\t\t\t\t<\/div>\n\t\t\t\t<div class=\"elementor-element elementor-element-f98d08a elementor-invisible elementor-widget elementor-widget-heading\" data-id=\"f98d08a\" data-element_type=\"widget\" data-settings=\"{&quot;_animation&quot;:&quot;fadeIn&quot;,&quot;_animation_delay&quot;:&quot;400&quot;}\" data-widget_type=\"heading.default\">\n\t\t\t\t<div class=\"elementor-widget-container\">\n\t\t\t\t\t<div class=\"elementor-heading-title elementor-size-default\">A cura divina \u00e9 o poder sobrenatural de Deus trazendo sa\u00fade ao corpo humano. \u00c9 recebido pela f\u00e9 na obra consumada de nosso Senhor Jesus Cristo. Todo o castigo que Jesus Cristo recebeu antes e durante a Sua crucifica\u00e7\u00e3o foi para a nossa cura \u2013 esp\u00edrito, alma e corpo. Pelas Suas pisaduras, somos curados. A cura divina foi inclu\u00edda nos benef\u00edcios que Jesus Cristo comprou para n\u00f3s no Calv\u00e1rio.<\/div>\t\t\t\t<\/div>\n\t\t\t\t<\/div>\n\t\t\t\t<div class=\"elementor-element elementor-element-43f0ce9 elementor-invisible elementor-widget elementor-widget-heading\" data-id=\"43f0ce9\" data-element_type=\"widget\" data-settings=\"{&quot;_animation&quot;:&quot;fadeIn&quot;,&quot;_animation_delay&quot;:&quot;400&quot;}\" data-widget_type=\"heading.default\">\n\t\t\t\t<div class=\"elementor-widget-container\">\n\t\t\t\t\t<div class=\"elementor-heading-title elementor-size-default\">Batismo nas \u00e1guas e batismo no Esp\u00edrito Santo. Tamb\u00e9m acreditamos em falar em l\u00ednguas conforme o Esp\u00edrito de Deus nos d\u00e1 (Atos 2:4). Todos os que entram no n\u00famero do corpo de Cristo o fazem porque s\u00e3o batizados no Esp\u00edrito Santo (1 Cor\u00edntios 12:13; Romanos 8:9). Quando voc\u00ea for batizado no Esp\u00edrito Santo, o poder de Deus vir\u00e1 sobre voc\u00ea como aconteceu com os primeiros disc\u00edpulos no dia de Pentecostes (Atos 2:1-4). Quando o poder de Deus vier sobre voc\u00ea, o Esp\u00edrito Santo afetar\u00e1 tudo em voc\u00ea. O Esp\u00edrito Santo produz rios de vida, alegria, amor, paz e poder para fluir do seu esp\u00edrito para as necessidades dos outros (Jo\u00e3o 7:37-38).<\/div>\t\t\t\t<\/div>\n\t\t\t\t<\/div>\n\t\t\t\t<div class=\"elementor-element elementor-element-343a451 elementor-invisible elementor-widget elementor-widget-heading\" data-id=\"343a451\" data-element_type=\"widget\" data-settings=\"{&quot;_animation&quot;:&quot;fadeIn&quot;,&quot;_animation_delay&quot;:&quot;400&quot;}\" data-widget_type=\"heading.default\">\n\t\t\t\t<div class=\"elementor-widget-container\">\n\t\t\t\t\t<div class=\"elementor-heading-title elementor-size-default\">A Ceia do Senhor celebrada por Jesus Cristo e Seus disc\u00edpulos em Mateus 26:26-28: \u201cEnquanto comiam, Jesus tomou o p\u00e3o, deu gra\u00e7as, partiu-o e deu-o aos seus disc\u00edpulos, dizendo: \u2018Tomai e comei; este \u00e9 o meu corpo.\u2019 Ent\u00e3o Ele pegou o c\u00e1lice, deu gra\u00e7as e ofereceu-o a eles, dizendo: \u2018Bebam dele, todos voc\u00eas. Este \u00e9 o Meu sangue da alian\u00e7a, que \u00e9 derramado por muitos para o perd\u00e3o dos pecados.'\u201d Assim como os disc\u00edpulos do passado foram instru\u00eddos a participar da Ceia do Senhor por Jesus Cristo, n\u00f3s tamb\u00e9m participamos da Ceia do Senhor (2 Pedro 1). :4), sob a instru\u00e7\u00e3o do Esp\u00edrito Santo (1 Cor\u00edntios 2:10; 11:26-31).<\/div>\t\t\t\t<\/div>\n\t\t\t\t<\/div>\n\t\t\t\t<div class=\"elementor-element elementor-element-3ffca09 elementor-invisible elementor-widget elementor-widget-heading\" data-id=\"3ffca09\" data-element_type=\"widget\" data-settings=\"{&quot;_animation&quot;:&quot;fadeIn&quot;,&quot;_animation_delay&quot;:&quot;400&quot;}\" data-widget_type=\"heading.default\">\n\t\t\t\t<div class=\"elementor-widget-container\">\n\t\t\t\t\t<div class=\"elementor-heading-title elementor-size-default\">Jesus Cristo voltar\u00e1, assim como foi emboray&nbsp;(Atos 1:11; 1 Tessalonicenses. 4:16-17).<\/div>\t\t\t\t<\/div>\n\t\t\t\t<\/div>\n\t\t\t\t\t<\/div>\n\t\t\t\t<\/div>\n\t\t\t\t\t<\/div>\n\t\t\t\t<\/div>\n\t\t\t\t<\/div>\n\t\t","protected":false},"excerpt":{"rendered":"<p>O Esp\u00edrito Santo trabalhou com o Pai e o Filho para criar o mundo. O Pai deu Seu Esp\u00edrito para nos tornar semelhantes a Seu Filho, Jesus Cristo. O Jesus Cristo que conhecemos \u00e9 Jesus no poder do Esp\u00edrito Santo. Ele fez uma promessa maravilhosa em Jo\u00e3o 14:16-17: \u201cEu pedirei ao Pai, e Ele vos [&hellip;]<\/p>\n","protected":false},"author":73,"featured_media":0,"parent":0,"menu_order":0,"comment_status":"closed","ping_status":"closed","template":"elementor_header_footer","meta":{"_vp_format_video_url":"","_vp_image_focal_point":[],"footnotes":""},"class_list":["post-85080","page","type-page","status-publish","hentry"],"yoast_head":"<!-- This site is optimized with the Yoast SEO Premium plugin v25.3.1 (Yoast SEO v27.3) - https:\/\/yoast.com\/product\/yoast-seo-premium-wordpress\/ -->\n<title>Declara\u00e7\u00e3o de f\u00e9 - The Synagogue, Church Of All Nations - SCOAN - Prophet T.B. Joshua<\/title>\n<meta name=\"robots\" content=\"index, follow, max-snippet:-1, max-image-preview:large, max-video-preview:-1\" \/>\n<link rel=\"canonical\" href=\"https:\/\/www.scoan.org\/pt-pt\/declaracao-de-fe\/\" \/>\n<meta property=\"og:locale\" content=\"pt_PT\" \/>\n<meta property=\"og:type\" content=\"article\" \/>\n<meta property=\"og:title\" content=\"Declara\u00e7\u00e3o de f\u00e9\" \/>\n<meta property=\"og:description\" content=\"O Esp\u00edrito Santo trabalhou com o Pai e o Filho para criar o mundo. O Pai deu Seu Esp\u00edrito para nos tornar semelhantes a Seu Filho, Jesus Cristo. O Jesus Cristo que conhecemos \u00e9 Jesus no poder do Esp\u00edrito Santo. Ele fez uma promessa maravilhosa em Jo\u00e3o 14:16-17: \u201cEu pedirei ao Pai, e Ele vos [&hellip;]\" \/>\n<meta property=\"og:url\" content=\"https:\/\/www.scoan.org\/pt-pt\/declaracao-de-fe\/\" \/>\n<meta property=\"og:site_name\" content=\"The Synagogue, Church Of All Nations - SCOAN - Prophet T.B. Joshua\" \/>\n<meta property=\"article:publisher\" content=\"https:\/\/www.facebook.com\/tbjministries\" \/>\n<meta property=\"article:modified_time\" content=\"2025-03-01T11:49:43+00:00\" \/>\n<meta name=\"twitter:card\" content=\"summary_large_image\" \/>\n<meta name=\"twitter:site\" content=\"@SCOANTBJoshua\" \/>\n<meta name=\"twitter:label1\" content=\"Tempo estimado de leitura\" \/>\n\t<meta name=\"twitter:data1\" content=\"4 minutos\" \/>\n<script type=\"application\/ld+json\" class=\"yoast-schema-graph\">{\"@context\":\"https:\\\/\\\/schema.org\",\"@graph\":[{\"@type\":\"WebPage\",\"@id\":\"https:\\\/\\\/www.scoan.org\\\/pt-pt\\\/declaracao-de-fe\\\/\",\"url\":\"https:\\\/\\\/www.scoan.org\\\/pt-pt\\\/declaracao-de-fe\\\/\",\"name\":\"Declara\u00e7\u00e3o de f\u00e9 - The Synagogue, Church Of All Nations - SCOAN - Prophet T.B. Joshua\",\"isPartOf\":{\"@id\":\"https:\\\/\\\/www.scoan.org\\\/pt-pt\\\/#website\"},\"datePublished\":\"2024-04-16T01:41:26+00:00\",\"dateModified\":\"2025-03-01T11:49:43+00:00\",\"breadcrumb\":{\"@id\":\"https:\\\/\\\/www.scoan.org\\\/pt-pt\\\/declaracao-de-fe\\\/#breadcrumb\"},\"inLanguage\":\"pt-PT\",\"potentialAction\":[{\"@type\":\"ReadAction\",\"target\":[\"https:\\\/\\\/www.scoan.org\\\/pt-pt\\\/declaracao-de-fe\\\/\"]}]},{\"@type\":\"BreadcrumbList\",\"@id\":\"https:\\\/\\\/www.scoan.org\\\/pt-pt\\\/declaracao-de-fe\\\/#breadcrumb\",\"itemListElement\":[{\"@type\":\"ListItem\",\"position\":1,\"name\":\"Home\",\"item\":\"https:\\\/\\\/www.scoan.org\\\/pt-pt\\\/\"},{\"@type\":\"ListItem\",\"position\":2,\"name\":\"Declara\u00e7\u00e3o de f\u00e9\"}]},{\"@type\":\"WebSite\",\"@id\":\"https:\\\/\\\/www.scoan.org\\\/pt-pt\\\/#website\",\"url\":\"https:\\\/\\\/www.scoan.org\\\/pt-pt\\\/\",\"name\":\"The Synagogue, Church Of All Nations - SCOAN - Prophet T.B. Joshua\",\"description\":\"Founded by Prophet TB Joshua\",\"publisher\":{\"@id\":\"https:\\\/\\\/www.scoan.org\\\/pt-pt\\\/#organization\"},\"potentialAction\":[{\"@type\":\"SearchAction\",\"target\":{\"@type\":\"EntryPoint\",\"urlTemplate\":\"https:\\\/\\\/www.scoan.org\\\/pt-pt\\\/?s={search_term_string}\"},\"query-input\":{\"@type\":\"PropertyValueSpecification\",\"valueRequired\":true,\"valueName\":\"search_term_string\"}}],\"inLanguage\":\"pt-PT\"},{\"@type\":\"Organization\",\"@id\":\"https:\\\/\\\/www.scoan.org\\\/pt-pt\\\/#organization\",\"name\":\"The Synagogue, Church Of All Nations - SCOAN - Prophet T.B. Joshua\",\"url\":\"https:\\\/\\\/www.scoan.org\\\/pt-pt\\\/\",\"logo\":{\"@type\":\"ImageObject\",\"inLanguage\":\"pt-PT\",\"@id\":\"https:\\\/\\\/www.scoan.org\\\/pt-pt\\\/#\\\/schema\\\/logo\\\/image\\\/\",\"url\":\"https:\\\/\\\/www.scoan.org\\\/wp-content\\\/blogs.dir\\\/12\\\/files\\\/2016\\\/08\\\/logo-e1711044614299.png\",\"contentUrl\":\"https:\\\/\\\/www.scoan.org\\\/wp-content\\\/blogs.dir\\\/12\\\/files\\\/2016\\\/08\\\/logo-e1711044614299.png\",\"width\":186,\"height\":85,\"caption\":\"The Synagogue, Church Of All Nations - SCOAN - Prophet T.B. Joshua\"},\"image\":{\"@id\":\"https:\\\/\\\/www.scoan.org\\\/pt-pt\\\/#\\\/schema\\\/logo\\\/image\\\/\"},\"sameAs\":[\"https:\\\/\\\/www.facebook.com\\\/tbjministries\",\"https:\\\/\\\/x.com\\\/SCOANTBJoshua\",\"https:\\\/\\\/www.instagram.com\\\/tbjoshua\"]}]}<\/script>\n<!-- \/ Yoast SEO Premium plugin. -->","yoast_head_json":{"title":"Declara\u00e7\u00e3o de f\u00e9 - The Synagogue, Church Of All Nations - SCOAN - Prophet T.B. Joshua","robots":{"index":"index","follow":"follow","max-snippet":"max-snippet:-1","max-image-preview":"max-image-preview:large","max-video-preview":"max-video-preview:-1"},"canonical":"https:\/\/www.scoan.org\/pt-pt\/declaracao-de-fe\/","og_locale":"pt_PT","og_type":"article","og_title":"Declara\u00e7\u00e3o de f\u00e9","og_description":"O Esp\u00edrito Santo trabalhou com o Pai e o Filho para criar o mundo. O Pai deu Seu Esp\u00edrito para nos tornar semelhantes a Seu Filho, Jesus Cristo. O Jesus Cristo que conhecemos \u00e9 Jesus no poder do Esp\u00edrito Santo. Ele fez uma promessa maravilhosa em Jo\u00e3o 14:16-17: \u201cEu pedirei ao Pai, e Ele vos [&hellip;]","og_url":"https:\/\/www.scoan.org\/pt-pt\/declaracao-de-fe\/","og_site_name":"The Synagogue, Church Of All Nations - SCOAN - Prophet T.B. Joshua","article_publisher":"https:\/\/www.facebook.com\/tbjministries","article_modified_time":"2025-03-01T11:49:43+00:00","twitter_card":"summary_large_image","twitter_site":"@SCOANTBJoshua","twitter_misc":{"Tempo estimado de leitura":"4 minutos"},"schema":{"@context":"https:\/\/schema.org","@graph":[{"@type":"WebPage","@id":"https:\/\/www.scoan.org\/pt-pt\/declaracao-de-fe\/","url":"https:\/\/www.scoan.org\/pt-pt\/declaracao-de-fe\/","name":"Declara\u00e7\u00e3o de f\u00e9 - The Synagogue, Church Of All Nations - SCOAN - Prophet T.B. Joshua","isPartOf":{"@id":"https:\/\/www.scoan.org\/pt-pt\/#website"},"datePublished":"2024-04-16T01:41:26+00:00","dateModified":"2025-03-01T11:49:43+00:00","breadcrumb":{"@id":"https:\/\/www.scoan.org\/pt-pt\/declaracao-de-fe\/#breadcrumb"},"inLanguage":"pt-PT","potentialAction":[{"@type":"ReadAction","target":["https:\/\/www.scoan.org\/pt-pt\/declaracao-de-fe\/"]}]},{"@type":"BreadcrumbList","@id":"https:\/\/www.scoan.org\/pt-pt\/declaracao-de-fe\/#breadcrumb","itemListElement":[{"@type":"ListItem","position":1,"name":"Home","item":"https:\/\/www.scoan.org\/pt-pt\/"},{"@type":"ListItem","position":2,"name":"Declara\u00e7\u00e3o de f\u00e9"}]},{"@type":"WebSite","@id":"https:\/\/www.scoan.org\/pt-pt\/#website","url":"https:\/\/www.scoan.org\/pt-pt\/","name":"The Synagogue, Church Of All Nations - SCOAN - Prophet T.B. Joshua","description":"Founded by Prophet TB Joshua","publisher":{"@id":"https:\/\/www.scoan.org\/pt-pt\/#organization"},"potentialAction":[{"@type":"SearchAction","target":{"@type":"EntryPoint","urlTemplate":"https:\/\/www.scoan.org\/pt-pt\/?s={search_term_string}"},"query-input":{"@type":"PropertyValueSpecification","valueRequired":true,"valueName":"search_term_string"}}],"inLanguage":"pt-PT"},{"@type":"Organization","@id":"https:\/\/www.scoan.org\/pt-pt\/#organization","name":"The Synagogue, Church Of All Nations - SCOAN - Prophet T.B. Joshua","url":"https:\/\/www.scoan.org\/pt-pt\/","logo":{"@type":"ImageObject","inLanguage":"pt-PT","@id":"https:\/\/www.scoan.org\/pt-pt\/#\/schema\/logo\/image\/","url":"https:\/\/www.scoan.org\/wp-content\/blogs.dir\/12\/files\/2016\/08\/logo-e1711044614299.png","contentUrl":"https:\/\/www.scoan.org\/wp-content\/blogs.dir\/12\/files\/2016\/08\/logo-e1711044614299.png","width":186,"height":85,"caption":"The Synagogue, Church Of All Nations - SCOAN - Prophet T.B. Joshua"},"image":{"@id":"https:\/\/www.scoan.org\/pt-pt\/#\/schema\/logo\/image\/"},"sameAs":["https:\/\/www.facebook.com\/tbjministries","https:\/\/x.com\/SCOANTBJoshua","https:\/\/www.instagram.com\/tbjoshua"]}]}},"_links":{"self":[{"href":"https:\/\/www.scoan.org\/pt-pt\/wp-json\/wp\/v2\/pages\/85080","targetHints":{"allow":["GET"]}}],"collection":[{"href":"https:\/\/www.scoan.org\/pt-pt\/wp-json\/wp\/v2\/pages"}],"about":[{"href":"https:\/\/www.scoan.org\/pt-pt\/wp-json\/wp\/v2\/types\/page"}],"author":[{"embeddable":true,"href":"https:\/\/www.scoan.org\/pt-pt\/wp-json\/wp\/v2\/users\/73"}],"replies":[{"embeddable":true,"href":"https:\/\/www.scoan.org\/pt-pt\/wp-json\/wp\/v2\/comments?post=85080"}],"version-history":[{"count":2,"href":"https:\/\/www.scoan.org\/pt-pt\/wp-json\/wp\/v2\/pages\/85080\/revisions"}],"predecessor-version":[{"id":104034,"href":"https:\/\/www.scoan.org\/pt-pt\/wp-json\/wp\/v2\/pages\/85080\/revisions\/104034"}],"wp:attachment":[{"href":"https:\/\/www.scoan.org\/pt-pt\/wp-json\/wp\/v2\/media?parent=85080"}],"curies":[{"name":"wp","href":"https:\/\/api.w.org\/{rel}","templated":true}]}}