{"id":85065,"date":"2024-04-16T00:05:51","date_gmt":"2024-04-16T00:05:51","guid":{"rendered":"https:\/\/www.scoan.org\/ferramentas-de-fe\/"},"modified":"2024-10-07T08:58:57","modified_gmt":"2024-10-07T08:58:57","slug":"ferramentas-de-fe","status":"publish","type":"page","link":"https:\/\/www.scoan.org\/pt-pt\/ferramentas-de-fe\/","title":{"rendered":"Ferramentas de f\u00e9"},"content":{"rendered":"\t\t<div data-elementor-type=\"wp-page\" data-elementor-id=\"85065\" class=\"elementor elementor-85065\" data-elementor-post-type=\"page\">\n\t\t\t\t<div class=\"elementor-element elementor-element-4b9ba6d e-flex e-con-boxed e-con e-parent\" data-id=\"4b9ba6d\" data-element_type=\"container\" data-settings=\"{&quot;background_background&quot;:&quot;slideshow&quot;,&quot;background_slideshow_gallery&quot;:[{&quot;id&quot;:&quot;81116&quot;,&quot;url&quot;:&quot;https:\\\/\\\/www.scoan.org\\\/wp-content\\\/blogs.dir\\\/12\\\/files\\\/2024\\\/03\\\/MER-7-1-scaled-e1710010540300.jpg&quot;},{&quot;id&quot;:&quot;81666&quot;,&quot;url&quot;:&quot;https:\\\/\\\/www.scoan.org\\\/wp-content\\\/blogs.dir\\\/12\\\/files\\\/2024\\\/03\\\/daddy-holding-anointing-water-2-scaled.jpg&quot;},{&quot;id&quot;:&quot;80535&quot;,&quot;url&quot;:&quot;https:\\\/\\\/www.scoan.org\\\/wp-content\\\/blogs.dir\\\/12\\\/files\\\/2024\\\/03\\\/MER-7-scaled.jpg&quot;},{&quot;id&quot;:&quot;81667&quot;,&quot;url&quot;:&quot;https:\\\/\\\/www.scoan.org\\\/wp-content\\\/blogs.dir\\\/12\\\/files\\\/2024\\\/03\\\/MER-5-1-scaled.jpg&quot;},{&quot;id&quot;:&quot;80257&quot;,&quot;url&quot;:&quot;https:\\\/\\\/www.scoan.org\\\/wp-content\\\/blogs.dir\\\/12\\\/files\\\/2024\\\/03\\\/1-1-scaled.jpg&quot;},{&quot;id&quot;:&quot;80190&quot;,&quot;url&quot;:&quot;https:\\\/\\\/www.scoan.org\\\/wp-content\\\/blogs.dir\\\/12\\\/files\\\/2024\\\/03\\\/4-1-scaled.jpg&quot;},{&quot;id&quot;:&quot;80185&quot;,&quot;url&quot;:&quot;https:\\\/\\\/www.scoan.org\\\/wp-content\\\/blogs.dir\\\/12\\\/files\\\/2024\\\/03\\\/8-scaled.jpg&quot;},{&quot;id&quot;:&quot;80193&quot;,&quot;url&quot;:&quot;https:\\\/\\\/www.scoan.org\\\/wp-content\\\/blogs.dir\\\/12\\\/files\\\/2024\\\/03\\\/7-scaled.jpg&quot;}],&quot;background_slideshow_lazyload&quot;:&quot;yes&quot;,&quot;background_slideshow_ken_burns&quot;:&quot;yes&quot;,&quot;background_slideshow_loop&quot;:&quot;yes&quot;,&quot;background_slideshow_slide_duration&quot;:5000,&quot;background_slideshow_slide_transition&quot;:&quot;fade&quot;,&quot;background_slideshow_transition_duration&quot;:500,&quot;background_slideshow_ken_burns_zoom_direction&quot;:&quot;in&quot;}\">\n\t\t\t\t\t<div class=\"e-con-inner\">\n\t\t\t\t\t<\/div>\n\t\t\t\t<\/div>\n\t\t<div class=\"elementor-element elementor-element-e6119f3 e-flex e-con-boxed e-con e-parent\" data-id=\"e6119f3\" data-element_type=\"container\" data-settings=\"{&quot;background_background&quot;:&quot;classic&quot;}\">\n\t\t\t\t\t<div class=\"e-con-inner\">\n\t\t<div class=\"elementor-element elementor-element-9d8d780 e-flex e-con-boxed e-con e-child\" data-id=\"9d8d780\" data-element_type=\"container\" data-settings=\"{&quot;background_background&quot;:&quot;classic&quot;}\">\n\t\t\t\t\t<div class=\"e-con-inner\">\n\t\t\t\t<div class=\"elementor-element elementor-element-5e7e449 elementor-widget elementor-widget-heading\" data-id=\"5e7e449\" data-element_type=\"widget\" data-widget_type=\"heading.default\">\n\t\t\t\t<div class=\"elementor-widget-container\">\n\t\t\t\t\t<h3 class=\"elementor-heading-title elementor-size-default\">\u00c1gua da Un\u00e7\u00e3o \/ Adesivo &amp; pulseira da f\u00e9<\/h3>\t\t\t\t<\/div>\n\t\t\t\t<\/div>\n\t\t\t\t<div class=\"elementor-element elementor-element-5495886 elementor-widget elementor-widget-heading\" data-id=\"5495886\" data-element_type=\"widget\" data-widget_type=\"heading.default\">\n\t\t\t\t<div class=\"elementor-widget-container\">\n\t\t\t\t\t<div class=\"elementor-heading-title elementor-size-default\">NAS ESCRITURAS, VEMOS CLARAS PROVAS DE QUE DEUS PODE USAR QUALQUER MEIO PARA SE EXPRESSAR:<\/div>\t\t\t\t<\/div>\n\t\t\t\t<\/div>\n\t\t\t\t<div class=\"elementor-element elementor-element-212efef elementor-widget-divider--view-line elementor-widget elementor-widget-divider\" data-id=\"212efef\" data-element_type=\"widget\" data-widget_type=\"divider.default\">\n\t\t\t\t<div class=\"elementor-widget-container\">\n\t\t\t\t\t\t\t<div class=\"elementor-divider\">\n\t\t\t<span class=\"elementor-divider-separator\">\n\t\t\t\t\t\t<\/span>\n\t\t<\/div>\n\t\t\t\t\t\t<\/div>\n\t\t\t\t<\/div>\n\t\t\t\t<div class=\"elementor-element elementor-element-9148acd elementor-widget elementor-widget-text-editor\" data-id=\"9148acd\" data-element_type=\"widget\" data-widget_type=\"text-editor.default\">\n\t\t\t\t<div class=\"elementor-widget-container\">\n\t\t\t\t\t\t\t\t\t<ul class=\"fusion-checklist fusion-checklist-1\">\n<li class=\"fusion-li-item\">\n<div class=\"fusion-li-item-content\">\n<p>Em\u00a0Atos 19:11-12, Deus usou o len\u00e7o e os aventais de Paulo para curar os enfermos.<\/p>\n<p>Em\u00a0\u00caxodo 14:16, Deus usou o cajado de Mois\u00e9s para dividir o Mar Vermelho.<\/p>\n<p>Em\u00a0Atos 3:6, Deus usou a voz de Seus servos, Pedro e Jo\u00e3o, para ressuscitar um homem aleijado.<\/p>\n<p>Em\u00a02 Reis 5:14,\u00a0Deus usou um rio sujo para curar Namaan.<\/p>\n<p>Em\u00a0Atos 2:1-2, Deus se expressou por meio do som na \u00e9poca do Pentecostes<\/p>\n<p>Em 1 Samuel 17:49, Deus usou a catapulta de Davi para derrotar o gigante Golias.<\/p>\n<p>Em\u00a0Jo\u00e3o 9:6-7, Jesus usou lama e saliva para curar um homem cego.<\/p>\n<p>Em\u00a0Atos 5:15-16, Deus usou a sombra de Pedro para curar os enfermos.<\/p>\n<\/div>\n<\/li>\n<\/ul>\n\t\t\t\t\t\t\t\t<\/div>\n\t\t\t\t<\/div>\n\t\t\t\t<div class=\"elementor-element elementor-element-2eaa8fa elementor-widget elementor-widget-heading\" data-id=\"2eaa8fa\" data-element_type=\"widget\" data-widget_type=\"heading.default\">\n\t\t\t\t<div class=\"elementor-widget-container\">\n\t\t\t\t\t<div class=\"elementor-heading-title elementor-size-default\">ALGUNS DOS M\u00c9TODOS QUE DEUS EST\u00c1 USANDO NA SCOAN, S\u00c3O AS FERRAMENTAS DE F\u00c9.<\/div>\t\t\t\t<\/div>\n\t\t\t\t<\/div>\n\t\t\t\t<div class=\"elementor-element elementor-element-fbabb5c elementor-widget elementor-widget-text-editor\" data-id=\"fbabb5c\" data-element_type=\"widget\" data-widget_type=\"text-editor.default\">\n\t\t\t\t<div class=\"elementor-widget-container\">\n\t\t\t\t\t\t\t\t\t<img loading=\"lazy\" decoding=\"async\" class=\"alignleft size-full wp-image-34509\" src=\"https:\/\/www.scoan.org\/wp-content\/blogs.dir\/12\/files\/2021\/03\/banner-n-aw-s.jpg\" alt=\"\" width=\"286\" height=\"300\" srcset=\"https:\/\/www.scoan.org\/wp-content\/blogs.dir\/12\/files\/2021\/03\/banner-n-aw-s.jpg 286w, https:\/\/www.scoan.org\/wp-content\/blogs.dir\/12\/files\/2021\/03\/banner-n-aw-s-200x210.jpg 200w\" sizes=\"auto, (max-width: 286px) 100vw, 286px\" \/>\r\n\r\nDe acordo com o Profeta T.B. Joshua: \u201cAo usar as Ferramentas de F\u00e9, voc\u00ea est\u00e1 simbolicamente se destacando para receber a aten\u00e7\u00e3o especial de Jesus Cristo ao orar com f\u00e9. Quero dizer, voc\u00ea est\u00e1 posicionado para miseric\u00f3rdia, favor, cura, liberta\u00e7\u00e3o, ben\u00e7\u00e3o, prosperidade e fertilidade. N\u00e3o s\u00e3o as Ferramentas da F\u00e9 que curam os enfermos, mas o pr\u00f3prio Jesus Cristo. Deve haver f\u00e9 tanto na pessoa que ora quanto na pessoa por quem ora. A ora\u00e7\u00e3o deve proceder e ser acompanhada por uma f\u00e9 viva. \u00c9 isto que provoca a cura, n\u00e3o as Ferramentas da F\u00e9.\u201d\r\n\r\n*Observe \u2013 as Ferramentas de F\u00e9 est\u00e3o dispon\u00edveis SOMENTE na Sinagoga, Sede da Igreja de Todas as Na\u00e7\u00f5es (SCOAN) em Lagos, Nig\u00e9ria. Eles n\u00e3o est\u00e3o \u00e0 venda.\r\n\r\nCuidado com quaisquer impostores que afirmam ser a Pastora Evelyn Joshua ou que representam a Sinagoga, Igreja de Todas as Na\u00e7\u00f5es e exigem dinheiro em nome de qualquer um dos itens acima com a promessa de fornecer Ferramentas de F\u00e9 ou outros materiais ungidos do minist\u00e9rio.\r\n\r\nCura, salva\u00e7\u00e3o e todas as ben\u00e7\u00e3os de Deus s\u00e3o d\u00e1divas gratuitas de Deus. Jesus Cristo pagou pela nossa cura perfeita e completa quando morreu na cruz. Vigie e ore, para n\u00e3o cair em tenta\u00e7\u00e3o (Mateus 26:41).\t\t\t\t\t\t\t\t<\/div>\n\t\t\t\t<\/div>\n\t\t\t\t\t<\/div>\n\t\t\t\t<\/div>\n\t\t\t\t\t<\/div>\n\t\t\t\t<\/div>\n\t\t\t\t<\/div>\n\t\t","protected":false},"excerpt":{"rendered":"<p>\u00c1gua da Un\u00e7\u00e3o \/ Adesivo &amp; pulseira da f\u00e9 NAS ESCRITURAS, VEMOS CLARAS PROVAS DE QUE DEUS PODE USAR QUALQUER MEIO PARA SE EXPRESSAR: Em\u00a0Atos 19:11-12, Deus usou o len\u00e7o e os aventais de Paulo para curar os enfermos. Em\u00a0\u00caxodo 14:16, Deus usou o cajado de Mois\u00e9s para dividir o Mar Vermelho. Em\u00a0Atos 3:6, Deus [&hellip;]<\/p>\n","protected":false},"author":73,"featured_media":0,"parent":0,"menu_order":0,"comment_status":"closed","ping_status":"closed","template":"elementor_header_footer","meta":{"_vp_format_video_url":"","_vp_image_focal_point":[],"footnotes":""},"class_list":["post-85065","page","type-page","status-publish","hentry"],"yoast_head":"<!-- This site is optimized with the Yoast SEO Premium plugin v25.3.1 (Yoast SEO v27.3) - https:\/\/yoast.com\/product\/yoast-seo-premium-wordpress\/ -->\n<title>Ferramentas de f\u00e9 - The Synagogue, Church Of All Nations - SCOAN - Prophet T.B. Joshua<\/title>\n<meta name=\"robots\" content=\"index, follow, max-snippet:-1, max-image-preview:large, max-video-preview:-1\" \/>\n<link rel=\"canonical\" href=\"https:\/\/www.scoan.org\/pt-pt\/ferramentas-de-fe\/\" \/>\n<meta property=\"og:locale\" content=\"pt_PT\" \/>\n<meta property=\"og:type\" content=\"article\" \/>\n<meta property=\"og:title\" content=\"Ferramentas de f\u00e9\" \/>\n<meta property=\"og:description\" content=\"\u00c1gua da Un\u00e7\u00e3o \/ Adesivo &amp; pulseira da f\u00e9 NAS ESCRITURAS, VEMOS CLARAS PROVAS DE QUE DEUS PODE USAR QUALQUER MEIO PARA SE EXPRESSAR: Em\u00a0Atos 19:11-12, Deus usou o len\u00e7o e os aventais de Paulo para curar os enfermos. Em\u00a0\u00caxodo 14:16, Deus usou o cajado de Mois\u00e9s para dividir o Mar Vermelho. Em\u00a0Atos 3:6, Deus [&hellip;]\" \/>\n<meta property=\"og:url\" content=\"https:\/\/www.scoan.org\/pt-pt\/ferramentas-de-fe\/\" \/>\n<meta property=\"og:site_name\" content=\"The Synagogue, Church Of All Nations - SCOAN - Prophet T.B. Joshua\" \/>\n<meta property=\"article:publisher\" content=\"https:\/\/www.facebook.com\/tbjministries\" \/>\n<meta property=\"article:modified_time\" content=\"2024-10-07T08:58:57+00:00\" \/>\n<meta property=\"og:image\" content=\"https:\/\/www.scoan.org\/wp-content\/blogs.dir\/12\/files\/2021\/03\/banner-n-aw-s.jpg\" \/>\n<meta name=\"twitter:card\" content=\"summary_large_image\" \/>\n<meta name=\"twitter:site\" content=\"@SCOANTBJoshua\" \/>\n<meta name=\"twitter:label1\" content=\"Tempo estimado de leitura\" \/>\n\t<meta name=\"twitter:data1\" content=\"2 minutos\" \/>\n<script type=\"application\/ld+json\" class=\"yoast-schema-graph\">{\"@context\":\"https:\\\/\\\/schema.org\",\"@graph\":[{\"@type\":\"WebPage\",\"@id\":\"https:\\\/\\\/www.scoan.org\\\/pt-pt\\\/ferramentas-de-fe\\\/\",\"url\":\"https:\\\/\\\/www.scoan.org\\\/pt-pt\\\/ferramentas-de-fe\\\/\",\"name\":\"Ferramentas de f\u00e9 - The Synagogue, Church Of All Nations - SCOAN - Prophet T.B. Joshua\",\"isPartOf\":{\"@id\":\"https:\\\/\\\/www.scoan.org\\\/pt-pt\\\/#website\"},\"primaryImageOfPage\":{\"@id\":\"https:\\\/\\\/www.scoan.org\\\/pt-pt\\\/ferramentas-de-fe\\\/#primaryimage\"},\"image\":{\"@id\":\"https:\\\/\\\/www.scoan.org\\\/pt-pt\\\/ferramentas-de-fe\\\/#primaryimage\"},\"thumbnailUrl\":\"https:\\\/\\\/www.scoan.org\\\/wp-content\\\/blogs.dir\\\/12\\\/files\\\/2021\\\/03\\\/banner-n-aw-s.jpg\",\"datePublished\":\"2024-04-16T00:05:51+00:00\",\"dateModified\":\"2024-10-07T08:58:57+00:00\",\"breadcrumb\":{\"@id\":\"https:\\\/\\\/www.scoan.org\\\/pt-pt\\\/ferramentas-de-fe\\\/#breadcrumb\"},\"inLanguage\":\"pt-PT\",\"potentialAction\":[{\"@type\":\"ReadAction\",\"target\":[\"https:\\\/\\\/www.scoan.org\\\/pt-pt\\\/ferramentas-de-fe\\\/\"]}]},{\"@type\":\"ImageObject\",\"inLanguage\":\"pt-PT\",\"@id\":\"https:\\\/\\\/www.scoan.org\\\/pt-pt\\\/ferramentas-de-fe\\\/#primaryimage\",\"url\":\"https:\\\/\\\/www.scoan.org\\\/wp-content\\\/blogs.dir\\\/12\\\/files\\\/2021\\\/03\\\/banner-n-aw-s.jpg\",\"contentUrl\":\"https:\\\/\\\/www.scoan.org\\\/wp-content\\\/blogs.dir\\\/12\\\/files\\\/2021\\\/03\\\/banner-n-aw-s.jpg\"},{\"@type\":\"BreadcrumbList\",\"@id\":\"https:\\\/\\\/www.scoan.org\\\/pt-pt\\\/ferramentas-de-fe\\\/#breadcrumb\",\"itemListElement\":[{\"@type\":\"ListItem\",\"position\":1,\"name\":\"Home\",\"item\":\"https:\\\/\\\/www.scoan.org\\\/pt-pt\\\/\"},{\"@type\":\"ListItem\",\"position\":2,\"name\":\"Ferramentas de f\u00e9\"}]},{\"@type\":\"WebSite\",\"@id\":\"https:\\\/\\\/www.scoan.org\\\/pt-pt\\\/#website\",\"url\":\"https:\\\/\\\/www.scoan.org\\\/pt-pt\\\/\",\"name\":\"The Synagogue, Church Of All Nations - SCOAN - Prophet T.B. Joshua\",\"description\":\"Founded by Prophet TB Joshua\",\"publisher\":{\"@id\":\"https:\\\/\\\/www.scoan.org\\\/pt-pt\\\/#organization\"},\"potentialAction\":[{\"@type\":\"SearchAction\",\"target\":{\"@type\":\"EntryPoint\",\"urlTemplate\":\"https:\\\/\\\/www.scoan.org\\\/pt-pt\\\/?s={search_term_string}\"},\"query-input\":{\"@type\":\"PropertyValueSpecification\",\"valueRequired\":true,\"valueName\":\"search_term_string\"}}],\"inLanguage\":\"pt-PT\"},{\"@type\":\"Organization\",\"@id\":\"https:\\\/\\\/www.scoan.org\\\/pt-pt\\\/#organization\",\"name\":\"The Synagogue, Church Of All Nations - SCOAN - Prophet T.B. Joshua\",\"url\":\"https:\\\/\\\/www.scoan.org\\\/pt-pt\\\/\",\"logo\":{\"@type\":\"ImageObject\",\"inLanguage\":\"pt-PT\",\"@id\":\"https:\\\/\\\/www.scoan.org\\\/pt-pt\\\/#\\\/schema\\\/logo\\\/image\\\/\",\"url\":\"https:\\\/\\\/www.scoan.org\\\/wp-content\\\/blogs.dir\\\/12\\\/files\\\/2016\\\/08\\\/logo-e1711044614299.png\",\"contentUrl\":\"https:\\\/\\\/www.scoan.org\\\/wp-content\\\/blogs.dir\\\/12\\\/files\\\/2016\\\/08\\\/logo-e1711044614299.png\",\"width\":186,\"height\":85,\"caption\":\"The Synagogue, Church Of All Nations - SCOAN - Prophet T.B. Joshua\"},\"image\":{\"@id\":\"https:\\\/\\\/www.scoan.org\\\/pt-pt\\\/#\\\/schema\\\/logo\\\/image\\\/\"},\"sameAs\":[\"https:\\\/\\\/www.facebook.com\\\/tbjministries\",\"https:\\\/\\\/x.com\\\/SCOANTBJoshua\",\"https:\\\/\\\/www.instagram.com\\\/tbjoshua\"]}]}<\/script>\n<!-- \/ Yoast SEO Premium plugin. -->","yoast_head_json":{"title":"Ferramentas de f\u00e9 - The Synagogue, Church Of All Nations - SCOAN - Prophet T.B. Joshua","robots":{"index":"index","follow":"follow","max-snippet":"max-snippet:-1","max-image-preview":"max-image-preview:large","max-video-preview":"max-video-preview:-1"},"canonical":"https:\/\/www.scoan.org\/pt-pt\/ferramentas-de-fe\/","og_locale":"pt_PT","og_type":"article","og_title":"Ferramentas de f\u00e9","og_description":"\u00c1gua da Un\u00e7\u00e3o \/ Adesivo &amp; pulseira da f\u00e9 NAS ESCRITURAS, VEMOS CLARAS PROVAS DE QUE DEUS PODE USAR QUALQUER MEIO PARA SE EXPRESSAR: Em\u00a0Atos 19:11-12, Deus usou o len\u00e7o e os aventais de Paulo para curar os enfermos. Em\u00a0\u00caxodo 14:16, Deus usou o cajado de Mois\u00e9s para dividir o Mar Vermelho. Em\u00a0Atos 3:6, Deus [&hellip;]","og_url":"https:\/\/www.scoan.org\/pt-pt\/ferramentas-de-fe\/","og_site_name":"The Synagogue, Church Of All Nations - SCOAN - Prophet T.B. Joshua","article_publisher":"https:\/\/www.facebook.com\/tbjministries","article_modified_time":"2024-10-07T08:58:57+00:00","og_image":[{"url":"https:\/\/www.scoan.org\/wp-content\/blogs.dir\/12\/files\/2021\/03\/banner-n-aw-s.jpg","type":"","width":"","height":""}],"twitter_card":"summary_large_image","twitter_site":"@SCOANTBJoshua","twitter_misc":{"Tempo estimado de leitura":"2 minutos"},"schema":{"@context":"https:\/\/schema.org","@graph":[{"@type":"WebPage","@id":"https:\/\/www.scoan.org\/pt-pt\/ferramentas-de-fe\/","url":"https:\/\/www.scoan.org\/pt-pt\/ferramentas-de-fe\/","name":"Ferramentas de f\u00e9 - The Synagogue, Church Of All Nations - SCOAN - Prophet T.B. Joshua","isPartOf":{"@id":"https:\/\/www.scoan.org\/pt-pt\/#website"},"primaryImageOfPage":{"@id":"https:\/\/www.scoan.org\/pt-pt\/ferramentas-de-fe\/#primaryimage"},"image":{"@id":"https:\/\/www.scoan.org\/pt-pt\/ferramentas-de-fe\/#primaryimage"},"thumbnailUrl":"https:\/\/www.scoan.org\/wp-content\/blogs.dir\/12\/files\/2021\/03\/banner-n-aw-s.jpg","datePublished":"2024-04-16T00:05:51+00:00","dateModified":"2024-10-07T08:58:57+00:00","breadcrumb":{"@id":"https:\/\/www.scoan.org\/pt-pt\/ferramentas-de-fe\/#breadcrumb"},"inLanguage":"pt-PT","potentialAction":[{"@type":"ReadAction","target":["https:\/\/www.scoan.org\/pt-pt\/ferramentas-de-fe\/"]}]},{"@type":"ImageObject","inLanguage":"pt-PT","@id":"https:\/\/www.scoan.org\/pt-pt\/ferramentas-de-fe\/#primaryimage","url":"https:\/\/www.scoan.org\/wp-content\/blogs.dir\/12\/files\/2021\/03\/banner-n-aw-s.jpg","contentUrl":"https:\/\/www.scoan.org\/wp-content\/blogs.dir\/12\/files\/2021\/03\/banner-n-aw-s.jpg"},{"@type":"BreadcrumbList","@id":"https:\/\/www.scoan.org\/pt-pt\/ferramentas-de-fe\/#breadcrumb","itemListElement":[{"@type":"ListItem","position":1,"name":"Home","item":"https:\/\/www.scoan.org\/pt-pt\/"},{"@type":"ListItem","position":2,"name":"Ferramentas de f\u00e9"}]},{"@type":"WebSite","@id":"https:\/\/www.scoan.org\/pt-pt\/#website","url":"https:\/\/www.scoan.org\/pt-pt\/","name":"The Synagogue, Church Of All Nations - SCOAN - Prophet T.B. Joshua","description":"Founded by Prophet TB Joshua","publisher":{"@id":"https:\/\/www.scoan.org\/pt-pt\/#organization"},"potentialAction":[{"@type":"SearchAction","target":{"@type":"EntryPoint","urlTemplate":"https:\/\/www.scoan.org\/pt-pt\/?s={search_term_string}"},"query-input":{"@type":"PropertyValueSpecification","valueRequired":true,"valueName":"search_term_string"}}],"inLanguage":"pt-PT"},{"@type":"Organization","@id":"https:\/\/www.scoan.org\/pt-pt\/#organization","name":"The Synagogue, Church Of All Nations - SCOAN - Prophet T.B. Joshua","url":"https:\/\/www.scoan.org\/pt-pt\/","logo":{"@type":"ImageObject","inLanguage":"pt-PT","@id":"https:\/\/www.scoan.org\/pt-pt\/#\/schema\/logo\/image\/","url":"https:\/\/www.scoan.org\/wp-content\/blogs.dir\/12\/files\/2016\/08\/logo-e1711044614299.png","contentUrl":"https:\/\/www.scoan.org\/wp-content\/blogs.dir\/12\/files\/2016\/08\/logo-e1711044614299.png","width":186,"height":85,"caption":"The Synagogue, Church Of All Nations - SCOAN - Prophet T.B. Joshua"},"image":{"@id":"https:\/\/www.scoan.org\/pt-pt\/#\/schema\/logo\/image\/"},"sameAs":["https:\/\/www.facebook.com\/tbjministries","https:\/\/x.com\/SCOANTBJoshua","https:\/\/www.instagram.com\/tbjoshua"]}]}},"_links":{"self":[{"href":"https:\/\/www.scoan.org\/pt-pt\/wp-json\/wp\/v2\/pages\/85065","targetHints":{"allow":["GET"]}}],"collection":[{"href":"https:\/\/www.scoan.org\/pt-pt\/wp-json\/wp\/v2\/pages"}],"about":[{"href":"https:\/\/www.scoan.org\/pt-pt\/wp-json\/wp\/v2\/types\/page"}],"author":[{"embeddable":true,"href":"https:\/\/www.scoan.org\/pt-pt\/wp-json\/wp\/v2\/users\/73"}],"replies":[{"embeddable":true,"href":"https:\/\/www.scoan.org\/pt-pt\/wp-json\/wp\/v2\/comments?post=85065"}],"version-history":[{"count":2,"href":"https:\/\/www.scoan.org\/pt-pt\/wp-json\/wp\/v2\/pages\/85065\/revisions"}],"predecessor-version":[{"id":95275,"href":"https:\/\/www.scoan.org\/pt-pt\/wp-json\/wp\/v2\/pages\/85065\/revisions\/95275"}],"wp:attachment":[{"href":"https:\/\/www.scoan.org\/pt-pt\/wp-json\/wp\/v2\/media?parent=85065"}],"curies":[{"name":"wp","href":"https:\/\/api.w.org\/{rel}","templated":true}]}}