{"id":85048,"date":"2024-04-15T23:02:48","date_gmt":"2024-04-15T23:02:48","guid":{"rendered":"https:\/\/www.scoan.org\/transferencia-bancaria\/"},"modified":"2024-12-11T11:45:29","modified_gmt":"2024-12-11T11:45:29","slug":"transferencia-bancaria","status":"publish","type":"page","link":"https:\/\/www.scoan.org\/pt-pt\/transferencia-bancaria\/","title":{"rendered":"Transfer\u00eancia Banc\u00e1ria"},"content":{"rendered":"\t\t<div data-elementor-type=\"wp-page\" data-elementor-id=\"85048\" class=\"elementor elementor-85048\" data-elementor-post-type=\"page\">\n\t\t\t\t<div class=\"elementor-element elementor-element-69d66dc e-flex e-con-boxed e-con e-parent\" data-id=\"69d66dc\" data-element_type=\"container\" data-settings=\"{&quot;background_background&quot;:&quot;classic&quot;}\">\n\t\t\t\t\t<div class=\"e-con-inner\">\n\t\t\t\t<div class=\"elementor-element elementor-element-a78a4f3 elementor-widget elementor-widget-heading\" data-id=\"a78a4f3\" data-element_type=\"widget\" data-widget_type=\"heading.default\">\n\t\t\t\t<div class=\"elementor-widget-container\">\n\t\t\t\t\t<h3 class=\"elementor-heading-title elementor-size-default\">Transfer\u00eancia Banc\u00e1ria<\/h3>\t\t\t\t<\/div>\n\t\t\t\t<\/div>\n\t\t\t\t\t<\/div>\n\t\t\t\t<\/div>\n\t\t<div class=\"elementor-element elementor-element-2c4feff e-flex e-con-boxed e-con e-parent\" data-id=\"2c4feff\" data-element_type=\"container\">\n\t\t\t\t\t<div class=\"e-con-inner\">\n\t\t\t\t<div class=\"elementor-element elementor-element-bf03cff elementor-tabs-view-horizontal elementor-widget elementor-widget-tabs\" data-id=\"bf03cff\" data-element_type=\"widget\" data-widget_type=\"tabs.default\">\n\t\t\t\t<div class=\"elementor-widget-container\">\n\t\t\t\t\t\t\t<div class=\"elementor-tabs\">\n\t\t\t<div class=\"elementor-tabs-wrapper\" role=\"tablist\" >\n\t\t\t\t\t\t\t\t\t<div id=\"elementor-tab-title-2001\" class=\"elementor-tab-title elementor-tab-desktop-title\" aria-selected=\"true\" data-tab=\"1\" role=\"tab\" tabindex=\"0\" aria-controls=\"elementor-tab-content-2001\" aria-expanded=\"false\">TRANSFER\u00caNCIA EM D\u00d3LAR<\/div>\n\t\t\t\t\t\t\t\t\t<div id=\"elementor-tab-title-2002\" class=\"elementor-tab-title elementor-tab-desktop-title\" aria-selected=\"false\" data-tab=\"2\" role=\"tab\" tabindex=\"-1\" aria-controls=\"elementor-tab-content-2002\" aria-expanded=\"false\">TRANSFER\u00caNCIA EM EURO<\/div>\n\t\t\t\t\t\t\t\t\t<div id=\"elementor-tab-title-2003\" class=\"elementor-tab-title elementor-tab-desktop-title\" aria-selected=\"false\" data-tab=\"3\" role=\"tab\" tabindex=\"-1\" aria-controls=\"elementor-tab-content-2003\" aria-expanded=\"false\">TRANSFER\u00caNCIA EM LIBRA ESTERLINA<\/div>\n\t\t\t\t\t\t\t\t\t<div id=\"elementor-tab-title-2004\" class=\"elementor-tab-title elementor-tab-desktop-title\" aria-selected=\"false\" data-tab=\"4\" role=\"tab\" tabindex=\"-1\" aria-controls=\"elementor-tab-content-2004\" aria-expanded=\"false\">TRANSFER\u00caNCIA EM NAIRA<\/div>\n\t\t\t\t\t\t\t<\/div>\n\t\t\t<div class=\"elementor-tabs-content-wrapper\" role=\"tablist\" aria-orientation=\"vertical\">\n\t\t\t\t\t\t\t\t\t<div class=\"elementor-tab-title elementor-tab-mobile-title\" aria-selected=\"true\" data-tab=\"1\" role=\"tab\" tabindex=\"0\" aria-controls=\"elementor-tab-content-2001\" aria-expanded=\"false\">TRANSFER\u00caNCIA EM D\u00d3LAR<\/div>\n\t\t\t\t\t<div id=\"elementor-tab-content-2001\" class=\"elementor-tab-content elementor-clearfix\" data-tab=\"1\" role=\"tabpanel\" aria-labelledby=\"elementor-tab-title-2001\" tabindex=\"0\" hidden=\"false\"><p>Por favor, use as informa\u00e7\u00f5es a seguir para efetuar uma transfer\u00eancia banc\u00e1ria em d\u00f3lar americano para a conta banc\u00e1ria da Sinagoga, Igreja de Todas as Na\u00e7\u00f5es. Tanto os dados do banco intermedi\u00e1rio quanto os dados do banco do benefici\u00e1rio s\u00e3o obrigat\u00f3rios.<\/p>\n<p>Envie um e-mail para info@scoan.org, ap\u00f3s efetuar a transfer\u00eancia, para nos informar de que a transa\u00e7\u00e3o foi realizada com sucesso.<\/p>\n<p>STANDART CHARTERED<\/p>\n<h4>(PASSO 1) INFORMA\u00c7\u00c3O DO BANCO INTERMEDI\u00c1RIO EM NOVA YORK (E.U.A)<\/h4>\n<p><strong>Nome do Banco Intermedi\u00e1rio<\/strong>:\u00a0\u00a0Standard Chartered Bank NY<\/p>\n<p><strong>Endere\u00e7o do Banco Intermedi\u00e1rio<\/strong>:<br \/>\nOne Madison Avenue<br \/>\nNew York, New York 10010-3603<\/p>\n<p><strong>C\u00f3digo SWIFT do Intermedi\u00e1rio<\/strong>:\u00a0 SCBLUS33<\/p>\n<p><strong>N\u00famero ABA do Intermedi\u00e1rio<\/strong>:\u00a0 026002561<\/p>\n<p><strong>N\u00famero da Conta do Intermedi\u00e1rio<\/strong>:\u00a0 3582-088704-001<\/p>\n<p><strong>(PASSO 2) INFORMA\u00c7\u00c3O DO BANCO DO BENEFICI\u00c1RIO NA NIG\u00c9RIA (CR\u00c9DITO ADICIONAL)<\/strong><\/p>\n<p><strong>Nome do Benefici\u00e1rio<\/strong>:\u00a0\u00a0The Synagogue, Church Of All Nations<\/p>\n<p><strong>Nome do Banco do Benefici\u00e1rio<\/strong>:\u00a0\u00a0Standard Chartered Bank Nigeria<\/p>\n<p><strong>Endere\u00e7o do Banco do Benefici\u00e1rio<\/strong>:<br \/>\n105B Ajose Adeogun Street,<br \/>\nVictoria Island<br \/>\nLagos, Nigeria<\/p>\n<p><strong>N\u00famero da Conta (Nig\u00e9ria)<\/strong>:\u00a0USD 0000003768<\/p>\n<p><strong>C\u00f3digo Swift do Benefici\u00e1rio<\/strong>:\u00a0SCBLNGLA<\/p>\n<p>______________________________________<\/p>\n<h3><strong>UBA<\/strong><\/h3>\n<h4>(PASSO 1) INFORMA\u00c7\u00c3O DO BANCO INTERMEDI\u00c1RIO EM NOVA YORK (E.U.A)<\/h4>\n<p><strong>Nome do Banco Intermedi\u00e1rio<\/strong>:\u00a0Citibank New York<\/p>\n<p><strong>Endere\u00e7o do Banco Intermedi\u00e1rio<\/strong>:<br \/>\nNEW YORK, USA<\/p>\n<p><strong>C\u00f3digo SWIFT do Intermedi\u00e1rio<\/strong>:\u00a0CITIUS33<\/p>\n<p><strong>Roteador No\/ABA do Intermedi\u00e1rio<\/strong>:\u00a0021000089<\/p>\n<p><strong>N\u00famero da Conta do Intermedi\u00e1rio<\/strong>:\u00a036320321<\/p>\n<p><strong>(PASSO 2) INFORMA\u00c7\u00c3O DO BANCO DO BENEFICI\u00c1RIO NA NIG\u00c9RIA (CR\u00c9DITO ADICIONAL)<\/strong><\/p>\n<p><strong>Nome do Benefici\u00e1rio<\/strong>:\u00a0The Synagogue, Church Of All Nations<\/p>\n<p><strong>Endere\u00e7o do Benefici\u00e1rio:\u00a0<\/strong>1 Segun Irefin Street, Ikotun, Lagos<\/p>\n<p><strong>Nome do Banco do Benefici\u00e1rio<\/strong>:\u00a0United Bank For Africa PLC, Nigeria<\/p>\n<p><strong>C\u00f3digo Swift do Benefici\u00e1rio<\/strong>:\u00a0UNAFNGLA<\/p>\n<p><strong>N\u00famero da Conta (Nig\u00e9ria):<\/strong>\u00a03000895216<\/p>\n<\/div>\n\t\t\t\t\t\t\t\t\t<div class=\"elementor-tab-title elementor-tab-mobile-title\" aria-selected=\"false\" data-tab=\"2\" role=\"tab\" tabindex=\"-1\" aria-controls=\"elementor-tab-content-2002\" aria-expanded=\"false\">TRANSFER\u00caNCIA EM EURO<\/div>\n\t\t\t\t\t<div id=\"elementor-tab-content-2002\" class=\"elementor-tab-content elementor-clearfix\" data-tab=\"2\" role=\"tabpanel\" aria-labelledby=\"elementor-tab-title-2002\" tabindex=\"0\" hidden=\"hidden\"><p>Por favor, utilize as informa\u00e7\u00f5es seguintes para efetuar transfer\u00eancias em Euro, para a conta banc\u00e1ria da Sinagoga, Igreja de Todas as Na\u00e7\u00f5es. Tanto os dados do banco intermedi\u00e1rio quanto os dados do banco do benefici\u00e1rio s\u00e3o obrigat\u00f3rios.<\/p>\n<p>Envie um e-mail para info@scoan.org, ap\u00f3s efetuar a transfer\u00eancia, para nos informar de que a transa\u00e7\u00e3o foi realizada com sucesso.<\/p>\n<h3><strong>STANDARD CHARTERED<\/strong><\/h3>\n<p><strong>INFORMA\u00c7\u00c3O DO BANCO DO BENEFICI\u00c1RIO NA NIG\u00c9RIA (CR\u00c9DITO ADICIONAL)<\/strong><\/p>\n<p><strong>Nome do Benefici\u00e1rio<\/strong>:\u00a0The Synagogue, Church Of All Nations<\/p>\n<p><strong>Nome do Banco do Benefici\u00e1rio<\/strong>:\u00a0Standard Chartered Bank Nigeria<\/p>\n<p><strong>Endere\u00e7o do Banco do Benefici\u00e1rio<\/strong>:<br \/>\n105B Ajose Adeogun Street,<br \/>\nVictoria Island<br \/>\nLagos, Nigeria<\/p>\n<p><strong>N\u00famero da Conta (Nig\u00e9ria):<\/strong>\u00a0EUR 0000003744<\/p>\n<p><strong>C\u00f3digo Swift do Benefici\u00e1rio<\/strong>:\u00a0SCBLNGLAPYT<\/p>\n<\/div>\n\t\t\t\t\t\t\t\t\t<div class=\"elementor-tab-title elementor-tab-mobile-title\" aria-selected=\"false\" data-tab=\"3\" role=\"tab\" tabindex=\"-1\" aria-controls=\"elementor-tab-content-2003\" aria-expanded=\"false\">TRANSFER\u00caNCIA EM LIBRA ESTERLINA<\/div>\n\t\t\t\t\t<div id=\"elementor-tab-content-2003\" class=\"elementor-tab-content elementor-clearfix\" data-tab=\"3\" role=\"tabpanel\" aria-labelledby=\"elementor-tab-title-2003\" tabindex=\"0\" hidden=\"hidden\"><p>Para os doadores da SCOAN efetuar D\u00e9bito Direto ao inv\u00e9s de usar o PayPal.<\/p>\n<p>Porfavor use:\u00a0<strong>Emmanuel Global Network(UK) ltd<\/strong><\/p>\n<p>Banco: NatWest<\/p>\n<p>C\u00f3digo de ordena\u00e7\u00e3o: 60-00-01<\/p>\n<p>N\u00famero da Conta: 45723257<\/p>\n<p>BIC\u00a0<strong>NWBKGB2L<\/strong><\/p>\n<p>IBAN\u00a0<strong>GB36NWBK60000139267857<\/strong><\/p>\n<p class=\"p1\">\u2014\u2014\u2014\u2014\u2014\u2014\u2014\u2014\u2014\u2014\u2014\u2014\u2014\u2014\u2014\u2014\u2014\u2014\u2014\u2014\u2014\u2014\u2014\u2014\u2014\u2014\u2014\u2014\u2014\u2014\u2014\u2014\u2014\u2014<\/p>\n<h4>THE BENEFICIARY BANKING DETAILS IN NIGERIA (FURTHER CREDIT)<\/h4>\n<p><strong>Nome do Benefici\u00e1rio<\/strong>:\u00a0The Synagogue, Church Of All Nations<\/p>\n<p><strong>Nome do Banco Intermedi\u00e1rio<\/strong>:\u00a0Standard Chartered Bank Nigeria<\/p>\n<p><strong>Endere\u00e7o do Banco Intermedi\u00e1rio<\/strong>:<br \/>\n105 b Ajose Adeogun Street,<br \/>\nVictoria Island<br \/>\nLagos, Nigeria.<\/p>\n<p><strong>N\u00famero da Conta (Nigeria):\u00a0<\/strong>GBP 0000003751<\/p>\n<p><strong>C\u00f3digo SWIFT do benefici\u00e1rio<\/strong>:\u00a0SCBLNGLA<\/p>\n<\/div>\n\t\t\t\t\t\t\t\t\t<div class=\"elementor-tab-title elementor-tab-mobile-title\" aria-selected=\"false\" data-tab=\"4\" role=\"tab\" tabindex=\"-1\" aria-controls=\"elementor-tab-content-2004\" aria-expanded=\"false\">TRANSFER\u00caNCIA EM NAIRA<\/div>\n\t\t\t\t\t<div id=\"elementor-tab-content-2004\" class=\"elementor-tab-content elementor-clearfix\" data-tab=\"4\" role=\"tabpanel\" aria-labelledby=\"elementor-tab-title-2004\" tabindex=\"0\" hidden=\"hidden\"><p>Por favor, utilize as seguintes informa\u00e7\u00f5es para efetuar transfer\u00eancias em nairas:<\/p>\n<p>&nbsp;<\/p>\n<h4><strong>UBA<\/strong><\/h4>\n<p><strong>Nome do Benefici\u00e1rio<\/strong>:\u00a0\u00a0 \u00a0THE SYNAGOGUE CHURCH OF ALL NATIONS<br \/>\n<strong>N\u00famero da Conta<\/strong>:\u00a0\u00a0 \u00a0 \u00a01008449680<\/p>\n<h4><strong>STANDARD CHARTERED BANK<\/strong><\/h4>\n<p><strong>Nome do Benefici\u00e1rio<\/strong>:\u00a0\u00a0 \u00a0THE SYNAGOGUE CHURCH OF ALL NATIONS<br \/>\n<strong>N\u00famero da Conta<\/strong>:\u00a0\u00a0 \u00a0 NGN0000003737<\/p>\n<h3><\/h3>\n<h4><strong>ZENITH BANK<\/strong><\/h4>\n<p><strong>Nome do Benefici\u00e1rio<\/strong>:\u00a0\u00a0 \u00a0THE SYNAGOGUE CHURCH OF ALL NATIONS<br \/>\n<strong>N\u00famero da Conta<\/strong>:\u00a0\u00a0 \u00a0 1010326168<\/p>\n<h4><strong>FIDELITY BANK<\/strong><\/h4>\n<p><strong>Nome do Benefici\u00e1rio<\/strong>:\u00a0\u00a0 \u00a0THE SYNAGOGUE CHURCH OF ALL NATIONS<br \/>\n<strong>N\u00famero da Conta<\/strong>:\u00a0\u00a0 \u00a0 5210002481<\/p>\n<h4><strong>ECOBANK BANK<\/strong><\/h4>\n<p><strong>Nome do Benefici\u00e1rio<\/strong>:\u00a0\u00a0 \u00a0THE SYNAGOGUE CHURCH OF ALL NATIONS<br \/>\n<strong>N\u00famero da Conta<\/strong>:\u00a0\u00a0 \u00a0 1092005248<\/p>\n<\/div>\n\t\t\t\t\t\t\t<\/div>\n\t\t<\/div>\n\t\t\t\t\t\t<\/div>\n\t\t\t\t<\/div>\n\t\t\t\t\t<\/div>\n\t\t\t\t<\/div>\n\t\t\t\t<\/div>\n\t\t","protected":false},"excerpt":{"rendered":"<p>Transfer\u00eancia Banc\u00e1ria TRANSFER\u00caNCIA EM D\u00d3LAR TRANSFER\u00caNCIA EM EURO TRANSFER\u00caNCIA EM LIBRA ESTERLINA TRANSFER\u00caNCIA EM NAIRA TRANSFER\u00caNCIA EM D\u00d3LAR Por favor, use as informa\u00e7\u00f5es a seguir para efetuar uma transfer\u00eancia banc\u00e1ria em d\u00f3lar americano para a conta banc\u00e1ria da Sinagoga, Igreja de Todas as Na\u00e7\u00f5es. Tanto os dados do banco intermedi\u00e1rio quanto os dados do banco [&hellip;]<\/p>\n","protected":false},"author":73,"featured_media":0,"parent":0,"menu_order":0,"comment_status":"closed","ping_status":"closed","template":"elementor_header_footer","meta":{"_vp_format_video_url":"","_vp_image_focal_point":[],"footnotes":""},"class_list":["post-85048","page","type-page","status-publish","hentry"],"yoast_head":"<!-- This site is optimized with the Yoast SEO Premium plugin v25.3.1 (Yoast SEO v27.3) - https:\/\/yoast.com\/product\/yoast-seo-premium-wordpress\/ -->\n<title>Transfer\u00eancia Banc\u00e1ria - The Synagogue, Church Of All Nations - SCOAN - Prophet T.B. Joshua<\/title>\n<meta name=\"robots\" content=\"index, follow, max-snippet:-1, max-image-preview:large, max-video-preview:-1\" \/>\n<link rel=\"canonical\" href=\"https:\/\/www.scoan.org\/pt-pt\/transferencia-bancaria\/\" \/>\n<meta property=\"og:locale\" content=\"pt_PT\" \/>\n<meta property=\"og:type\" content=\"article\" \/>\n<meta property=\"og:title\" content=\"Transfer\u00eancia Banc\u00e1ria\" \/>\n<meta property=\"og:description\" content=\"Transfer\u00eancia Banc\u00e1ria TRANSFER\u00caNCIA EM D\u00d3LAR TRANSFER\u00caNCIA EM EURO TRANSFER\u00caNCIA EM LIBRA ESTERLINA TRANSFER\u00caNCIA EM NAIRA TRANSFER\u00caNCIA EM D\u00d3LAR Por favor, use as informa\u00e7\u00f5es a seguir para efetuar uma transfer\u00eancia banc\u00e1ria em d\u00f3lar americano para a conta banc\u00e1ria da Sinagoga, Igreja de Todas as Na\u00e7\u00f5es. Tanto os dados do banco intermedi\u00e1rio quanto os dados do banco [&hellip;]\" \/>\n<meta property=\"og:url\" content=\"https:\/\/www.scoan.org\/pt-pt\/transferencia-bancaria\/\" \/>\n<meta property=\"og:site_name\" content=\"The Synagogue, Church Of All Nations - SCOAN - Prophet T.B. Joshua\" \/>\n<meta property=\"article:publisher\" content=\"https:\/\/www.facebook.com\/tbjministries\" \/>\n<meta property=\"article:modified_time\" content=\"2024-12-11T11:45:29+00:00\" \/>\n<meta name=\"twitter:card\" content=\"summary_large_image\" \/>\n<meta name=\"twitter:site\" content=\"@SCOANTBJoshua\" \/>\n<meta name=\"twitter:label1\" content=\"Tempo estimado de leitura\" \/>\n\t<meta name=\"twitter:data1\" content=\"3 minutos\" \/>\n<script type=\"application\/ld+json\" class=\"yoast-schema-graph\">{\"@context\":\"https:\\\/\\\/schema.org\",\"@graph\":[{\"@type\":\"WebPage\",\"@id\":\"https:\\\/\\\/www.scoan.org\\\/pt-pt\\\/transferencia-bancaria\\\/\",\"url\":\"https:\\\/\\\/www.scoan.org\\\/pt-pt\\\/transferencia-bancaria\\\/\",\"name\":\"Transfer\u00eancia Banc\u00e1ria - The Synagogue, Church Of All Nations - SCOAN - Prophet T.B. Joshua\",\"isPartOf\":{\"@id\":\"https:\\\/\\\/www.scoan.org\\\/pt-pt\\\/#website\"},\"datePublished\":\"2024-04-15T23:02:48+00:00\",\"dateModified\":\"2024-12-11T11:45:29+00:00\",\"breadcrumb\":{\"@id\":\"https:\\\/\\\/www.scoan.org\\\/pt-pt\\\/transferencia-bancaria\\\/#breadcrumb\"},\"inLanguage\":\"pt-PT\",\"potentialAction\":[{\"@type\":\"ReadAction\",\"target\":[\"https:\\\/\\\/www.scoan.org\\\/pt-pt\\\/transferencia-bancaria\\\/\"]}]},{\"@type\":\"BreadcrumbList\",\"@id\":\"https:\\\/\\\/www.scoan.org\\\/pt-pt\\\/transferencia-bancaria\\\/#breadcrumb\",\"itemListElement\":[{\"@type\":\"ListItem\",\"position\":1,\"name\":\"Home\",\"item\":\"https:\\\/\\\/www.scoan.org\\\/pt-pt\\\/\"},{\"@type\":\"ListItem\",\"position\":2,\"name\":\"Transfer\u00eancia Banc\u00e1ria\"}]},{\"@type\":\"WebSite\",\"@id\":\"https:\\\/\\\/www.scoan.org\\\/pt-pt\\\/#website\",\"url\":\"https:\\\/\\\/www.scoan.org\\\/pt-pt\\\/\",\"name\":\"The Synagogue, Church Of All Nations - SCOAN - Prophet T.B. Joshua\",\"description\":\"Founded by Prophet TB Joshua\",\"publisher\":{\"@id\":\"https:\\\/\\\/www.scoan.org\\\/pt-pt\\\/#organization\"},\"potentialAction\":[{\"@type\":\"SearchAction\",\"target\":{\"@type\":\"EntryPoint\",\"urlTemplate\":\"https:\\\/\\\/www.scoan.org\\\/pt-pt\\\/?s={search_term_string}\"},\"query-input\":{\"@type\":\"PropertyValueSpecification\",\"valueRequired\":true,\"valueName\":\"search_term_string\"}}],\"inLanguage\":\"pt-PT\"},{\"@type\":\"Organization\",\"@id\":\"https:\\\/\\\/www.scoan.org\\\/pt-pt\\\/#organization\",\"name\":\"The Synagogue, Church Of All Nations - SCOAN - Prophet T.B. Joshua\",\"url\":\"https:\\\/\\\/www.scoan.org\\\/pt-pt\\\/\",\"logo\":{\"@type\":\"ImageObject\",\"inLanguage\":\"pt-PT\",\"@id\":\"https:\\\/\\\/www.scoan.org\\\/pt-pt\\\/#\\\/schema\\\/logo\\\/image\\\/\",\"url\":\"https:\\\/\\\/www.scoan.org\\\/wp-content\\\/blogs.dir\\\/12\\\/files\\\/2016\\\/08\\\/logo-e1711044614299.png\",\"contentUrl\":\"https:\\\/\\\/www.scoan.org\\\/wp-content\\\/blogs.dir\\\/12\\\/files\\\/2016\\\/08\\\/logo-e1711044614299.png\",\"width\":186,\"height\":85,\"caption\":\"The Synagogue, Church Of All Nations - SCOAN - Prophet T.B. Joshua\"},\"image\":{\"@id\":\"https:\\\/\\\/www.scoan.org\\\/pt-pt\\\/#\\\/schema\\\/logo\\\/image\\\/\"},\"sameAs\":[\"https:\\\/\\\/www.facebook.com\\\/tbjministries\",\"https:\\\/\\\/x.com\\\/SCOANTBJoshua\",\"https:\\\/\\\/www.instagram.com\\\/tbjoshua\"]}]}<\/script>\n<!-- \/ Yoast SEO Premium plugin. -->","yoast_head_json":{"title":"Transfer\u00eancia Banc\u00e1ria - The Synagogue, Church Of All Nations - SCOAN - Prophet T.B. Joshua","robots":{"index":"index","follow":"follow","max-snippet":"max-snippet:-1","max-image-preview":"max-image-preview:large","max-video-preview":"max-video-preview:-1"},"canonical":"https:\/\/www.scoan.org\/pt-pt\/transferencia-bancaria\/","og_locale":"pt_PT","og_type":"article","og_title":"Transfer\u00eancia Banc\u00e1ria","og_description":"Transfer\u00eancia Banc\u00e1ria TRANSFER\u00caNCIA EM D\u00d3LAR TRANSFER\u00caNCIA EM EURO TRANSFER\u00caNCIA EM LIBRA ESTERLINA TRANSFER\u00caNCIA EM NAIRA TRANSFER\u00caNCIA EM D\u00d3LAR Por favor, use as informa\u00e7\u00f5es a seguir para efetuar uma transfer\u00eancia banc\u00e1ria em d\u00f3lar americano para a conta banc\u00e1ria da Sinagoga, Igreja de Todas as Na\u00e7\u00f5es. Tanto os dados do banco intermedi\u00e1rio quanto os dados do banco [&hellip;]","og_url":"https:\/\/www.scoan.org\/pt-pt\/transferencia-bancaria\/","og_site_name":"The Synagogue, Church Of All Nations - SCOAN - Prophet T.B. Joshua","article_publisher":"https:\/\/www.facebook.com\/tbjministries","article_modified_time":"2024-12-11T11:45:29+00:00","twitter_card":"summary_large_image","twitter_site":"@SCOANTBJoshua","twitter_misc":{"Tempo estimado de leitura":"3 minutos"},"schema":{"@context":"https:\/\/schema.org","@graph":[{"@type":"WebPage","@id":"https:\/\/www.scoan.org\/pt-pt\/transferencia-bancaria\/","url":"https:\/\/www.scoan.org\/pt-pt\/transferencia-bancaria\/","name":"Transfer\u00eancia Banc\u00e1ria - The Synagogue, Church Of All Nations - SCOAN - Prophet T.B. Joshua","isPartOf":{"@id":"https:\/\/www.scoan.org\/pt-pt\/#website"},"datePublished":"2024-04-15T23:02:48+00:00","dateModified":"2024-12-11T11:45:29+00:00","breadcrumb":{"@id":"https:\/\/www.scoan.org\/pt-pt\/transferencia-bancaria\/#breadcrumb"},"inLanguage":"pt-PT","potentialAction":[{"@type":"ReadAction","target":["https:\/\/www.scoan.org\/pt-pt\/transferencia-bancaria\/"]}]},{"@type":"BreadcrumbList","@id":"https:\/\/www.scoan.org\/pt-pt\/transferencia-bancaria\/#breadcrumb","itemListElement":[{"@type":"ListItem","position":1,"name":"Home","item":"https:\/\/www.scoan.org\/pt-pt\/"},{"@type":"ListItem","position":2,"name":"Transfer\u00eancia Banc\u00e1ria"}]},{"@type":"WebSite","@id":"https:\/\/www.scoan.org\/pt-pt\/#website","url":"https:\/\/www.scoan.org\/pt-pt\/","name":"The Synagogue, Church Of All Nations - SCOAN - Prophet T.B. Joshua","description":"Founded by Prophet TB Joshua","publisher":{"@id":"https:\/\/www.scoan.org\/pt-pt\/#organization"},"potentialAction":[{"@type":"SearchAction","target":{"@type":"EntryPoint","urlTemplate":"https:\/\/www.scoan.org\/pt-pt\/?s={search_term_string}"},"query-input":{"@type":"PropertyValueSpecification","valueRequired":true,"valueName":"search_term_string"}}],"inLanguage":"pt-PT"},{"@type":"Organization","@id":"https:\/\/www.scoan.org\/pt-pt\/#organization","name":"The Synagogue, Church Of All Nations - SCOAN - Prophet T.B. Joshua","url":"https:\/\/www.scoan.org\/pt-pt\/","logo":{"@type":"ImageObject","inLanguage":"pt-PT","@id":"https:\/\/www.scoan.org\/pt-pt\/#\/schema\/logo\/image\/","url":"https:\/\/www.scoan.org\/wp-content\/blogs.dir\/12\/files\/2016\/08\/logo-e1711044614299.png","contentUrl":"https:\/\/www.scoan.org\/wp-content\/blogs.dir\/12\/files\/2016\/08\/logo-e1711044614299.png","width":186,"height":85,"caption":"The Synagogue, Church Of All Nations - SCOAN - Prophet T.B. Joshua"},"image":{"@id":"https:\/\/www.scoan.org\/pt-pt\/#\/schema\/logo\/image\/"},"sameAs":["https:\/\/www.facebook.com\/tbjministries","https:\/\/x.com\/SCOANTBJoshua","https:\/\/www.instagram.com\/tbjoshua"]}]}},"_links":{"self":[{"href":"https:\/\/www.scoan.org\/pt-pt\/wp-json\/wp\/v2\/pages\/85048","targetHints":{"allow":["GET"]}}],"collection":[{"href":"https:\/\/www.scoan.org\/pt-pt\/wp-json\/wp\/v2\/pages"}],"about":[{"href":"https:\/\/www.scoan.org\/pt-pt\/wp-json\/wp\/v2\/types\/page"}],"author":[{"embeddable":true,"href":"https:\/\/www.scoan.org\/pt-pt\/wp-json\/wp\/v2\/users\/73"}],"replies":[{"embeddable":true,"href":"https:\/\/www.scoan.org\/pt-pt\/wp-json\/wp\/v2\/comments?post=85048"}],"version-history":[{"count":2,"href":"https:\/\/www.scoan.org\/pt-pt\/wp-json\/wp\/v2\/pages\/85048\/revisions"}],"predecessor-version":[{"id":99234,"href":"https:\/\/www.scoan.org\/pt-pt\/wp-json\/wp\/v2\/pages\/85048\/revisions\/99234"}],"wp:attachment":[{"href":"https:\/\/www.scoan.org\/pt-pt\/wp-json\/wp\/v2\/media?parent=85048"}],"curies":[{"name":"wp","href":"https:\/\/api.w.org\/{rel}","templated":true}]}}