{"id":18281,"date":"2018-01-11T10:20:34","date_gmt":"2018-01-11T10:20:34","guid":{"rendered":"https:\/\/www.scoan.org\/visite-nos\/"},"modified":"2019-09-10T22:32:44","modified_gmt":"2019-09-10T22:32:44","slug":"visite-nos","status":"publish","type":"page","link":"https:\/\/www.scoan.org\/pt-pt\/visite-nos\/","title":{"rendered":"Visite-nos"},"content":{"rendered":"<p>[fullwidth background_color=&#8221;&#8221; background_image=&#8221;&#8221; background_parallax=&#8221;none&#8221; enable_mobile=&#8221;no&#8221; parallax_speed=&#8221;0.3&#8243; background_repeat=&#8221;no-repeat&#8221; background_position=&#8221;left top&#8221; video_url=&#8221;&#8221; video_aspect_ratio=&#8221;16:9&#8243; video_webm=&#8221;&#8221; video_mp4=&#8221;&#8221; video_ogv=&#8221;&#8221; video_preview_image=&#8221;&#8221; overlay_color=&#8221;&#8221; overlay_opacity=&#8221;0.5&#8243; video_mute=&#8221;yes&#8221; video_loop=&#8221;yes&#8221; fade=&#8221;no&#8221; border_size=&#8221;0px&#8221; border_color=&#8221;&#8221; border_style=&#8221;solid&#8221; padding_top=&#8221;0px&#8221; padding_bottom=&#8221;0px&#8221; padding_left=&#8221;0px&#8221; padding_right=&#8221;0px&#8221; hundred_percent=&#8221;no&#8221; equal_height_columns=&#8221;no&#8221; hide_on_mobile=&#8221;no&#8221; menu_anchor=&#8221;&#8221; class=&#8221;&#8221; id=&#8221;&#8221;][three_fourth last=&#8221;no&#8221; spacing=&#8221;yes&#8221; center_content=&#8221;no&#8221; hide_on_mobile=&#8221;no&#8221; background_color=&#8221;&#8221; background_image=&#8221;&#8221; background_repeat=&#8221;no-repeat&#8221; background_position=&#8221;left top&#8221; hover_type=&#8221;none&#8221; link=&#8221;&#8221; border_position=&#8221;all&#8221; border_size=&#8221;0px&#8221; border_color=&#8221;&#8221; border_style=&#8221;solid&#8221; padding=&#8221;&#8221; margin_top=&#8221;&#8221; margin_bottom=&#8221;&#8221; animation_type=&#8221;0&#8243; animation_direction=&#8221;down&#8221; animation_speed=&#8221;0.1&#8243; animation_offset=&#8221;&#8221; class=&#8221;&#8221; id=&#8221;&#8221;][fusion_text]Todo ano a Sinagoga, Igreja de Todas as Na\u00e7\u00f5es hospeda milhares de visitantes nacionais e internacionais. Pessoas de todo o mundo viajam para testemunhar a obra maravilhosa que Deus est\u00e1 fazendo na vida do Profeta T.B. Joshua. Convidamos os visitantes do mundo todo para se hospedarem conosco e testemunharem de primeira m\u00e3o a prova de que Jesus Cristo \u00e9 o mesmo ontem, hoje e para sempre!<\/p>\n<p><strong>Aqueles na Nig\u00e9ria ou Nigerianos em outros pa\u00edses:<\/strong><\/p>\n<p>Se gostarias de visitar a Sinagoga, Igreja de Todas as Na\u00e7\u00f5es, por favor, ligue em um destes n\u00fameros e aguarde a nossa confirma\u00e7\u00e3o antes de vir:<\/p>\n<p><strong>Ligue<\/strong>: Segunda \u00e0 Sexta, das 11h00 \u00e0s 22h00 (GMT+1)<\/p>\n<p>+234 (0) 706 486 5517<br \/>\n+234 (0) 705 807 9083<\/p>\n<p>A sede da Sinagoga, Igreja de Todas as Na\u00e7\u00f5es est\u00e1 localizada em:<\/p>\n<p>1 Segun-Irefin Street, Ikotun-Egbe, Lagos, Nigeria<\/p>\n<h2>FAQ (Perguntas Frequentes)<\/h2>\n<p><strong>Para Visitantes Estrangeiros:<\/strong><\/p>\n<p>[accordian divider_line=&#8221;&#8221; class=&#8221;&#8221; id=&#8221;&#8221;]<br \/>\n[toggle title=&#8221;Qual \u00e9 o procedimento para visitar a Sinagoga, Igreja de Todas as Na\u00e7\u00f5es?&#8221; open=&#8221;no&#8221;]Se gostaria de visitar a Sinagoga, Igreja de Todas as Na\u00e7\u00f5es, simplesmente v\u00e1 ao Question\u00e1rio, preencha-o detalhadamente e envie. Certifique-se de inserir seus dados completos. Por favor, observe que deves esperar at\u00e9 receber da nossa confirma\u00e7\u00e3o a respeito da sua visita, antes de fazer qualquer preparativo para viagem\/reserva de passagem a\u00e9rea. *Toda a comunica\u00e7\u00e3o com a Sinagoga, Igreja de Todas as Na\u00e7\u00f5es deve ser realizadas atrav\u00e9s do seguinte email: <a href=\"mailto:info@scoan.org\">info@scoan.org<\/a>. Considere, que qualquer forma de fumo ou \u00e1lcool \u00e9 proibido aos redores da Igreja.[\/toggle]<br \/>\n[toggle title=&#8221;Precisarei de Visto?&#8221; open=&#8221;no&#8221;]Com exce\u00e7\u00e3o daqueles que moram na \u00c1frica Ocidental, precisam de visto para entrar na Nig\u00e9ria. Pedidos de visto s\u00e3o feitos atrav\u00e9s da Embaixada ou Alta Comiss\u00e3o da Nig\u00e9ria em seu pa\u00eds, e normalmente \u00e9 um procedimento simples. Enviaremos a voc\u00ea uma carta convite no qual apresentar\u00e1s na Embaixada junto com o seu formul\u00e1rio de pedido de visto, passaporte, foto de passaporte e comprovante de pagamento da taxa de visto. Por favor, contate-nos se precisar de mais informa\u00e7\u00f5es.[\/toggle]<br \/>\n[toggle title=&#8221;Como chego \u00e0 igreja?&#8221; open=&#8221;no&#8221;]Ap\u00f3s ter confirmado conosco o hor\u00e1rio de chegada do seu v\u00f4o, enviaremos representantes da igreja para encontr\u00e1-lo no aeroporto e acompanh\u00e1-lo \u00e0 igreja.[\/toggle]<br \/>\n[toggle title=&#8221;Quais s\u00e3o os preparativos de alimenta\u00e7\u00e3o e hospedagem?&#8221; open=&#8221;no&#8221;]A igreja possui muitos quartos dispon\u00edveis onde os visitantes internacionais podem se alojar. As acomoda\u00e7\u00f5es variam de dormit\u00f3rios, a quartos familiares, a quartos privados; todos com banheiros, \u00e1gua quente e ar-condicionado. H\u00e1 um restaurante especial para visitantes internacionais onde tr\u00eas refei\u00e7\u00f5es completas s\u00e3o servidas diariamente. Bebidas extras, lanches e artigos de higiene pessoal, tamb\u00e9m est\u00e3o \u00e0 venda na loja nos redores da igreja.[\/toggle]<br \/>\n[toggle title=&#8221;Qual \u00e9 o tempo de perman\u00eancia dos visitantes?&#8221; open=&#8221;no&#8221;]Nossos visitantes internacionais normalmente permanecem por 7 dias (uma semana). Durante este per\u00edodo voc\u00ea ter\u00e1 a oportunidade de visitar o <em>Resort<\/em> da F\u00e9, <strong><u>frequentar v\u00e1rios cultos na igreja<\/u><\/strong>, assistir os v\u00eddeos que edificam sua f\u00e9, ouvir v\u00e1rios testemunhos de mudan\u00e7a de vida, <strong><u>participar de v\u00e1rias palestras com o homem de Deus, Profeta T.B. Joshua<\/u><\/strong> e muito mais, tudo conforme o Esp\u00edrito Santo direcionar.[\/toggle]<br \/>\n[toggle title=&#8221;Como \u00e9 o clima de Lagos, Nig\u00e9ria e qual tipo de roupas devo levar?&#8221; open=&#8221;no&#8221;]Lagos \u00e9 quente (m\u00ednimas de 25\u00b0C at\u00e9 m\u00e1ximas de 30\u00b0C) durante todo o ano com alta umidade. Por esta raz\u00e3o, recomendamos que voc\u00ea traga roupas leves, frescas e confort\u00e1veis.[\/toggle]<br \/>\n[toggle title=&#8221;\u00c9 seguro visitar a Sinagoga, Igreja de Todas as Na\u00e7\u00f5es em Lagos, Nig\u00e9ria?&#8221; open=&#8221;no&#8221;]Cuidamos dos nossos visitantes internacionais de uma maneira especial. Pessoas autorizadas lhes encontrar\u00e1 no aeroporto e os acompanhar\u00e1 at\u00e9 a igreja que est\u00e1 localizada nos sub\u00farbios de Lagos. As acomoda\u00e7\u00f5es ficam nos redores da igreja e os visitantes n\u00e3o saem durante suas visitas, ao menos que sejam levados ao retiro de ora\u00e7\u00f5es. Guiado pelo Esp\u00edrito Santo, Profeta T.B. Joshua construiu o <em>Resort<\/em> da F\u00e9 (conhecido como \u201cO Monte da Ora\u00e7\u00e3o\u201d) com seus belos canais, ilhas, cabanas de ora\u00e7\u00e3o, praias, locais de ora\u00e7\u00e3o e est\u00e1tuas b\u00edblicas. L\u00e1, encontrar\u00e1s guerreiros de ora\u00e7\u00e3o que oram pelo minist\u00e9rio, pelas na\u00e7\u00f5es e pelos s\u00f3cios da SCOAN do mundo todo, 24 horas por dia, sete dias na semana de acordo com 1 Tessalonicenses 5:16. O maior privil\u00e9gio do ser humano \u00e9 gozar da presen\u00e7a de Deus; o <em>Resort <\/em>da F\u00e9 \u00e9 um lugar calmo para se encontrar com Deus em ora\u00e7\u00e3o (Marcos 6:31).[\/toggle][toggle title=&#8221;Posso enviar emails ou telefonar para casa?&#8221; open=&#8221;no&#8221;]Instala\u00e7\u00f5es completas com internet e telefones est\u00e3o dispon\u00edveis. Somente pagamentos em dinheiro (Dolar americano, Libra Esterlina e Euro) s\u00e3o aceitos.[\/toggle]<br \/>\n[toggle title=&#8221;Se voc\u00ea mora na Europa e deseja visitar a SCOAN com um grupo, por favor entre no link&#8230;&#8221; open=&#8221;no&#8221;] http:\/\/scoanvisitseurope.com[\/toggle]<br \/>\n[\/accordian]<\/p>\n<h2>Visite SCOAN<\/h2>\n<p>Preencha seu question\u00e1rio aqui&#8230; [button link=&#8221;https:\/\/www.scoan.org\/pt-pt\/visite-nos\/questionario\/&#8221; color=&#8221;default&#8221; size=&#8221;large&#8221; stretch=&#8221;&#8221; type=&#8221;&#8221; shape=&#8221;&#8221; target=&#8221;_blank&#8221; title=&#8221;&#8221; gradient_colors=&#8221;|&#8221; gradient_hover_colors=&#8221;|&#8221; accent_color=&#8221;&#8221; accent_hover_color=&#8221;&#8221; bevel_color=&#8221;&#8221; border_width=&#8221;1px&#8221; icon=&#8221;&#8221; icon_divider=&#8221;yes&#8221; icon_position=&#8221;left&#8221; modal=&#8221;&#8221; animation_type=&#8221;0&#8243; animation_direction=&#8221;down&#8221; animation_speed=&#8221;0.1&#8243; animation_offset=&#8221;&#8221; alignment=&#8221;left&#8221; class=&#8221;btn-theme-colored&#8221; id=&#8221;&#8221;]Question\u00e1rio[\/button]<\/p>\n<p>[\/fusion_text][\/three_fourth][one_fourth last=&#8221;yes&#8221; spacing=&#8221;yes&#8221; center_content=&#8221;no&#8221; hide_on_mobile=&#8221;no&#8221; background_color=&#8221;&#8221; background_image=&#8221;&#8221; background_repeat=&#8221;no-repeat&#8221; background_position=&#8221;left top&#8221; hover_type=&#8221;none&#8221; link=&#8221;&#8221; border_position=&#8221;all&#8221; border_size=&#8221;0px&#8221; border_color=&#8221;&#8221; border_style=&#8221;&#8221; padding=&#8221;&#8221; margin_top=&#8221;&#8221; margin_bottom=&#8221;&#8221; animation_type=&#8221;&#8221; animation_direction=&#8221;&#8221; animation_speed=&#8221;0.1&#8243; animation_offset=&#8221;&#8221; class=&#8221;&#8221; id=&#8221;&#8221;][fusion_text]<img loading=\"lazy\" decoding=\"async\" class=\"size-full wp-image-12503 alignnone\" src=\"https:\/\/www.scoan.org\/files\/2016\/09\/visit_us_scoan_icon_.png\" alt=\"visit_us_scoan_icon_\" width=\"265\" height=\"130\" srcset=\"https:\/\/www.scoan.org\/wp-content\/blogs.dir\/12\/files\/2016\/09\/visit_us_scoan_icon_.png 265w, https:\/\/www.scoan.org\/wp-content\/blogs.dir\/12\/files\/2016\/09\/visit_us_scoan_icon_-200x98.png 200w\" sizes=\"auto, (max-width: 265px) 100vw, 265px\" \/><\/p>\n<p><img loading=\"lazy\" decoding=\"async\" class=\"size-full wp-image-12506 alignnone\" src=\"https:\/\/www.scoan.org\/files\/2016\/09\/prophet_preaching_icon_1.png\" alt=\"prophet_preaching_icon_1\" width=\"265\" height=\"130\" srcset=\"https:\/\/www.scoan.org\/wp-content\/blogs.dir\/12\/files\/2016\/09\/prophet_preaching_icon_1.png 265w, https:\/\/www.scoan.org\/wp-content\/blogs.dir\/12\/files\/2016\/09\/prophet_preaching_icon_1-200x98.png 200w\" sizes=\"auto, (max-width: 265px) 100vw, 265px\" \/><\/p>\n<p><img loading=\"lazy\" decoding=\"async\" class=\"size-full wp-image-12509 alignnone\" src=\"https:\/\/www.scoan.org\/files\/2016\/09\/Scoan_people_icon.png\" alt=\"Scoan_people_icon\" width=\"265\" height=\"130\" \/>[\/fusion_text][\/one_fourth][\/fullwidth]<\/p>\n","protected":false},"excerpt":{"rendered":"<p>[fullwidth background_color=&#8221;&#8221; background_image=&#8221;&#8221; background_parallax=&#8221;none&#8221; enable_mobile=&#8221;no&#8221; parallax_speed=&#8221;0.3&#8243; background_repeat=&#8221;no-repeat&#8221; background_position=&#8221;left top&#8221; video_url=&#8221;&#8221; video_aspect_ratio=&#8221;16:9&#8243; video_webm=&#8221;&#8221; video_mp4=&#8221;&#8221; video_ogv=&#8221;&#8221; video_preview_image=&#8221;&#8221; overlay_color=&#8221;&#8221; overlay_opacity=&#8221;0.5&#8243; video_mute=&#8221;yes&#8221; video_loop=&#8221;yes&#8221; fade=&#8221;no&#8221; border_size=&#8221;0px&#8221; border_color=&#8221;&#8221; border_style=&#8221;solid&#8221; padding_top=&#8221;0px&#8221; padding_bottom=&#8221;0px&#8221; padding_left=&#8221;0px&#8221; padding_right=&#8221;0px&#8221; hundred_percent=&#8221;no&#8221; equal_height_columns=&#8221;no&#8221; hide_on_mobile=&#8221;no&#8221; menu_anchor=&#8221;&#8221; class=&#8221;&#8221; id=&#8221;&#8221;][three_fourth last=&#8221;no&#8221; spacing=&#8221;yes&#8221; center_content=&#8221;no&#8221; hide_on_mobile=&#8221;no&#8221; background_color=&#8221;&#8221; background_image=&#8221;&#8221; background_repeat=&#8221;no-repeat&#8221; background_position=&#8221;left top&#8221; hover_type=&#8221;none&#8221; link=&#8221;&#8221; border_position=&#8221;all&#8221; border_size=&#8221;0px&#8221; border_color=&#8221;&#8221; border_style=&#8221;solid&#8221; padding=&#8221;&#8221; margin_top=&#8221;&#8221; margin_bottom=&#8221;&#8221; animation_type=&#8221;0&#8243; animation_direction=&#8221;down&#8221; animation_speed=&#8221;0.1&#8243; animation_offset=&#8221;&#8221; [&hellip;]<\/p>\n","protected":false},"author":2,"featured_media":18286,"parent":0,"menu_order":0,"comment_status":"closed","ping_status":"closed","template":"page.php","meta":{"_vp_format_video_url":"","_vp_image_focal_point":[],"footnotes":""},"class_list":["post-18281","page","type-page","status-publish","has-post-thumbnail","hentry"],"yoast_head":"<!-- This site is optimized with the Yoast SEO Premium plugin v25.3.1 (Yoast SEO v27.6) - https:\/\/yoast.com\/product\/yoast-seo-premium-wordpress\/ -->\n<title>Visite-nos - The Synagogue, Church Of All Nations - SCOAN - Prophet T.B. Joshua<\/title>\n<meta name=\"robots\" content=\"index, follow, max-snippet:-1, max-image-preview:large, max-video-preview:-1\" \/>\n<link rel=\"canonical\" href=\"https:\/\/www.scoan.org\/pt-pt\/visite-nos\/\" \/>\n<meta property=\"og:locale\" content=\"pt_PT\" \/>\n<meta property=\"og:type\" content=\"article\" \/>\n<meta property=\"og:title\" content=\"Visite-nos\" \/>\n<meta property=\"og:description\" content=\"[fullwidth background_color=&#8221;&#8221; background_image=&#8221;&#8221; background_parallax=&#8221;none&#8221; enable_mobile=&#8221;no&#8221; parallax_speed=&#8221;0.3&#8243; background_repeat=&#8221;no-repeat&#8221; background_position=&#8221;left top&#8221; video_url=&#8221;&#8221; video_aspect_ratio=&#8221;16:9&#8243; video_webm=&#8221;&#8221; video_mp4=&#8221;&#8221; video_ogv=&#8221;&#8221; video_preview_image=&#8221;&#8221; overlay_color=&#8221;&#8221; overlay_opacity=&#8221;0.5&#8243; video_mute=&#8221;yes&#8221; video_loop=&#8221;yes&#8221; fade=&#8221;no&#8221; border_size=&#8221;0px&#8221; border_color=&#8221;&#8221; border_style=&#8221;solid&#8221; padding_top=&#8221;0px&#8221; padding_bottom=&#8221;0px&#8221; padding_left=&#8221;0px&#8221; padding_right=&#8221;0px&#8221; hundred_percent=&#8221;no&#8221; equal_height_columns=&#8221;no&#8221; hide_on_mobile=&#8221;no&#8221; menu_anchor=&#8221;&#8221; class=&#8221;&#8221; id=&#8221;&#8221;][three_fourth last=&#8221;no&#8221; spacing=&#8221;yes&#8221; center_content=&#8221;no&#8221; hide_on_mobile=&#8221;no&#8221; background_color=&#8221;&#8221; background_image=&#8221;&#8221; background_repeat=&#8221;no-repeat&#8221; background_position=&#8221;left top&#8221; hover_type=&#8221;none&#8221; link=&#8221;&#8221; border_position=&#8221;all&#8221; border_size=&#8221;0px&#8221; border_color=&#8221;&#8221; border_style=&#8221;solid&#8221; padding=&#8221;&#8221; margin_top=&#8221;&#8221; margin_bottom=&#8221;&#8221; animation_type=&#8221;0&#8243; animation_direction=&#8221;down&#8221; animation_speed=&#8221;0.1&#8243; animation_offset=&#8221;&#8221; [&hellip;]\" \/>\n<meta property=\"og:url\" content=\"https:\/\/www.scoan.org\/pt-pt\/visite-nos\/\" \/>\n<meta property=\"og:site_name\" content=\"The Synagogue, Church Of All Nations - SCOAN - Prophet T.B. Joshua\" \/>\n<meta property=\"article:publisher\" content=\"https:\/\/www.facebook.com\/tbjministries\" \/>\n<meta property=\"article:modified_time\" content=\"2019-09-10T22:32:44+00:00\" \/>\n<meta property=\"og:image\" content=\"https:\/\/www.scoan.org\/wp-content\/blogs.dir\/12\/files\/2016\/09\/Visit-Us-Page-1.jpg\" \/>\n\t<meta property=\"og:image:width\" content=\"1349\" \/>\n\t<meta property=\"og:image:height\" content=\"277\" \/>\n\t<meta property=\"og:image:type\" content=\"image\/jpeg\" \/>\n<meta name=\"twitter:card\" content=\"summary_large_image\" \/>\n<meta name=\"twitter:site\" content=\"@SCOANTBJoshua\" \/>\n<meta name=\"twitter:label1\" content=\"Tempo estimado de leitura\" \/>\n\t<meta name=\"twitter:data1\" content=\"6 minutos\" \/>\n<script type=\"application\/ld+json\" class=\"yoast-schema-graph\">{\"@context\":\"https:\\\/\\\/schema.org\",\"@graph\":[{\"@type\":\"WebPage\",\"@id\":\"https:\\\/\\\/www.scoan.org\\\/pt-pt\\\/visite-nos\\\/\",\"url\":\"https:\\\/\\\/www.scoan.org\\\/pt-pt\\\/visite-nos\\\/\",\"name\":\"Visite-nos - The Synagogue, Church Of All Nations - SCOAN - Prophet T.B. Joshua\",\"isPartOf\":{\"@id\":\"https:\\\/\\\/www.scoan.org\\\/pt-pt\\\/#website\"},\"primaryImageOfPage\":{\"@id\":\"https:\\\/\\\/www.scoan.org\\\/pt-pt\\\/visite-nos\\\/#primaryimage\"},\"image\":{\"@id\":\"https:\\\/\\\/www.scoan.org\\\/pt-pt\\\/visite-nos\\\/#primaryimage\"},\"thumbnailUrl\":\"https:\\\/\\\/www.scoan.org\\\/wp-content\\\/blogs.dir\\\/12\\\/files\\\/2016\\\/09\\\/Visit-Us-Page-1.jpg\",\"datePublished\":\"2018-01-11T10:20:34+00:00\",\"dateModified\":\"2019-09-10T22:32:44+00:00\",\"breadcrumb\":{\"@id\":\"https:\\\/\\\/www.scoan.org\\\/pt-pt\\\/visite-nos\\\/#breadcrumb\"},\"inLanguage\":\"pt-PT\",\"potentialAction\":[{\"@type\":\"ReadAction\",\"target\":[\"https:\\\/\\\/www.scoan.org\\\/pt-pt\\\/visite-nos\\\/\"]}]},{\"@type\":\"ImageObject\",\"inLanguage\":\"pt-PT\",\"@id\":\"https:\\\/\\\/www.scoan.org\\\/pt-pt\\\/visite-nos\\\/#primaryimage\",\"url\":\"https:\\\/\\\/www.scoan.org\\\/wp-content\\\/blogs.dir\\\/12\\\/files\\\/2016\\\/09\\\/Visit-Us-Page-1.jpg\",\"contentUrl\":\"https:\\\/\\\/www.scoan.org\\\/wp-content\\\/blogs.dir\\\/12\\\/files\\\/2016\\\/09\\\/Visit-Us-Page-1.jpg\",\"width\":1349,\"height\":277},{\"@type\":\"BreadcrumbList\",\"@id\":\"https:\\\/\\\/www.scoan.org\\\/pt-pt\\\/visite-nos\\\/#breadcrumb\",\"itemListElement\":[{\"@type\":\"ListItem\",\"position\":1,\"name\":\"Home\",\"item\":\"https:\\\/\\\/www.scoan.org\\\/pt-pt\\\/\"},{\"@type\":\"ListItem\",\"position\":2,\"name\":\"Visite-nos\"}]},{\"@type\":\"WebSite\",\"@id\":\"https:\\\/\\\/www.scoan.org\\\/pt-pt\\\/#website\",\"url\":\"https:\\\/\\\/www.scoan.org\\\/pt-pt\\\/\",\"name\":\"The Synagogue, Church Of All Nations - SCOAN - Prophet T.B. Joshua\",\"description\":\"Founded by Prophet TB Joshua\",\"publisher\":{\"@id\":\"https:\\\/\\\/www.scoan.org\\\/pt-pt\\\/#organization\"},\"potentialAction\":[{\"@type\":\"SearchAction\",\"target\":{\"@type\":\"EntryPoint\",\"urlTemplate\":\"https:\\\/\\\/www.scoan.org\\\/pt-pt\\\/?s={search_term_string}\"},\"query-input\":{\"@type\":\"PropertyValueSpecification\",\"valueRequired\":true,\"valueName\":\"search_term_string\"}}],\"inLanguage\":\"pt-PT\"},{\"@type\":\"Organization\",\"@id\":\"https:\\\/\\\/www.scoan.org\\\/pt-pt\\\/#organization\",\"name\":\"The Synagogue, Church Of All Nations - SCOAN - Prophet T.B. Joshua\",\"url\":\"https:\\\/\\\/www.scoan.org\\\/pt-pt\\\/\",\"logo\":{\"@type\":\"ImageObject\",\"inLanguage\":\"pt-PT\",\"@id\":\"https:\\\/\\\/www.scoan.org\\\/pt-pt\\\/#\\\/schema\\\/logo\\\/image\\\/\",\"url\":\"https:\\\/\\\/www.scoan.org\\\/wp-content\\\/blogs.dir\\\/12\\\/files\\\/2016\\\/08\\\/logo-e1711044614299.png\",\"contentUrl\":\"https:\\\/\\\/www.scoan.org\\\/wp-content\\\/blogs.dir\\\/12\\\/files\\\/2016\\\/08\\\/logo-e1711044614299.png\",\"width\":186,\"height\":85,\"caption\":\"The Synagogue, Church Of All Nations - SCOAN - Prophet T.B. Joshua\"},\"image\":{\"@id\":\"https:\\\/\\\/www.scoan.org\\\/pt-pt\\\/#\\\/schema\\\/logo\\\/image\\\/\"},\"sameAs\":[\"https:\\\/\\\/www.facebook.com\\\/tbjministries\",\"https:\\\/\\\/x.com\\\/SCOANTBJoshua\",\"https:\\\/\\\/www.instagram.com\\\/tbjoshua\"]}]}<\/script>\n<!-- \/ Yoast SEO Premium plugin. -->","yoast_head_json":{"title":"Visite-nos - The Synagogue, Church Of All Nations - SCOAN - Prophet T.B. Joshua","robots":{"index":"index","follow":"follow","max-snippet":"max-snippet:-1","max-image-preview":"max-image-preview:large","max-video-preview":"max-video-preview:-1"},"canonical":"https:\/\/www.scoan.org\/pt-pt\/visite-nos\/","og_locale":"pt_PT","og_type":"article","og_title":"Visite-nos","og_description":"[fullwidth background_color=&#8221;&#8221; background_image=&#8221;&#8221; background_parallax=&#8221;none&#8221; enable_mobile=&#8221;no&#8221; parallax_speed=&#8221;0.3&#8243; background_repeat=&#8221;no-repeat&#8221; background_position=&#8221;left top&#8221; video_url=&#8221;&#8221; video_aspect_ratio=&#8221;16:9&#8243; video_webm=&#8221;&#8221; video_mp4=&#8221;&#8221; video_ogv=&#8221;&#8221; video_preview_image=&#8221;&#8221; overlay_color=&#8221;&#8221; overlay_opacity=&#8221;0.5&#8243; video_mute=&#8221;yes&#8221; video_loop=&#8221;yes&#8221; fade=&#8221;no&#8221; border_size=&#8221;0px&#8221; border_color=&#8221;&#8221; border_style=&#8221;solid&#8221; padding_top=&#8221;0px&#8221; padding_bottom=&#8221;0px&#8221; padding_left=&#8221;0px&#8221; padding_right=&#8221;0px&#8221; hundred_percent=&#8221;no&#8221; equal_height_columns=&#8221;no&#8221; hide_on_mobile=&#8221;no&#8221; menu_anchor=&#8221;&#8221; class=&#8221;&#8221; id=&#8221;&#8221;][three_fourth last=&#8221;no&#8221; spacing=&#8221;yes&#8221; center_content=&#8221;no&#8221; hide_on_mobile=&#8221;no&#8221; background_color=&#8221;&#8221; background_image=&#8221;&#8221; background_repeat=&#8221;no-repeat&#8221; background_position=&#8221;left top&#8221; hover_type=&#8221;none&#8221; link=&#8221;&#8221; border_position=&#8221;all&#8221; border_size=&#8221;0px&#8221; border_color=&#8221;&#8221; border_style=&#8221;solid&#8221; padding=&#8221;&#8221; margin_top=&#8221;&#8221; margin_bottom=&#8221;&#8221; animation_type=&#8221;0&#8243; animation_direction=&#8221;down&#8221; animation_speed=&#8221;0.1&#8243; animation_offset=&#8221;&#8221; [&hellip;]","og_url":"https:\/\/www.scoan.org\/pt-pt\/visite-nos\/","og_site_name":"The Synagogue, Church Of All Nations - SCOAN - Prophet T.B. Joshua","article_publisher":"https:\/\/www.facebook.com\/tbjministries","article_modified_time":"2019-09-10T22:32:44+00:00","og_image":[{"width":1349,"height":277,"url":"https:\/\/www.scoan.org\/wp-content\/blogs.dir\/12\/files\/2016\/09\/Visit-Us-Page-1.jpg","type":"image\/jpeg"}],"twitter_card":"summary_large_image","twitter_site":"@SCOANTBJoshua","twitter_misc":{"Tempo estimado de leitura":"6 minutos"},"schema":{"@context":"https:\/\/schema.org","@graph":[{"@type":"WebPage","@id":"https:\/\/www.scoan.org\/pt-pt\/visite-nos\/","url":"https:\/\/www.scoan.org\/pt-pt\/visite-nos\/","name":"Visite-nos - The Synagogue, Church Of All Nations - SCOAN - Prophet T.B. Joshua","isPartOf":{"@id":"https:\/\/www.scoan.org\/pt-pt\/#website"},"primaryImageOfPage":{"@id":"https:\/\/www.scoan.org\/pt-pt\/visite-nos\/#primaryimage"},"image":{"@id":"https:\/\/www.scoan.org\/pt-pt\/visite-nos\/#primaryimage"},"thumbnailUrl":"https:\/\/www.scoan.org\/wp-content\/blogs.dir\/12\/files\/2016\/09\/Visit-Us-Page-1.jpg","datePublished":"2018-01-11T10:20:34+00:00","dateModified":"2019-09-10T22:32:44+00:00","breadcrumb":{"@id":"https:\/\/www.scoan.org\/pt-pt\/visite-nos\/#breadcrumb"},"inLanguage":"pt-PT","potentialAction":[{"@type":"ReadAction","target":["https:\/\/www.scoan.org\/pt-pt\/visite-nos\/"]}]},{"@type":"ImageObject","inLanguage":"pt-PT","@id":"https:\/\/www.scoan.org\/pt-pt\/visite-nos\/#primaryimage","url":"https:\/\/www.scoan.org\/wp-content\/blogs.dir\/12\/files\/2016\/09\/Visit-Us-Page-1.jpg","contentUrl":"https:\/\/www.scoan.org\/wp-content\/blogs.dir\/12\/files\/2016\/09\/Visit-Us-Page-1.jpg","width":1349,"height":277},{"@type":"BreadcrumbList","@id":"https:\/\/www.scoan.org\/pt-pt\/visite-nos\/#breadcrumb","itemListElement":[{"@type":"ListItem","position":1,"name":"Home","item":"https:\/\/www.scoan.org\/pt-pt\/"},{"@type":"ListItem","position":2,"name":"Visite-nos"}]},{"@type":"WebSite","@id":"https:\/\/www.scoan.org\/pt-pt\/#website","url":"https:\/\/www.scoan.org\/pt-pt\/","name":"The Synagogue, Church Of All Nations - SCOAN - Prophet T.B. Joshua","description":"Founded by Prophet TB Joshua","publisher":{"@id":"https:\/\/www.scoan.org\/pt-pt\/#organization"},"potentialAction":[{"@type":"SearchAction","target":{"@type":"EntryPoint","urlTemplate":"https:\/\/www.scoan.org\/pt-pt\/?s={search_term_string}"},"query-input":{"@type":"PropertyValueSpecification","valueRequired":true,"valueName":"search_term_string"}}],"inLanguage":"pt-PT"},{"@type":"Organization","@id":"https:\/\/www.scoan.org\/pt-pt\/#organization","name":"The Synagogue, Church Of All Nations - SCOAN - Prophet T.B. Joshua","url":"https:\/\/www.scoan.org\/pt-pt\/","logo":{"@type":"ImageObject","inLanguage":"pt-PT","@id":"https:\/\/www.scoan.org\/pt-pt\/#\/schema\/logo\/image\/","url":"https:\/\/www.scoan.org\/wp-content\/blogs.dir\/12\/files\/2016\/08\/logo-e1711044614299.png","contentUrl":"https:\/\/www.scoan.org\/wp-content\/blogs.dir\/12\/files\/2016\/08\/logo-e1711044614299.png","width":186,"height":85,"caption":"The Synagogue, Church Of All Nations - SCOAN - Prophet T.B. Joshua"},"image":{"@id":"https:\/\/www.scoan.org\/pt-pt\/#\/schema\/logo\/image\/"},"sameAs":["https:\/\/www.facebook.com\/tbjministries","https:\/\/x.com\/SCOANTBJoshua","https:\/\/www.instagram.com\/tbjoshua"]}]}},"_links":{"self":[{"href":"https:\/\/www.scoan.org\/pt-pt\/wp-json\/wp\/v2\/pages\/18281","targetHints":{"allow":["GET"]}}],"collection":[{"href":"https:\/\/www.scoan.org\/pt-pt\/wp-json\/wp\/v2\/pages"}],"about":[{"href":"https:\/\/www.scoan.org\/pt-pt\/wp-json\/wp\/v2\/types\/page"}],"author":[{"embeddable":true,"href":"https:\/\/www.scoan.org\/pt-pt\/wp-json\/wp\/v2\/users\/2"}],"replies":[{"embeddable":true,"href":"https:\/\/www.scoan.org\/pt-pt\/wp-json\/wp\/v2\/comments?post=18281"}],"version-history":[{"count":4,"href":"https:\/\/www.scoan.org\/pt-pt\/wp-json\/wp\/v2\/pages\/18281\/revisions"}],"predecessor-version":[{"id":24758,"href":"https:\/\/www.scoan.org\/pt-pt\/wp-json\/wp\/v2\/pages\/18281\/revisions\/24758"}],"wp:featuredmedia":[{"embeddable":true,"href":"https:\/\/www.scoan.org\/pt-pt\/wp-json\/wp\/v2\/media\/18286"}],"wp:attachment":[{"href":"https:\/\/www.scoan.org\/pt-pt\/wp-json\/wp\/v2\/media?parent=18281"}],"curies":[{"name":"wp","href":"https:\/\/api.w.org\/{rel}","templated":true}]}}