{"id":18273,"date":"2018-01-10T22:09:03","date_gmt":"2018-01-10T22:09:03","guid":{"rendered":"https:\/\/www.scoan.org\/doe\/transferencia-bancaria\/"},"modified":"2018-03-21T17:24:09","modified_gmt":"2018-03-21T17:24:09","slug":"transferencia-bancaria","status":"publish","type":"page","link":"https:\/\/www.scoan.org\/pt-pt\/doe\/transferencia-bancaria\/","title":{"rendered":"Transfer\u00eancia Banc\u00e1ria"},"content":{"rendered":"<p>[fullwidth background_color=&#8221;&#8221; background_image=&#8221;&#8221; background_parallax=&#8221;none&#8221; enable_mobile=&#8221;no&#8221; parallax_speed=&#8221;0.3&#8243; background_repeat=&#8221;no-repeat&#8221; background_position=&#8221;left top&#8221; video_url=&#8221;&#8221; video_aspect_ratio=&#8221;16:9&#8243; video_webm=&#8221;&#8221; video_mp4=&#8221;&#8221; video_ogv=&#8221;&#8221; video_preview_image=&#8221;&#8221; overlay_color=&#8221;&#8221; overlay_opacity=&#8221;0.5&#8243; video_mute=&#8221;yes&#8221; video_loop=&#8221;yes&#8221; fade=&#8221;no&#8221; border_size=&#8221;0px&#8221; border_color=&#8221;&#8221; border_style=&#8221;&#8221; padding_top=&#8221;20&#8243; padding_bottom=&#8221;20&#8243; padding_left=&#8221;&#8221; padding_right=&#8221;&#8221; hundred_percent=&#8221;no&#8221; equal_height_columns=&#8221;no&#8221; hide_on_mobile=&#8221;no&#8221; menu_anchor=&#8221;&#8221; class=&#8221;&#8221; id=&#8221;&#8221;][one_full last=&#8221;yes&#8221; spacing=&#8221;yes&#8221; center_content=&#8221;no&#8221; hide_on_mobile=&#8221;no&#8221; background_color=&#8221;&#8221; background_image=&#8221;&#8221; background_repeat=&#8221;no-repeat&#8221; background_position=&#8221;left top&#8221; hover_type=&#8221;none&#8221; link=&#8221;&#8221; border_position=&#8221;all&#8221; border_size=&#8221;0px&#8221; border_color=&#8221;&#8221; border_style=&#8221;solid&#8221; padding=&#8221;&#8221; margin_top=&#8221;&#8221; margin_bottom=&#8221;&#8221; animation_type=&#8221;0&#8243; animation_direction=&#8221;down&#8221; animation_speed=&#8221;0.1&#8243; animation_offset=&#8221;&#8221; class=&#8221;&#8221; id=&#8221;&#8221;][fusion_tabs design=&#8221;classic&#8221; layout=&#8221;horizontal&#8221; justified=&#8221;yes&#8221; backgroundcolor=&#8221;&#8221; inactivecolor=&#8221;&#8221; bordercolor=&#8221;&#8221; class=&#8221;&#8221; id=&#8221;&#8221;][fusion_tab title=&#8221;Transferir USD&#8221; icon=&#8221;&#8221;]Por favor, utilize as informa\u00e7\u00f5es seguintes para efetuar transfer\u00eancias em USD; D\u00f3lares Americano para a conta banc\u00e1ria da Sinagoga, Igreja de Todas as Na\u00e7\u00f5es. Tanto as informa\u00e7\u00f5es do banco intermedi\u00e1rio quanto as do banco do benefici\u00e1rio s\u00e3o obrigat\u00f3rias.<\/p>\n<p>Envie um email para info@scoan.org quando efetuar a transfer\u00eancia para poder nos certificar contigo que a transa\u00e7\u00e3o foi realizada com sucesso.<\/p>\n<h3><span style=\"text-decoration: underline;\"><strong>STANDARD CHARTERED<\/strong><\/span><\/h3>\n<h4>(PASSO 1) INFORMA\u00c7\u00c3O DO BANCO INTERMEDI\u00c1RIO EM NOVA YORK (E.U.A)<\/h4>\n<p><strong>Nome do Banco Intermedi\u00e1rio<\/strong>:\u00a0\u00a0Standard Chartered Bank NY<\/p>\n<p><strong>Endere\u00e7o do Banco Intermedi\u00e1rio<\/strong>:<br \/>\nOne Madison Avenue<br \/>\nNew York, New York 10010-3603<\/p>\n<p><strong>C\u00f3digo SWIFT do Intermedi\u00e1rio<\/strong>:\u00a0 SCBLUS33<\/p>\n<p><strong>N\u00famero ABA do Intermedi\u00e1rio<\/strong>:\u00a0 026002561<\/p>\n<p><strong>N\u00famero da Conta do Intermedi\u00e1rio<\/strong>:\u00a0 3582-088704-001<\/p>\n<p><strong>(PASSO 2) INFORMA\u00c7\u00c3O DO BANCO DO BENEFICI\u00c1RIO NA NIG\u00c9RIA (CR\u00c9DITO ADICIONAL)<\/strong><\/p>\n<p><strong>Nome do Benefici\u00e1rio<\/strong>:\u00a0\u00a0The Synagogue, Church Of All Nations<\/p>\n<p><strong>Nome do Banco do Benefici\u00e1rio<\/strong>:\u00a0\u00a0Standard Chartered Bank Nigeria<\/p>\n<p><strong>Endere\u00e7o do Banco do Benefici\u00e1rio<\/strong>:<br \/>\n105B Ajose Adeogun Street,<br \/>\nVictoria Island<br \/>\nLagos, Nigeria<\/p>\n<p><strong>N\u00famero da Conta (Nig\u00e9ria)<\/strong>:\u00a0USD 0000003768<\/p>\n<p><strong>C\u00f3digo Swift do Benefici\u00e1rio<\/strong>:\u00a0SCBLNGLA<\/p>\n<hr \/>\n<h3><\/h3>\n<h3><span style=\"text-decoration: underline;\"><strong>UBA<\/strong><\/span><\/h3>\n<h4>(PASSO 1) INFORMA\u00c7\u00c3O DO BANCO INTERMEDI\u00c1RIO EM NOVA YORK (E.U.A)<\/h4>\n<p><strong>Nome do Banco Intermedi\u00e1rio<\/strong>:\u00a0Citibank New York<\/p>\n<p><strong>Endere\u00e7o do Banco Intermedi\u00e1rio<\/strong>:<br \/>\nNEW YORK, USA<\/p>\n<p><strong>C\u00f3digo SWIFT do Intermedi\u00e1rio<\/strong>:\u00a0CITIUS33<\/p>\n<p><strong>Roteador No\/ABA do Intermedi\u00e1rio<\/strong>:\u00a0021000089<\/p>\n<p><strong>N\u00famero da Conta do Intermedi\u00e1rio<\/strong>:\u00a036320321<\/p>\n<p><strong>(PASSO 2) INFORMA\u00c7\u00c3O DO BANCO DO BENEFICI\u00c1RIO NA NIG\u00c9RIA (CR\u00c9DITO ADICIONAL)<\/strong><\/p>\n<p><strong>Nome do Benefici\u00e1rio<\/strong>:\u00a0The Synagogue, Church Of All Nations<\/p>\n<p><strong>Endere\u00e7o do Benefici\u00e1rio: <\/strong>1 Segun Irefin Street, Ikotun, Lagos<\/p>\n<p><strong>Nome do Banco do Benefici\u00e1rio<\/strong>:\u00a0United Bank For Africa PLC, Nigeria<\/p>\n<p><strong>C\u00f3digo Swift do Benefici\u00e1rio<\/strong>:\u00a0UNAFNGLA<\/p>\n<p><strong>N\u00famero da Conta (Nig\u00e9ria):<\/strong>\u00a03000895216[\/fusion_tab][fusion_tab title=&#8221;Transferir EUR&#8221; icon=&#8221;&#8221;]Por favor, utilize as informa\u00e7\u00f5es seguintes para efetuar transfer\u00eancias em EUR &#8211; EUROS para a conta banc\u00e1ria da Sinagoga, Igreja de Todas as Na\u00e7\u00f5es. Tanto as informa\u00e7\u00f5es do banco intermedi\u00e1rio quanto as do banco do benefici\u00e1rio s\u00e3o obrigat\u00f3rias.<\/p>\n<p>Por favor, envie um email para <a href=\"mailto:info@scoan.org\">info@scoan.org<\/a> quando efetuar a transfer\u00eancia para podermos certificar com voc\u00ea que a transa\u00e7\u00e3o foi realizada com sucesso.<\/p>\n<h3><span style=\"text-decoration: underline;\"><strong>STANDARD CHARTERED<\/strong><\/span><\/h3>\n<p><strong>INFORMA\u00c7\u00c3O DO BANCO DO BENEFICI\u00c1RIO NA NIG\u00c9RIA (CR\u00c9DITO ADICIONAL)<\/strong><\/p>\n<p><strong>Nome do Benefici\u00e1rio<\/strong>:\u00a0The Synagogue, Church Of All Nations<\/p>\n<p><strong>Nome do Banco do Benefici\u00e1rio<\/strong>:\u00a0Standard Chartered Bank Nigeria<\/p>\n<p><strong>Endere\u00e7o do Banco do Benefici\u00e1rio<\/strong>:<br \/>\n105B Ajose Adeogun Street,<br \/>\nVictoria Island<br \/>\nLagos, Nigeria<\/p>\n<p><strong>N\u00famero da Conta (Nig\u00e9ria):<\/strong>\u00a0EUR 0000003744<\/p>\n<p><strong>C\u00f3digo Swift do Benefici\u00e1rio<\/strong>:\u00a0SCBLNGLAPYT[\/fusion_tab][fusion_tab title=&#8221;Transferir GBP&#8221; icon=&#8221;&#8221;]Para os doadores da SCOAN efetuar D\u00e9bito Direto ao inv\u00e9s de usar o PayPal.<\/p>\n<p>Porfavor use: <strong>Emmanuel Global Network(UK) ltd<\/strong><\/p>\n<p>Banco: NatWest<\/p>\n<p>C\u00f3digo de ordena\u00e7\u00e3o: 60-00-01<\/p>\n<p>N\u00famero da Conta: 45723257<\/p>\n<p>BIC <strong>NWBKGB2L<\/strong><\/p>\n<p>IBAN <strong>GB36NWBK60000139267857<\/strong><\/p>\n<p class=\"p1\">&#8212;&#8212;&#8212;&#8212;&#8212;&#8212;&#8212;&#8212;&#8212;&#8212;&#8212;&#8212;&#8212;&#8212;&#8212;&#8212;&#8212;&#8212;&#8212;&#8212;&#8212;&#8212;&#8212;&#8212;&#8212;&#8212;&#8212;&#8212;&#8212;&#8212;&#8212;&#8212;&#8212;&#8212;<\/p>\n<h4>THE BENEFICIARY BANKING DETAILS IN NIGERIA (FURTHER CREDIT)<\/h4>\n<p><strong>Nome do Benefici\u00e1rio<\/strong>:\u00a0The Synagogue, Church Of All Nations<\/p>\n<p><strong>Nome do Banco Intermedi\u00e1rio<\/strong>:\u00a0Standard Chartered Bank Nigeria<\/p>\n<p><strong>Endere\u00e7o do Banco Intermedi\u00e1rio<\/strong>:<br \/>\n105 b Ajose Adeogun Street,<br \/>\nVictoria Island<br \/>\nLagos, Nigeria.<\/p>\n<p><strong>N\u00famero da Conta (Nigeria): <\/strong>GBP 0000003751<\/p>\n<p><strong>C\u00f3digo SWIFT do benefici\u00e1rio<\/strong>:\u00a0SCBLNGLA[\/fusion_tab][fusion_tab title=&#8221;Transferir na NGN&#8221; icon=&#8221;&#8221;]Por favor, utilize as seguintes informa\u00e7\u00f5es para efetuar transfer\u00eancias em NGN:<\/p>\n<h4><span style=\"text-decoration: underline;\"><strong>UBA<\/strong><\/span><\/h4>\n<p><strong>Nome do Benefici\u00e1rio<\/strong>:\u00a0\u00a0 \u00a0THE SYNAGOGUE CHURCH OF ALL NATIONS<br \/>\n<strong>N\u00famero da Conta<\/strong>:\u00a0\u00a0 \u00a0 \u00a01008449680<\/p>\n<h3><\/h3>\n<h4><span style=\"text-decoration: underline;\"><strong>STANDARD CHARTERED BANK<\/strong><\/span><\/h4>\n<p><strong>Nome do Benefici\u00e1rio<\/strong>:\u00a0\u00a0 \u00a0THE SYNAGOGUE CHURCH OF ALL NATIONS<br \/>\n<strong>N\u00famero da Conta<\/strong>:\u00a0\u00a0 \u00a0 NGN0000003737<\/p>\n<h3><\/h3>\n<h4><span style=\"text-decoration: underline;\"><strong>ZENITH BANK<\/strong><\/span><\/h4>\n<p><strong>Nome do Benefici\u00e1rio<\/strong>:\u00a0\u00a0 \u00a0THE SYNAGOGUE CHURCH OF ALL NATIONS<br \/>\n<strong>N\u00famero da Conta<\/strong>:\u00a0\u00a0 \u00a0 1010326168<\/p>\n<h4><span style=\"text-decoration: underline;\"><strong>FIDELITY BANK<\/strong><\/span><\/h4>\n<p><strong>Nome do Benefici\u00e1rio<\/strong>:\u00a0\u00a0 \u00a0THE SYNAGOGUE CHURCH OF ALL NATIONS<br \/>\n<strong>N\u00famero da Conta<\/strong>:\u00a0\u00a0 \u00a0 5210002481<\/p>\n<h4><span style=\"text-decoration: underline;\"><strong>ECOBANK BANK<\/strong><\/span><\/h4>\n<p><strong>Nome do Benefici\u00e1rio<\/strong>:\u00a0\u00a0 \u00a0THE SYNAGOGUE CHURCH OF ALL NATIONS<br \/>\n<strong>N\u00famero da Conta<\/strong>:\u00a0\u00a0 \u00a0 1092005248[\/fusion_tab][\/fusion_tabs][\/one_full][\/fullwidth]<\/p>\n","protected":false},"excerpt":{"rendered":"<p>[fullwidth background_color=&#8221;&#8221; background_image=&#8221;&#8221; background_parallax=&#8221;none&#8221; enable_mobile=&#8221;no&#8221; parallax_speed=&#8221;0.3&#8243; background_repeat=&#8221;no-repeat&#8221; background_position=&#8221;left top&#8221; video_url=&#8221;&#8221; video_aspect_ratio=&#8221;16:9&#8243; video_webm=&#8221;&#8221; video_mp4=&#8221;&#8221; video_ogv=&#8221;&#8221; video_preview_image=&#8221;&#8221; overlay_color=&#8221;&#8221; overlay_opacity=&#8221;0.5&#8243; video_mute=&#8221;yes&#8221; video_loop=&#8221;yes&#8221; fade=&#8221;no&#8221; border_size=&#8221;0px&#8221; border_color=&#8221;&#8221; border_style=&#8221;&#8221; padding_top=&#8221;20&#8243; padding_bottom=&#8221;20&#8243; padding_left=&#8221;&#8221; padding_right=&#8221;&#8221; hundred_percent=&#8221;no&#8221; equal_height_columns=&#8221;no&#8221; hide_on_mobile=&#8221;no&#8221; menu_anchor=&#8221;&#8221; class=&#8221;&#8221; id=&#8221;&#8221;][one_full last=&#8221;yes&#8221; spacing=&#8221;yes&#8221; center_content=&#8221;no&#8221; hide_on_mobile=&#8221;no&#8221; background_color=&#8221;&#8221; background_image=&#8221;&#8221; background_repeat=&#8221;no-repeat&#8221; background_position=&#8221;left top&#8221; hover_type=&#8221;none&#8221; link=&#8221;&#8221; border_position=&#8221;all&#8221; border_size=&#8221;0px&#8221; border_color=&#8221;&#8221; border_style=&#8221;solid&#8221; padding=&#8221;&#8221; margin_top=&#8221;&#8221; margin_bottom=&#8221;&#8221; animation_type=&#8221;0&#8243; animation_direction=&#8221;down&#8221; animation_speed=&#8221;0.1&#8243; animation_offset=&#8221;&#8221; [&hellip;]<\/p>\n","protected":false},"author":85,"featured_media":18272,"parent":18268,"menu_order":0,"comment_status":"closed","ping_status":"closed","template":"","meta":{"_vp_format_video_url":"","_vp_image_focal_point":[],"footnotes":""},"class_list":["post-18273","page","type-page","status-publish","has-post-thumbnail","hentry"],"yoast_head":"<!-- This site is optimized with the Yoast SEO Premium plugin v25.3.1 (Yoast SEO v27.5) - https:\/\/yoast.com\/product\/yoast-seo-premium-wordpress\/ -->\n<title>Transfer\u00eancia Banc\u00e1ria - The Synagogue, Church Of All Nations - SCOAN - Prophet T.B. Joshua<\/title>\n<meta name=\"robots\" content=\"index, follow, max-snippet:-1, max-image-preview:large, max-video-preview:-1\" \/>\n<link rel=\"canonical\" href=\"https:\/\/www.scoan.org\/pt-pt\/doe\/transferencia-bancaria\/\" \/>\n<meta property=\"og:locale\" content=\"pt_PT\" \/>\n<meta property=\"og:type\" content=\"article\" \/>\n<meta property=\"og:title\" content=\"Transfer\u00eancia Banc\u00e1ria\" \/>\n<meta property=\"og:description\" content=\"[fullwidth background_color=&#8221;&#8221; background_image=&#8221;&#8221; background_parallax=&#8221;none&#8221; enable_mobile=&#8221;no&#8221; parallax_speed=&#8221;0.3&#8243; background_repeat=&#8221;no-repeat&#8221; background_position=&#8221;left top&#8221; video_url=&#8221;&#8221; video_aspect_ratio=&#8221;16:9&#8243; video_webm=&#8221;&#8221; video_mp4=&#8221;&#8221; video_ogv=&#8221;&#8221; video_preview_image=&#8221;&#8221; overlay_color=&#8221;&#8221; overlay_opacity=&#8221;0.5&#8243; video_mute=&#8221;yes&#8221; video_loop=&#8221;yes&#8221; fade=&#8221;no&#8221; border_size=&#8221;0px&#8221; border_color=&#8221;&#8221; border_style=&#8221;&#8221; padding_top=&#8221;20&#8243; padding_bottom=&#8221;20&#8243; padding_left=&#8221;&#8221; padding_right=&#8221;&#8221; hundred_percent=&#8221;no&#8221; equal_height_columns=&#8221;no&#8221; hide_on_mobile=&#8221;no&#8221; menu_anchor=&#8221;&#8221; class=&#8221;&#8221; id=&#8221;&#8221;][one_full last=&#8221;yes&#8221; spacing=&#8221;yes&#8221; center_content=&#8221;no&#8221; hide_on_mobile=&#8221;no&#8221; background_color=&#8221;&#8221; background_image=&#8221;&#8221; background_repeat=&#8221;no-repeat&#8221; background_position=&#8221;left top&#8221; hover_type=&#8221;none&#8221; link=&#8221;&#8221; border_position=&#8221;all&#8221; border_size=&#8221;0px&#8221; border_color=&#8221;&#8221; border_style=&#8221;solid&#8221; padding=&#8221;&#8221; margin_top=&#8221;&#8221; margin_bottom=&#8221;&#8221; animation_type=&#8221;0&#8243; animation_direction=&#8221;down&#8221; animation_speed=&#8221;0.1&#8243; animation_offset=&#8221;&#8221; [&hellip;]\" \/>\n<meta property=\"og:url\" content=\"https:\/\/www.scoan.org\/pt-pt\/doe\/transferencia-bancaria\/\" \/>\n<meta property=\"og:site_name\" content=\"The Synagogue, Church Of All Nations - SCOAN - Prophet T.B. Joshua\" \/>\n<meta property=\"article:publisher\" content=\"https:\/\/www.facebook.com\/tbjministries\" \/>\n<meta property=\"article:modified_time\" content=\"2018-03-21T17:24:09+00:00\" \/>\n<meta property=\"og:image\" content=\"https:\/\/www.scoan.org\/wp-content\/blogs.dir\/12\/files\/2016\/08\/Give-Charity-Banner-Page.jpg\" \/>\n\t<meta property=\"og:image:width\" content=\"1349\" \/>\n\t<meta property=\"og:image:height\" content=\"277\" \/>\n\t<meta property=\"og:image:type\" content=\"image\/jpeg\" \/>\n<meta name=\"twitter:card\" content=\"summary_large_image\" \/>\n<meta name=\"twitter:site\" content=\"@SCOANTBJoshua\" \/>\n<meta name=\"twitter:label1\" content=\"Tempo estimado de leitura\" \/>\n\t<meta name=\"twitter:data1\" content=\"4 minutos\" \/>\n<script type=\"application\/ld+json\" class=\"yoast-schema-graph\">{\"@context\":\"https:\\\/\\\/schema.org\",\"@graph\":[{\"@type\":\"WebPage\",\"@id\":\"https:\\\/\\\/www.scoan.org\\\/pt-pt\\\/doe\\\/transferencia-bancaria\\\/\",\"url\":\"https:\\\/\\\/www.scoan.org\\\/pt-pt\\\/doe\\\/transferencia-bancaria\\\/\",\"name\":\"Transfer\u00eancia Banc\u00e1ria - The Synagogue, Church Of All Nations - SCOAN - Prophet T.B. Joshua\",\"isPartOf\":{\"@id\":\"https:\\\/\\\/www.scoan.org\\\/pt-pt\\\/#website\"},\"primaryImageOfPage\":{\"@id\":\"https:\\\/\\\/www.scoan.org\\\/pt-pt\\\/doe\\\/transferencia-bancaria\\\/#primaryimage\"},\"image\":{\"@id\":\"https:\\\/\\\/www.scoan.org\\\/pt-pt\\\/doe\\\/transferencia-bancaria\\\/#primaryimage\"},\"thumbnailUrl\":\"https:\\\/\\\/www.scoan.org\\\/wp-content\\\/blogs.dir\\\/12\\\/files\\\/2016\\\/08\\\/Give-Charity-Banner-Page.jpg\",\"datePublished\":\"2018-01-10T22:09:03+00:00\",\"dateModified\":\"2018-03-21T17:24:09+00:00\",\"breadcrumb\":{\"@id\":\"https:\\\/\\\/www.scoan.org\\\/pt-pt\\\/doe\\\/transferencia-bancaria\\\/#breadcrumb\"},\"inLanguage\":\"pt-PT\",\"potentialAction\":[{\"@type\":\"ReadAction\",\"target\":[\"https:\\\/\\\/www.scoan.org\\\/pt-pt\\\/doe\\\/transferencia-bancaria\\\/\"]}]},{\"@type\":\"ImageObject\",\"inLanguage\":\"pt-PT\",\"@id\":\"https:\\\/\\\/www.scoan.org\\\/pt-pt\\\/doe\\\/transferencia-bancaria\\\/#primaryimage\",\"url\":\"https:\\\/\\\/www.scoan.org\\\/wp-content\\\/blogs.dir\\\/12\\\/files\\\/2016\\\/08\\\/Give-Charity-Banner-Page.jpg\",\"contentUrl\":\"https:\\\/\\\/www.scoan.org\\\/wp-content\\\/blogs.dir\\\/12\\\/files\\\/2016\\\/08\\\/Give-Charity-Banner-Page.jpg\",\"width\":1349,\"height\":277},{\"@type\":\"BreadcrumbList\",\"@id\":\"https:\\\/\\\/www.scoan.org\\\/pt-pt\\\/doe\\\/transferencia-bancaria\\\/#breadcrumb\",\"itemListElement\":[{\"@type\":\"ListItem\",\"position\":1,\"name\":\"Home\",\"item\":\"https:\\\/\\\/www.scoan.org\\\/pt-pt\\\/\"},{\"@type\":\"ListItem\",\"position\":2,\"name\":\"Doe\",\"item\":\"https:\\\/\\\/www.scoan.org\\\/pt-pt\\\/?page_id=18268\"},{\"@type\":\"ListItem\",\"position\":3,\"name\":\"Transfer\u00eancia Banc\u00e1ria\"}]},{\"@type\":\"WebSite\",\"@id\":\"https:\\\/\\\/www.scoan.org\\\/pt-pt\\\/#website\",\"url\":\"https:\\\/\\\/www.scoan.org\\\/pt-pt\\\/\",\"name\":\"The Synagogue, Church Of All Nations - SCOAN - Prophet T.B. Joshua\",\"description\":\"Founded by Prophet TB Joshua\",\"publisher\":{\"@id\":\"https:\\\/\\\/www.scoan.org\\\/pt-pt\\\/#organization\"},\"potentialAction\":[{\"@type\":\"SearchAction\",\"target\":{\"@type\":\"EntryPoint\",\"urlTemplate\":\"https:\\\/\\\/www.scoan.org\\\/pt-pt\\\/?s={search_term_string}\"},\"query-input\":{\"@type\":\"PropertyValueSpecification\",\"valueRequired\":true,\"valueName\":\"search_term_string\"}}],\"inLanguage\":\"pt-PT\"},{\"@type\":\"Organization\",\"@id\":\"https:\\\/\\\/www.scoan.org\\\/pt-pt\\\/#organization\",\"name\":\"The Synagogue, Church Of All Nations - SCOAN - Prophet T.B. Joshua\",\"url\":\"https:\\\/\\\/www.scoan.org\\\/pt-pt\\\/\",\"logo\":{\"@type\":\"ImageObject\",\"inLanguage\":\"pt-PT\",\"@id\":\"https:\\\/\\\/www.scoan.org\\\/pt-pt\\\/#\\\/schema\\\/logo\\\/image\\\/\",\"url\":\"https:\\\/\\\/www.scoan.org\\\/wp-content\\\/blogs.dir\\\/12\\\/files\\\/2016\\\/08\\\/logo-e1711044614299.png\",\"contentUrl\":\"https:\\\/\\\/www.scoan.org\\\/wp-content\\\/blogs.dir\\\/12\\\/files\\\/2016\\\/08\\\/logo-e1711044614299.png\",\"width\":186,\"height\":85,\"caption\":\"The Synagogue, Church Of All Nations - SCOAN - Prophet T.B. Joshua\"},\"image\":{\"@id\":\"https:\\\/\\\/www.scoan.org\\\/pt-pt\\\/#\\\/schema\\\/logo\\\/image\\\/\"},\"sameAs\":[\"https:\\\/\\\/www.facebook.com\\\/tbjministries\",\"https:\\\/\\\/x.com\\\/SCOANTBJoshua\",\"https:\\\/\\\/www.instagram.com\\\/tbjoshua\"]}]}<\/script>\n<!-- \/ Yoast SEO Premium plugin. -->","yoast_head_json":{"title":"Transfer\u00eancia Banc\u00e1ria - The Synagogue, Church Of All Nations - SCOAN - Prophet T.B. Joshua","robots":{"index":"index","follow":"follow","max-snippet":"max-snippet:-1","max-image-preview":"max-image-preview:large","max-video-preview":"max-video-preview:-1"},"canonical":"https:\/\/www.scoan.org\/pt-pt\/doe\/transferencia-bancaria\/","og_locale":"pt_PT","og_type":"article","og_title":"Transfer\u00eancia Banc\u00e1ria","og_description":"[fullwidth background_color=&#8221;&#8221; background_image=&#8221;&#8221; background_parallax=&#8221;none&#8221; enable_mobile=&#8221;no&#8221; parallax_speed=&#8221;0.3&#8243; background_repeat=&#8221;no-repeat&#8221; background_position=&#8221;left top&#8221; video_url=&#8221;&#8221; video_aspect_ratio=&#8221;16:9&#8243; video_webm=&#8221;&#8221; video_mp4=&#8221;&#8221; video_ogv=&#8221;&#8221; video_preview_image=&#8221;&#8221; overlay_color=&#8221;&#8221; overlay_opacity=&#8221;0.5&#8243; video_mute=&#8221;yes&#8221; video_loop=&#8221;yes&#8221; fade=&#8221;no&#8221; border_size=&#8221;0px&#8221; border_color=&#8221;&#8221; border_style=&#8221;&#8221; padding_top=&#8221;20&#8243; padding_bottom=&#8221;20&#8243; padding_left=&#8221;&#8221; padding_right=&#8221;&#8221; hundred_percent=&#8221;no&#8221; equal_height_columns=&#8221;no&#8221; hide_on_mobile=&#8221;no&#8221; menu_anchor=&#8221;&#8221; class=&#8221;&#8221; id=&#8221;&#8221;][one_full last=&#8221;yes&#8221; spacing=&#8221;yes&#8221; center_content=&#8221;no&#8221; hide_on_mobile=&#8221;no&#8221; background_color=&#8221;&#8221; background_image=&#8221;&#8221; background_repeat=&#8221;no-repeat&#8221; background_position=&#8221;left top&#8221; hover_type=&#8221;none&#8221; link=&#8221;&#8221; border_position=&#8221;all&#8221; border_size=&#8221;0px&#8221; border_color=&#8221;&#8221; border_style=&#8221;solid&#8221; padding=&#8221;&#8221; margin_top=&#8221;&#8221; margin_bottom=&#8221;&#8221; animation_type=&#8221;0&#8243; animation_direction=&#8221;down&#8221; animation_speed=&#8221;0.1&#8243; animation_offset=&#8221;&#8221; [&hellip;]","og_url":"https:\/\/www.scoan.org\/pt-pt\/doe\/transferencia-bancaria\/","og_site_name":"The Synagogue, Church Of All Nations - SCOAN - Prophet T.B. Joshua","article_publisher":"https:\/\/www.facebook.com\/tbjministries","article_modified_time":"2018-03-21T17:24:09+00:00","og_image":[{"width":1349,"height":277,"url":"https:\/\/www.scoan.org\/wp-content\/blogs.dir\/12\/files\/2016\/08\/Give-Charity-Banner-Page.jpg","type":"image\/jpeg"}],"twitter_card":"summary_large_image","twitter_site":"@SCOANTBJoshua","twitter_misc":{"Tempo estimado de leitura":"4 minutos"},"schema":{"@context":"https:\/\/schema.org","@graph":[{"@type":"WebPage","@id":"https:\/\/www.scoan.org\/pt-pt\/doe\/transferencia-bancaria\/","url":"https:\/\/www.scoan.org\/pt-pt\/doe\/transferencia-bancaria\/","name":"Transfer\u00eancia Banc\u00e1ria - The Synagogue, Church Of All Nations - SCOAN - Prophet T.B. Joshua","isPartOf":{"@id":"https:\/\/www.scoan.org\/pt-pt\/#website"},"primaryImageOfPage":{"@id":"https:\/\/www.scoan.org\/pt-pt\/doe\/transferencia-bancaria\/#primaryimage"},"image":{"@id":"https:\/\/www.scoan.org\/pt-pt\/doe\/transferencia-bancaria\/#primaryimage"},"thumbnailUrl":"https:\/\/www.scoan.org\/wp-content\/blogs.dir\/12\/files\/2016\/08\/Give-Charity-Banner-Page.jpg","datePublished":"2018-01-10T22:09:03+00:00","dateModified":"2018-03-21T17:24:09+00:00","breadcrumb":{"@id":"https:\/\/www.scoan.org\/pt-pt\/doe\/transferencia-bancaria\/#breadcrumb"},"inLanguage":"pt-PT","potentialAction":[{"@type":"ReadAction","target":["https:\/\/www.scoan.org\/pt-pt\/doe\/transferencia-bancaria\/"]}]},{"@type":"ImageObject","inLanguage":"pt-PT","@id":"https:\/\/www.scoan.org\/pt-pt\/doe\/transferencia-bancaria\/#primaryimage","url":"https:\/\/www.scoan.org\/wp-content\/blogs.dir\/12\/files\/2016\/08\/Give-Charity-Banner-Page.jpg","contentUrl":"https:\/\/www.scoan.org\/wp-content\/blogs.dir\/12\/files\/2016\/08\/Give-Charity-Banner-Page.jpg","width":1349,"height":277},{"@type":"BreadcrumbList","@id":"https:\/\/www.scoan.org\/pt-pt\/doe\/transferencia-bancaria\/#breadcrumb","itemListElement":[{"@type":"ListItem","position":1,"name":"Home","item":"https:\/\/www.scoan.org\/pt-pt\/"},{"@type":"ListItem","position":2,"name":"Doe","item":"https:\/\/www.scoan.org\/pt-pt\/?page_id=18268"},{"@type":"ListItem","position":3,"name":"Transfer\u00eancia Banc\u00e1ria"}]},{"@type":"WebSite","@id":"https:\/\/www.scoan.org\/pt-pt\/#website","url":"https:\/\/www.scoan.org\/pt-pt\/","name":"The Synagogue, Church Of All Nations - SCOAN - Prophet T.B. Joshua","description":"Founded by Prophet TB Joshua","publisher":{"@id":"https:\/\/www.scoan.org\/pt-pt\/#organization"},"potentialAction":[{"@type":"SearchAction","target":{"@type":"EntryPoint","urlTemplate":"https:\/\/www.scoan.org\/pt-pt\/?s={search_term_string}"},"query-input":{"@type":"PropertyValueSpecification","valueRequired":true,"valueName":"search_term_string"}}],"inLanguage":"pt-PT"},{"@type":"Organization","@id":"https:\/\/www.scoan.org\/pt-pt\/#organization","name":"The Synagogue, Church Of All Nations - SCOAN - Prophet T.B. Joshua","url":"https:\/\/www.scoan.org\/pt-pt\/","logo":{"@type":"ImageObject","inLanguage":"pt-PT","@id":"https:\/\/www.scoan.org\/pt-pt\/#\/schema\/logo\/image\/","url":"https:\/\/www.scoan.org\/wp-content\/blogs.dir\/12\/files\/2016\/08\/logo-e1711044614299.png","contentUrl":"https:\/\/www.scoan.org\/wp-content\/blogs.dir\/12\/files\/2016\/08\/logo-e1711044614299.png","width":186,"height":85,"caption":"The Synagogue, Church Of All Nations - SCOAN - Prophet T.B. Joshua"},"image":{"@id":"https:\/\/www.scoan.org\/pt-pt\/#\/schema\/logo\/image\/"},"sameAs":["https:\/\/www.facebook.com\/tbjministries","https:\/\/x.com\/SCOANTBJoshua","https:\/\/www.instagram.com\/tbjoshua"]}]}},"_links":{"self":[{"href":"https:\/\/www.scoan.org\/pt-pt\/wp-json\/wp\/v2\/pages\/18273","targetHints":{"allow":["GET"]}}],"collection":[{"href":"https:\/\/www.scoan.org\/pt-pt\/wp-json\/wp\/v2\/pages"}],"about":[{"href":"https:\/\/www.scoan.org\/pt-pt\/wp-json\/wp\/v2\/types\/page"}],"author":[{"embeddable":true,"href":"https:\/\/www.scoan.org\/pt-pt\/wp-json\/wp\/v2\/users\/85"}],"replies":[{"embeddable":true,"href":"https:\/\/www.scoan.org\/pt-pt\/wp-json\/wp\/v2\/comments?post=18273"}],"version-history":[{"count":2,"href":"https:\/\/www.scoan.org\/pt-pt\/wp-json\/wp\/v2\/pages\/18273\/revisions"}],"predecessor-version":[{"id":19635,"href":"https:\/\/www.scoan.org\/pt-pt\/wp-json\/wp\/v2\/pages\/18273\/revisions\/19635"}],"up":[{"embeddable":true,"href":"https:\/\/www.scoan.org\/pt-pt\/wp-json\/wp\/v2\/pages\/18268"}],"wp:featuredmedia":[{"embeddable":true,"href":"https:\/\/www.scoan.org\/pt-pt\/wp-json\/wp\/v2\/media\/18272"}],"wp:attachment":[{"href":"https:\/\/www.scoan.org\/pt-pt\/wp-json\/wp\/v2\/media?parent=18273"}],"curies":[{"name":"wp","href":"https:\/\/api.w.org\/{rel}","templated":true}]}}