{"id":16866,"date":"2017-10-25T12:03:31","date_gmt":"2017-10-25T12:03:31","guid":{"rendered":"https:\/\/www.scoan.org\/?page_id=16866\/"},"modified":"2018-01-14T22:09:24","modified_gmt":"2018-01-14T22:09:24","slug":"emmanuel-tv","status":"publish","type":"page","link":"https:\/\/www.scoan.org\/pt-pt\/ministerios\/emmanuel-tv\/","title":{"rendered":"Emmanuel TV"},"content":{"rendered":"<p>[fullwidth background_color=&#8221;&#8221; background_image=&#8221;&#8221; background_parallax=&#8221;none&#8221; enable_mobile=&#8221;no&#8221; parallax_speed=&#8221;0.3&#8243; background_repeat=&#8221;no-repeat&#8221; background_position=&#8221;left top&#8221; video_url=&#8221;&#8221; video_aspect_ratio=&#8221;16:9&#8243; video_webm=&#8221;&#8221; video_mp4=&#8221;&#8221; video_ogv=&#8221;&#8221; video_preview_image=&#8221;&#8221; overlay_color=&#8221;&#8221; overlay_opacity=&#8221;0.5&#8243; video_mute=&#8221;yes&#8221; video_loop=&#8221;yes&#8221; fade=&#8221;no&#8221; border_size=&#8221;0px&#8221; border_color=&#8221;&#8221; border_style=&#8221;solid&#8221; padding_top=&#8221;&#8221; padding_bottom=&#8221;&#8221; padding_left=&#8221;&#8221; padding_right=&#8221;&#8221; hundred_percent=&#8221;no&#8221; equal_height_columns=&#8221;no&#8221; hide_on_mobile=&#8221;no&#8221; menu_anchor=&#8221;&#8221; class=&#8221;&#8221; id=&#8221;&#8221;][fusion_text]<a href=\"http:\/\/emmanuel.tv\/\"><img loading=\"lazy\" decoding=\"async\" class=\"alignright size-full wp-image-12401\" src=\"https:\/\/www.scoan.org\/v2\/v3\/files\/2016\/09\/emmanuel_tv_icon.png\" alt=\"emmanuel_tv_icon\" width=\"319\" height=\"153\" srcset=\"https:\/\/www.scoan.org\/wp-content\/blogs.dir\/12\/files\/2016\/09\/emmanuel_tv_icon.png 319w, https:\/\/www.scoan.org\/wp-content\/blogs.dir\/12\/files\/2016\/09\/emmanuel_tv_icon-300x144.png 300w, https:\/\/www.scoan.org\/wp-content\/blogs.dir\/12\/files\/2016\/09\/emmanuel_tv_icon-200x96.png 200w\" sizes=\"auto, (max-width: 319px) 100vw, 319px\" \/><\/a><\/p>\n<p>A Emmanuel TV \u00e9 a esta\u00e7\u00e3o de televis\u00e3o da Sinagoga, Igreja de Todas as Na\u00e7\u00f5es, transmitindo 24 horas por dia, 7 dias por semana em todo o mundo via Sat\u00e9lite e na internet atrav\u00e9s da<\/p>\n<p>O prop\u00f3sito da Emmanuel TV \u00e9 pregar as Boas Novas para toda humanidade. Este prop\u00f3sito \u00e9 que nascemos, vivemos e iremos morrer. A Emmanuel TV est\u00e1 comprometida a mudar vidas, mudar na\u00e7\u00f5es e mudar todo o mundo atrav\u00e9s do Evangelho do Nosso Senhor Jesus Cristo. Jesus Cristo \u00e9 a inspira\u00e7\u00e3o por tr\u00e1s da Emmanuel TV; assim como, o prop\u00f3sito de Deus \u00e9 o nosso prop\u00f3sito.<\/p>\n<p>A B\u00edblia diz que a f\u00e9 vem ao ouvir a Palavra de Deus (Romanos 10:17). A pessoas ouvem e mudam. Na\u00e7\u00f5es ouvem e mudam. O mundo ouve e muda. A Emmanuel TV tem uma mensagem para o mundo inteiro e a mensagem \u00e9 bem simples: \u201cJesus Cristo \u00e9 o mesmo ontem, hoje e para sempre\u201d. Se as pessoas devem crer nisto, algu\u00e9m deve indicar o caminho, e \u00e9 isto que a Emmanuel TV est\u00e1 preparada para fazer.<\/p>\n<p>Voc\u00ea pode assistir a Emmanuel TV <em>online<\/em> clicando no \u00edcone \u201cAssista Online Agora\u201d em nosso website oficial.<\/p>\n<p>A Emmanuel TV atualmente \u00e9 transmitida nos seguintes sat\u00e9lites<\/p>\n<p><strong>Intelsat 10 Ku Band (\u00c1frica)<\/strong><br \/>\nFrequ\u00eancia: 12722 MHz<br \/>\nVelocidade de Transmi\u00e7\u00e3o: 26657 MS\/s<br \/>\nFEC: 1\/2<br \/>\nPolariza\u00e7\u00e3o: Vertical<\/p>\n<p><strong>Thaicom 5i C-Band Global Beam (\u00c1sia, Austr\u00e1lia, Oriente M\u00e9dio e Europa)<\/strong><br \/>\nFrequ\u00eancia: 3640 MHz<br \/>\nVelocidade de Transmi\u00e7\u00e3o: 28066 MS\/s<br \/>\nFEC: 3\/4<br \/>\nPolariza\u00e7\u00e3o: Horizontal<\/p>\n<p><strong>Galaxy 25\/19\u201d Satellite (Am\u00e9rica do Norte)<\/strong><br \/>\nTransponder: 20<br \/>\nFrequ\u00eancia Downlink: 12060 MHz<br \/>\nVelocidade de Transmi\u00e7\u00e3o: 22000 MS\/s<br \/>\nFEC: 3\/4<br \/>\nPolariza\u00e7\u00e3o: Horizontal<\/p>\n<p>[button link=&#8221;https:\/\/emmanuel.tv\/&#8221; color=&#8221;default&#8221; size=&#8221;&#8221; stretch=&#8221;&#8221; type=&#8221;&#8221; shape=&#8221;&#8221; target=&#8221;_blank&#8221; title=&#8221;&#8221; gradient_colors=&#8221;|&#8221; gradient_hover_colors=&#8221;|&#8221; accent_color=&#8221;&#8221; accent_hover_color=&#8221;&#8221; bevel_color=&#8221;&#8221; border_width=&#8221;1px&#8221; icon=&#8221;&#8221; icon_divider=&#8221;yes&#8221; icon_position=&#8221;left&#8221; modal=&#8221;&#8221; animation_type=&#8221;0&#8243; animation_direction=&#8221;down&#8221; animation_speed=&#8221;0.1&#8243; animation_offset=&#8221;&#8221; alignment=&#8221;left&#8221; class=&#8221;btn&#8221; id=&#8221;&#8221;]ASSISTA AO VIVO[\/button][\/fusion_text][\/fullwidth]<\/p>\n","protected":false},"excerpt":{"rendered":"<p>[fullwidth background_color=&#8221;&#8221; background_image=&#8221;&#8221; background_parallax=&#8221;none&#8221; enable_mobile=&#8221;no&#8221; parallax_speed=&#8221;0.3&#8243; background_repeat=&#8221;no-repeat&#8221; background_position=&#8221;left top&#8221; video_url=&#8221;&#8221; video_aspect_ratio=&#8221;16:9&#8243; video_webm=&#8221;&#8221; video_mp4=&#8221;&#8221; video_ogv=&#8221;&#8221; video_preview_image=&#8221;&#8221; overlay_color=&#8221;&#8221; overlay_opacity=&#8221;0.5&#8243; video_mute=&#8221;yes&#8221; video_loop=&#8221;yes&#8221; fade=&#8221;no&#8221; border_size=&#8221;0px&#8221; border_color=&#8221;&#8221; border_style=&#8221;solid&#8221; padding_top=&#8221;&#8221; padding_bottom=&#8221;&#8221; padding_left=&#8221;&#8221; padding_right=&#8221;&#8221; hundred_percent=&#8221;no&#8221; equal_height_columns=&#8221;no&#8221; hide_on_mobile=&#8221;no&#8221; menu_anchor=&#8221;&#8221; class=&#8221;&#8221; id=&#8221;&#8221;][fusion_text] A Emmanuel TV \u00e9 a esta\u00e7\u00e3o de televis\u00e3o da Sinagoga, Igreja de Todas as Na\u00e7\u00f5es, transmitindo 24 horas por dia, 7 dias [&hellip;]<\/p>\n","protected":false},"author":103,"featured_media":18380,"parent":18288,"menu_order":0,"comment_status":"closed","ping_status":"closed","template":"page.php","meta":{"_vp_format_video_url":"","_vp_image_focal_point":[],"footnotes":""},"class_list":["post-16866","page","type-page","status-publish","has-post-thumbnail","hentry"],"yoast_head":"<!-- This site is optimized with the Yoast SEO Premium plugin v25.3.1 (Yoast SEO v27.3) - https:\/\/yoast.com\/product\/yoast-seo-premium-wordpress\/ -->\n<title>Emmanuel TV - The Synagogue, Church Of All Nations - SCOAN - Prophet T.B. Joshua<\/title>\n<meta name=\"robots\" content=\"index, follow, max-snippet:-1, max-image-preview:large, max-video-preview:-1\" \/>\n<link rel=\"canonical\" href=\"https:\/\/www.scoan.org\/pt-pt\/ministerios\/emmanuel-tv\/\" \/>\n<meta property=\"og:locale\" content=\"pt_PT\" \/>\n<meta property=\"og:type\" content=\"article\" \/>\n<meta property=\"og:title\" content=\"Emmanuel TV\" \/>\n<meta property=\"og:description\" content=\"[fullwidth background_color=&#8221;&#8221; background_image=&#8221;&#8221; background_parallax=&#8221;none&#8221; enable_mobile=&#8221;no&#8221; parallax_speed=&#8221;0.3&#8243; background_repeat=&#8221;no-repeat&#8221; background_position=&#8221;left top&#8221; video_url=&#8221;&#8221; video_aspect_ratio=&#8221;16:9&#8243; video_webm=&#8221;&#8221; video_mp4=&#8221;&#8221; video_ogv=&#8221;&#8221; video_preview_image=&#8221;&#8221; overlay_color=&#8221;&#8221; overlay_opacity=&#8221;0.5&#8243; video_mute=&#8221;yes&#8221; video_loop=&#8221;yes&#8221; fade=&#8221;no&#8221; border_size=&#8221;0px&#8221; border_color=&#8221;&#8221; border_style=&#8221;solid&#8221; padding_top=&#8221;&#8221; padding_bottom=&#8221;&#8221; padding_left=&#8221;&#8221; padding_right=&#8221;&#8221; hundred_percent=&#8221;no&#8221; equal_height_columns=&#8221;no&#8221; hide_on_mobile=&#8221;no&#8221; menu_anchor=&#8221;&#8221; class=&#8221;&#8221; id=&#8221;&#8221;][fusion_text] A Emmanuel TV \u00e9 a esta\u00e7\u00e3o de televis\u00e3o da Sinagoga, Igreja de Todas as Na\u00e7\u00f5es, transmitindo 24 horas por dia, 7 dias [&hellip;]\" \/>\n<meta property=\"og:url\" content=\"https:\/\/www.scoan.org\/pt-pt\/ministerios\/emmanuel-tv\/\" \/>\n<meta property=\"og:site_name\" content=\"The Synagogue, Church Of All Nations - SCOAN - Prophet T.B. Joshua\" \/>\n<meta property=\"article:publisher\" content=\"https:\/\/www.facebook.com\/tbjministries\" \/>\n<meta property=\"article:modified_time\" content=\"2018-01-14T22:09:24+00:00\" \/>\n<meta property=\"og:image\" content=\"https:\/\/www.scoan.org\/wp-content\/blogs.dir\/12\/files\/2016\/09\/emmanuel_tv_icon.png\" \/>\n\t<meta property=\"og:image:width\" content=\"319\" \/>\n\t<meta property=\"og:image:height\" content=\"153\" \/>\n\t<meta property=\"og:image:type\" content=\"image\/png\" \/>\n<meta name=\"twitter:card\" content=\"summary_large_image\" \/>\n<meta name=\"twitter:site\" content=\"@SCOANTBJoshua\" \/>\n<meta name=\"twitter:label1\" content=\"Tempo estimado de leitura\" \/>\n\t<meta name=\"twitter:data1\" content=\"2 minutos\" \/>\n<script type=\"application\/ld+json\" class=\"yoast-schema-graph\">{\"@context\":\"https:\\\/\\\/schema.org\",\"@graph\":[{\"@type\":\"WebPage\",\"@id\":\"https:\\\/\\\/www.scoan.org\\\/pt-pt\\\/ministerios\\\/emmanuel-tv\\\/\",\"url\":\"https:\\\/\\\/www.scoan.org\\\/pt-pt\\\/ministerios\\\/emmanuel-tv\\\/\",\"name\":\"Emmanuel TV - The Synagogue, Church Of All Nations - SCOAN - Prophet T.B. Joshua\",\"isPartOf\":{\"@id\":\"https:\\\/\\\/www.scoan.org\\\/pt-pt\\\/#website\"},\"primaryImageOfPage\":{\"@id\":\"https:\\\/\\\/www.scoan.org\\\/pt-pt\\\/ministerios\\\/emmanuel-tv\\\/#primaryimage\"},\"image\":{\"@id\":\"https:\\\/\\\/www.scoan.org\\\/pt-pt\\\/ministerios\\\/emmanuel-tv\\\/#primaryimage\"},\"thumbnailUrl\":\"https:\\\/\\\/www.scoan.org\\\/wp-content\\\/blogs.dir\\\/12\\\/files\\\/2016\\\/09\\\/emmanuel_tv_icon.png\",\"datePublished\":\"2017-10-25T12:03:31+00:00\",\"dateModified\":\"2018-01-14T22:09:24+00:00\",\"breadcrumb\":{\"@id\":\"https:\\\/\\\/www.scoan.org\\\/pt-pt\\\/ministerios\\\/emmanuel-tv\\\/#breadcrumb\"},\"inLanguage\":\"pt-PT\",\"potentialAction\":[{\"@type\":\"ReadAction\",\"target\":[\"https:\\\/\\\/www.scoan.org\\\/pt-pt\\\/ministerios\\\/emmanuel-tv\\\/\"]}]},{\"@type\":\"ImageObject\",\"inLanguage\":\"pt-PT\",\"@id\":\"https:\\\/\\\/www.scoan.org\\\/pt-pt\\\/ministerios\\\/emmanuel-tv\\\/#primaryimage\",\"url\":\"https:\\\/\\\/www.scoan.org\\\/wp-content\\\/blogs.dir\\\/12\\\/files\\\/2016\\\/09\\\/emmanuel_tv_icon.png\",\"contentUrl\":\"https:\\\/\\\/www.scoan.org\\\/wp-content\\\/blogs.dir\\\/12\\\/files\\\/2016\\\/09\\\/emmanuel_tv_icon.png\",\"width\":319,\"height\":153},{\"@type\":\"BreadcrumbList\",\"@id\":\"https:\\\/\\\/www.scoan.org\\\/pt-pt\\\/ministerios\\\/emmanuel-tv\\\/#breadcrumb\",\"itemListElement\":[{\"@type\":\"ListItem\",\"position\":1,\"name\":\"Home\",\"item\":\"https:\\\/\\\/www.scoan.org\\\/pt-pt\\\/\"},{\"@type\":\"ListItem\",\"position\":2,\"name\":\"Minist\u00e9rios\",\"item\":\"https:\\\/\\\/www.scoan.org\\\/pt-pt\\\/ministerios\\\/\"},{\"@type\":\"ListItem\",\"position\":3,\"name\":\"Emmanuel TV\"}]},{\"@type\":\"WebSite\",\"@id\":\"https:\\\/\\\/www.scoan.org\\\/pt-pt\\\/#website\",\"url\":\"https:\\\/\\\/www.scoan.org\\\/pt-pt\\\/\",\"name\":\"The Synagogue, Church Of All Nations - SCOAN - Prophet T.B. Joshua\",\"description\":\"Founded by Prophet TB Joshua\",\"publisher\":{\"@id\":\"https:\\\/\\\/www.scoan.org\\\/pt-pt\\\/#organization\"},\"potentialAction\":[{\"@type\":\"SearchAction\",\"target\":{\"@type\":\"EntryPoint\",\"urlTemplate\":\"https:\\\/\\\/www.scoan.org\\\/pt-pt\\\/?s={search_term_string}\"},\"query-input\":{\"@type\":\"PropertyValueSpecification\",\"valueRequired\":true,\"valueName\":\"search_term_string\"}}],\"inLanguage\":\"pt-PT\"},{\"@type\":\"Organization\",\"@id\":\"https:\\\/\\\/www.scoan.org\\\/pt-pt\\\/#organization\",\"name\":\"The Synagogue, Church Of All Nations - SCOAN - Prophet T.B. Joshua\",\"url\":\"https:\\\/\\\/www.scoan.org\\\/pt-pt\\\/\",\"logo\":{\"@type\":\"ImageObject\",\"inLanguage\":\"pt-PT\",\"@id\":\"https:\\\/\\\/www.scoan.org\\\/pt-pt\\\/#\\\/schema\\\/logo\\\/image\\\/\",\"url\":\"https:\\\/\\\/www.scoan.org\\\/wp-content\\\/blogs.dir\\\/12\\\/files\\\/2016\\\/08\\\/logo-e1711044614299.png\",\"contentUrl\":\"https:\\\/\\\/www.scoan.org\\\/wp-content\\\/blogs.dir\\\/12\\\/files\\\/2016\\\/08\\\/logo-e1711044614299.png\",\"width\":186,\"height\":85,\"caption\":\"The Synagogue, Church Of All Nations - SCOAN - Prophet T.B. Joshua\"},\"image\":{\"@id\":\"https:\\\/\\\/www.scoan.org\\\/pt-pt\\\/#\\\/schema\\\/logo\\\/image\\\/\"},\"sameAs\":[\"https:\\\/\\\/www.facebook.com\\\/tbjministries\",\"https:\\\/\\\/x.com\\\/SCOANTBJoshua\",\"https:\\\/\\\/www.instagram.com\\\/tbjoshua\"]}]}<\/script>\n<!-- \/ Yoast SEO Premium plugin. -->","yoast_head_json":{"title":"Emmanuel TV - The Synagogue, Church Of All Nations - SCOAN - Prophet T.B. Joshua","robots":{"index":"index","follow":"follow","max-snippet":"max-snippet:-1","max-image-preview":"max-image-preview:large","max-video-preview":"max-video-preview:-1"},"canonical":"https:\/\/www.scoan.org\/pt-pt\/ministerios\/emmanuel-tv\/","og_locale":"pt_PT","og_type":"article","og_title":"Emmanuel TV","og_description":"[fullwidth background_color=&#8221;&#8221; background_image=&#8221;&#8221; background_parallax=&#8221;none&#8221; enable_mobile=&#8221;no&#8221; parallax_speed=&#8221;0.3&#8243; background_repeat=&#8221;no-repeat&#8221; background_position=&#8221;left top&#8221; video_url=&#8221;&#8221; video_aspect_ratio=&#8221;16:9&#8243; video_webm=&#8221;&#8221; video_mp4=&#8221;&#8221; video_ogv=&#8221;&#8221; video_preview_image=&#8221;&#8221; overlay_color=&#8221;&#8221; overlay_opacity=&#8221;0.5&#8243; video_mute=&#8221;yes&#8221; video_loop=&#8221;yes&#8221; fade=&#8221;no&#8221; border_size=&#8221;0px&#8221; border_color=&#8221;&#8221; border_style=&#8221;solid&#8221; padding_top=&#8221;&#8221; padding_bottom=&#8221;&#8221; padding_left=&#8221;&#8221; padding_right=&#8221;&#8221; hundred_percent=&#8221;no&#8221; equal_height_columns=&#8221;no&#8221; hide_on_mobile=&#8221;no&#8221; menu_anchor=&#8221;&#8221; class=&#8221;&#8221; id=&#8221;&#8221;][fusion_text] A Emmanuel TV \u00e9 a esta\u00e7\u00e3o de televis\u00e3o da Sinagoga, Igreja de Todas as Na\u00e7\u00f5es, transmitindo 24 horas por dia, 7 dias [&hellip;]","og_url":"https:\/\/www.scoan.org\/pt-pt\/ministerios\/emmanuel-tv\/","og_site_name":"The Synagogue, Church Of All Nations - SCOAN - Prophet T.B. Joshua","article_publisher":"https:\/\/www.facebook.com\/tbjministries","article_modified_time":"2018-01-14T22:09:24+00:00","og_image":[{"width":319,"height":153,"url":"https:\/\/www.scoan.org\/wp-content\/blogs.dir\/12\/files\/2016\/09\/emmanuel_tv_icon.png","type":"image\/png"}],"twitter_card":"summary_large_image","twitter_site":"@SCOANTBJoshua","twitter_misc":{"Tempo estimado de leitura":"2 minutos"},"schema":{"@context":"https:\/\/schema.org","@graph":[{"@type":"WebPage","@id":"https:\/\/www.scoan.org\/pt-pt\/ministerios\/emmanuel-tv\/","url":"https:\/\/www.scoan.org\/pt-pt\/ministerios\/emmanuel-tv\/","name":"Emmanuel TV - The Synagogue, Church Of All Nations - SCOAN - Prophet T.B. Joshua","isPartOf":{"@id":"https:\/\/www.scoan.org\/pt-pt\/#website"},"primaryImageOfPage":{"@id":"https:\/\/www.scoan.org\/pt-pt\/ministerios\/emmanuel-tv\/#primaryimage"},"image":{"@id":"https:\/\/www.scoan.org\/pt-pt\/ministerios\/emmanuel-tv\/#primaryimage"},"thumbnailUrl":"https:\/\/www.scoan.org\/wp-content\/blogs.dir\/12\/files\/2016\/09\/emmanuel_tv_icon.png","datePublished":"2017-10-25T12:03:31+00:00","dateModified":"2018-01-14T22:09:24+00:00","breadcrumb":{"@id":"https:\/\/www.scoan.org\/pt-pt\/ministerios\/emmanuel-tv\/#breadcrumb"},"inLanguage":"pt-PT","potentialAction":[{"@type":"ReadAction","target":["https:\/\/www.scoan.org\/pt-pt\/ministerios\/emmanuel-tv\/"]}]},{"@type":"ImageObject","inLanguage":"pt-PT","@id":"https:\/\/www.scoan.org\/pt-pt\/ministerios\/emmanuel-tv\/#primaryimage","url":"https:\/\/www.scoan.org\/wp-content\/blogs.dir\/12\/files\/2016\/09\/emmanuel_tv_icon.png","contentUrl":"https:\/\/www.scoan.org\/wp-content\/blogs.dir\/12\/files\/2016\/09\/emmanuel_tv_icon.png","width":319,"height":153},{"@type":"BreadcrumbList","@id":"https:\/\/www.scoan.org\/pt-pt\/ministerios\/emmanuel-tv\/#breadcrumb","itemListElement":[{"@type":"ListItem","position":1,"name":"Home","item":"https:\/\/www.scoan.org\/pt-pt\/"},{"@type":"ListItem","position":2,"name":"Minist\u00e9rios","item":"https:\/\/www.scoan.org\/pt-pt\/ministerios\/"},{"@type":"ListItem","position":3,"name":"Emmanuel TV"}]},{"@type":"WebSite","@id":"https:\/\/www.scoan.org\/pt-pt\/#website","url":"https:\/\/www.scoan.org\/pt-pt\/","name":"The Synagogue, Church Of All Nations - SCOAN - Prophet T.B. Joshua","description":"Founded by Prophet TB Joshua","publisher":{"@id":"https:\/\/www.scoan.org\/pt-pt\/#organization"},"potentialAction":[{"@type":"SearchAction","target":{"@type":"EntryPoint","urlTemplate":"https:\/\/www.scoan.org\/pt-pt\/?s={search_term_string}"},"query-input":{"@type":"PropertyValueSpecification","valueRequired":true,"valueName":"search_term_string"}}],"inLanguage":"pt-PT"},{"@type":"Organization","@id":"https:\/\/www.scoan.org\/pt-pt\/#organization","name":"The Synagogue, Church Of All Nations - SCOAN - Prophet T.B. Joshua","url":"https:\/\/www.scoan.org\/pt-pt\/","logo":{"@type":"ImageObject","inLanguage":"pt-PT","@id":"https:\/\/www.scoan.org\/pt-pt\/#\/schema\/logo\/image\/","url":"https:\/\/www.scoan.org\/wp-content\/blogs.dir\/12\/files\/2016\/08\/logo-e1711044614299.png","contentUrl":"https:\/\/www.scoan.org\/wp-content\/blogs.dir\/12\/files\/2016\/08\/logo-e1711044614299.png","width":186,"height":85,"caption":"The Synagogue, Church Of All Nations - SCOAN - Prophet T.B. Joshua"},"image":{"@id":"https:\/\/www.scoan.org\/pt-pt\/#\/schema\/logo\/image\/"},"sameAs":["https:\/\/www.facebook.com\/tbjministries","https:\/\/x.com\/SCOANTBJoshua","https:\/\/www.instagram.com\/tbjoshua"]}]}},"_links":{"self":[{"href":"https:\/\/www.scoan.org\/pt-pt\/wp-json\/wp\/v2\/pages\/16866","targetHints":{"allow":["GET"]}}],"collection":[{"href":"https:\/\/www.scoan.org\/pt-pt\/wp-json\/wp\/v2\/pages"}],"about":[{"href":"https:\/\/www.scoan.org\/pt-pt\/wp-json\/wp\/v2\/types\/page"}],"author":[{"embeddable":true,"href":"https:\/\/www.scoan.org\/pt-pt\/wp-json\/wp\/v2\/users\/103"}],"replies":[{"embeddable":true,"href":"https:\/\/www.scoan.org\/pt-pt\/wp-json\/wp\/v2\/comments?post=16866"}],"version-history":[{"count":4,"href":"https:\/\/www.scoan.org\/pt-pt\/wp-json\/wp\/v2\/pages\/16866\/revisions"}],"predecessor-version":[{"id":18383,"href":"https:\/\/www.scoan.org\/pt-pt\/wp-json\/wp\/v2\/pages\/16866\/revisions\/18383"}],"up":[{"embeddable":true,"href":"https:\/\/www.scoan.org\/pt-pt\/wp-json\/wp\/v2\/pages\/18288"}],"wp:featuredmedia":[{"embeddable":true,"href":"https:\/\/www.scoan.org\/pt-pt\/wp-json\/wp\/v2\/media\/18380"}],"wp:attachment":[{"href":"https:\/\/www.scoan.org\/pt-pt\/wp-json\/wp\/v2\/media?parent=16866"}],"curies":[{"name":"wp","href":"https:\/\/api.w.org\/{rel}","templated":true}]}}