{"id":84589,"date":"2024-04-09T16:01:00","date_gmt":"2024-04-09T16:01:00","guid":{"rendered":"https:\/\/www.scoan.org\/branches\/"},"modified":"2024-05-17T15:47:46","modified_gmt":"2024-05-17T15:47:46","slug":"branches","status":"publish","type":"page","link":"https:\/\/www.scoan.org\/fr\/branches\/","title":{"rendered":"Branches"},"content":{"rendered":"\t\t<div data-elementor-type=\"wp-page\" data-elementor-id=\"84589\" class=\"elementor elementor-84589\" data-elementor-post-type=\"page\">\n\t\t\t\t<div class=\"elementor-element elementor-element-7f9e024 e-flex e-con-boxed e-con e-parent\" data-id=\"7f9e024\" data-element_type=\"container\">\n\t\t\t\t\t<div class=\"e-con-inner\">\n\t\t\t\t<div class=\"elementor-element elementor-element-0332734 elementor-widget elementor-widget-heading\" data-id=\"0332734\" data-element_type=\"widget\" data-widget_type=\"heading.default\">\n\t\t\t\t<div class=\"elementor-widget-container\">\n\t\t\t\t\t<h3 class=\"elementor-heading-title elementor-size-default\">Branches<\/h3>\t\t\t\t<\/div>\n\t\t\t\t<\/div>\n\t\t\t\t\t<\/div>\n\t\t\t\t<\/div>\n\t\t<div class=\"elementor-element elementor-element-56b0539 e-flex e-con-boxed e-con e-parent\" data-id=\"56b0539\" data-element_type=\"container\">\n\t\t\t\t\t<div class=\"e-con-inner\">\n\t\t<div class=\"elementor-element elementor-element-25b5d2a e-con-full e-flex e-con e-child\" data-id=\"25b5d2a\" data-element_type=\"container\">\n\t\t\t\t<div class=\"elementor-element elementor-element-af4fb1f elementor-widget elementor-widget-heading\" data-id=\"af4fb1f\" data-element_type=\"widget\" data-widget_type=\"heading.default\">\n\t\t\t\t<div class=\"elementor-widget-container\">\n\t\t\t\t\t<h3 class=\"elementor-heading-title elementor-size-default\">LA SYNAGOGUE \u00c9GLISE DE TOUTES LES NATIONS (SCOAN) - BRANCHE DU GHANA<\/h3>\t\t\t\t<\/div>\n\t\t\t\t<\/div>\n\t\t\t\t<div class=\"elementor-element elementor-element-8c8acd6 elementor--h-position-center elementor--v-position-middle elementor-pagination-position-inside elementor-widget elementor-widget-slides\" data-id=\"8c8acd6\" data-element_type=\"widget\" data-settings=\"{&quot;navigation&quot;:&quot;dots&quot;,&quot;transition&quot;:&quot;fade&quot;,&quot;autoplay&quot;:&quot;yes&quot;,&quot;autoplay_speed&quot;:5000,&quot;infinite&quot;:&quot;yes&quot;,&quot;transition_speed&quot;:500}\" data-widget_type=\"slides.default\">\n\t\t\t\t<div class=\"elementor-widget-container\">\n\t\t\t\t\t\t\t\t\t<div class=\"elementor-swiper\">\n\t\t\t\t\t<div class=\"elementor-slides-wrapper elementor-main-swiper swiper\" role=\"region\" aria-roledescription=\"carousel\" aria-label=\"Diapositives\" dir=\"ltr\" data-animation=\"fadeInUp\">\n\t\t\t\t<div class=\"swiper-wrapper elementor-slides\">\n\t\t\t\t\t\t\t\t\t\t<div class=\"elementor-repeater-item-6eda582 swiper-slide\" role=\"group\" aria-roledescription=\"slide\"><div class=\"swiper-slide-bg\" role=\"img\"><\/div><div class=\"swiper-slide-inner\" ><div class=\"swiper-slide-contents\"><\/div><\/div><\/div><div class=\"elementor-repeater-item-0eb09dd swiper-slide\" role=\"group\" aria-roledescription=\"slide\"><div class=\"swiper-slide-bg\" role=\"img\"><\/div><div class=\"swiper-slide-inner\" ><div class=\"swiper-slide-contents\"><\/div><\/div><\/div><div class=\"elementor-repeater-item-35f2a6a swiper-slide\" role=\"group\" aria-roledescription=\"slide\"><div class=\"swiper-slide-bg\" role=\"img\"><\/div><div class=\"swiper-slide-inner\" ><div class=\"swiper-slide-contents\"><\/div><\/div><\/div><div class=\"elementor-repeater-item-bf40d28 swiper-slide\" role=\"group\" aria-roledescription=\"slide\"><div class=\"swiper-slide-bg\" role=\"img\"><\/div><div class=\"swiper-slide-inner\" ><div class=\"swiper-slide-contents\"><\/div><\/div><\/div>\t\t\t\t<\/div>\n\t\t\t\t\t\t\t\t\t\t\t\t\t\t\t\t\t\t\t\t<div class=\"swiper-pagination\"><\/div>\n\t\t\t\t\t\t\t\t\t\t\t\t<\/div>\n\t\t\t\t<\/div>\n\t\t\t\t\t\t\t\t<\/div>\n\t\t\t\t<\/div>\n\t\t\t\t<div class=\"elementor-element elementor-element-6d3bd39 elementor-widget elementor-widget-text-editor\" data-id=\"6d3bd39\" data-element_type=\"widget\" data-widget_type=\"text-editor.default\">\n\t\t\t\t<div class=\"elementor-widget-container\">\n\t\t\t\t\t\t\t\t\t<p>Rejoignez-nous pour adorer \u00e0 la Synagogue, \u00c9glise de Toutes les Nations, branche du Ghana !<\/p>\n<p>Dieu est dans la maison, par Sa Parole et par Son Esprit. Venez faire l&rsquo;exp\u00e9rience des miracles, de la d\u00e9livrance et des enseignements de construction de la foi qui feront passer votre relation avec Dieu \u00e0 un autre niveau.<\/p>\n<p>Pour obtenir des renseignements sur la visite de l&rsquo;\u00e9glise et des indications sur la fa\u00e7on de nous trouver, veuillez contacter :<\/p>\n<p>The Synagogue, Church Of All Nations, Accra, Ghana Branch,<\/p>\n<p>P.O. Box CT 8689<\/p>\n<p>Cantonment<\/p>\n<p>Accra, Ghana.<\/p>\n<p>T\u00e9l : + 233.27.7701335<\/p>\n<p>Courriel : <a href=\"mailto:ghana@scoan.org\">ghana@scoan.org<\/a><\/p>\n\t\t\t\t\t\t\t\t<\/div>\n\t\t\t\t<\/div>\n\t\t\t\t<\/div>\n\t\t<div class=\"elementor-element elementor-element-e09a5f2 e-con-full e-flex e-con e-child\" data-id=\"e09a5f2\" data-element_type=\"container\">\n\t\t\t\t<div class=\"elementor-element elementor-element-4bfd8e4 elementor-widget elementor-widget-heading\" data-id=\"4bfd8e4\" data-element_type=\"widget\" data-widget_type=\"heading.default\">\n\t\t\t\t<div class=\"elementor-widget-container\">\n\t\t\t\t\t<h3 class=\"elementor-heading-title elementor-size-default\">SYNAGOGUE \u00c9GLISE DE TOUTES LES NATIONS (SCOAN) - BRANCHE AKURE<\/h3>\t\t\t\t<\/div>\n\t\t\t\t<\/div>\n\t\t\t\t<div class=\"elementor-element elementor-element-eb90ceb elementor--h-position-center elementor--v-position-middle elementor-pagination-position-inside elementor-widget elementor-widget-slides\" data-id=\"eb90ceb\" data-element_type=\"widget\" data-settings=\"{&quot;navigation&quot;:&quot;dots&quot;,&quot;transition&quot;:&quot;fade&quot;,&quot;autoplay&quot;:&quot;yes&quot;,&quot;autoplay_speed&quot;:5000,&quot;infinite&quot;:&quot;yes&quot;,&quot;transition_speed&quot;:500}\" data-widget_type=\"slides.default\">\n\t\t\t\t<div class=\"elementor-widget-container\">\n\t\t\t\t\t\t\t\t\t<div class=\"elementor-swiper\">\n\t\t\t\t\t<div class=\"elementor-slides-wrapper elementor-main-swiper swiper\" role=\"region\" aria-roledescription=\"carousel\" aria-label=\"Diapositives\" dir=\"ltr\" data-animation=\"fadeInUp\">\n\t\t\t\t<div class=\"swiper-wrapper elementor-slides\">\n\t\t\t\t\t\t\t\t\t\t<div class=\"elementor-repeater-item-d62dd2e swiper-slide\" role=\"group\" aria-roledescription=\"slide\"><div class=\"swiper-slide-bg\" role=\"img\"><\/div><div class=\"swiper-slide-inner\" ><div class=\"swiper-slide-contents\"><\/div><\/div><\/div><div class=\"elementor-repeater-item-df0e0fc swiper-slide\" role=\"group\" aria-roledescription=\"slide\"><div class=\"swiper-slide-bg\" role=\"img\"><\/div><div class=\"swiper-slide-inner\" ><div class=\"swiper-slide-contents\"><\/div><\/div><\/div><div class=\"elementor-repeater-item-b91ff96 swiper-slide\" role=\"group\" aria-roledescription=\"slide\"><div class=\"swiper-slide-bg\" role=\"img\"><\/div><div class=\"swiper-slide-inner\" ><div class=\"swiper-slide-contents\"><\/div><\/div><\/div>\t\t\t\t<\/div>\n\t\t\t\t\t\t\t\t\t\t\t\t\t\t\t\t\t\t\t\t<div class=\"swiper-pagination\"><\/div>\n\t\t\t\t\t\t\t\t\t\t\t\t<\/div>\n\t\t\t\t<\/div>\n\t\t\t\t\t\t\t\t<\/div>\n\t\t\t\t<\/div>\n\t\t\t\t<div class=\"elementor-element elementor-element-ba7dab1 elementor-widget elementor-widget-text-editor\" data-id=\"ba7dab1\" data-element_type=\"widget\" data-widget_type=\"text-editor.default\">\n\t\t\t\t<div class=\"elementor-widget-container\">\n\t\t\t\t\t\t\t\t\t<p>Rejoignez-nous pour le culte \u00e0 la Synagogue, \u00c9glise de Toutes les Nations, branche d&rsquo;Akure !<br \/>\nEn face de la station NNPC Mega, le long de l&rsquo;autoroute ILESHA-OWO.<\/p>\n\t\t\t\t\t\t\t\t<\/div>\n\t\t\t\t<\/div>\n\t\t\t\t<\/div>\n\t\t\t\t\t<\/div>\n\t\t\t\t<\/div>\n\t\t\t\t<\/div>\n\t\t","protected":false},"excerpt":{"rendered":"<p>Branches LA SYNAGOGUE \u00c9GLISE DE TOUTES LES NATIONS (SCOAN) &#8211; BRANCHE DU GHANA Rejoignez-nous pour adorer \u00e0 la Synagogue, \u00c9glise de Toutes les Nations, branche du Ghana ! Dieu est dans la maison, par Sa Parole et par Son Esprit. Venez faire l&rsquo;exp\u00e9rience des miracles, de la d\u00e9livrance et des enseignements de construction de la [&hellip;]<\/p>\n","protected":false},"author":73,"featured_media":0,"parent":0,"menu_order":0,"comment_status":"closed","ping_status":"closed","template":"elementor_header_footer","meta":{"_vp_format_video_url":"","_vp_image_focal_point":[],"footnotes":""},"class_list":["post-84589","page","type-page","status-publish","hentry"],"yoast_head":"<!-- This site is optimized with the Yoast SEO Premium plugin v25.3.1 (Yoast SEO v27.5) - https:\/\/yoast.com\/product\/yoast-seo-premium-wordpress\/ -->\n<title>Branches - The Synagogue, Church Of All Nations - SCOAN - Prophet T.B. Joshua<\/title>\n<meta name=\"robots\" content=\"index, follow, max-snippet:-1, max-image-preview:large, max-video-preview:-1\" \/>\n<link rel=\"canonical\" href=\"https:\/\/www.scoan.org\/fr\/branches\/\" \/>\n<meta property=\"og:locale\" content=\"fr_FR\" \/>\n<meta property=\"og:type\" content=\"article\" \/>\n<meta property=\"og:title\" content=\"Branches\" \/>\n<meta property=\"og:description\" content=\"Branches LA SYNAGOGUE \u00c9GLISE DE TOUTES LES NATIONS (SCOAN) &#8211; BRANCHE DU GHANA Rejoignez-nous pour adorer \u00e0 la Synagogue, \u00c9glise de Toutes les Nations, branche du Ghana ! Dieu est dans la maison, par Sa Parole et par Son Esprit. Venez faire l&rsquo;exp\u00e9rience des miracles, de la d\u00e9livrance et des enseignements de construction de la [&hellip;]\" \/>\n<meta property=\"og:url\" content=\"https:\/\/www.scoan.org\/fr\/branches\/\" \/>\n<meta property=\"og:site_name\" content=\"The Synagogue, Church Of All Nations - SCOAN - Prophet T.B. Joshua\" \/>\n<meta property=\"article:publisher\" content=\"https:\/\/www.facebook.com\/tbjministries\" \/>\n<meta property=\"article:modified_time\" content=\"2024-05-17T15:47:46+00:00\" \/>\n<meta name=\"twitter:card\" content=\"summary_large_image\" \/>\n<meta name=\"twitter:site\" content=\"@SCOANTBJoshua\" \/>\n<meta name=\"twitter:label1\" content=\"Dur\u00e9e de lecture estim\u00e9e\" \/>\n\t<meta name=\"twitter:data1\" content=\"1 minute\" \/>\n<script type=\"application\/ld+json\" class=\"yoast-schema-graph\">{\"@context\":\"https:\\\/\\\/schema.org\",\"@graph\":[{\"@type\":\"WebPage\",\"@id\":\"https:\\\/\\\/www.scoan.org\\\/fr\\\/branches\\\/\",\"url\":\"https:\\\/\\\/www.scoan.org\\\/fr\\\/branches\\\/\",\"name\":\"Branches - The Synagogue, Church Of All Nations - SCOAN - Prophet T.B. Joshua\",\"isPartOf\":{\"@id\":\"https:\\\/\\\/www.scoan.org\\\/fr\\\/#website\"},\"datePublished\":\"2024-04-09T16:01:00+00:00\",\"dateModified\":\"2024-05-17T15:47:46+00:00\",\"breadcrumb\":{\"@id\":\"https:\\\/\\\/www.scoan.org\\\/fr\\\/branches\\\/#breadcrumb\"},\"inLanguage\":\"fr-FR\",\"potentialAction\":[{\"@type\":\"ReadAction\",\"target\":[\"https:\\\/\\\/www.scoan.org\\\/fr\\\/branches\\\/\"]}]},{\"@type\":\"BreadcrumbList\",\"@id\":\"https:\\\/\\\/www.scoan.org\\\/fr\\\/branches\\\/#breadcrumb\",\"itemListElement\":[{\"@type\":\"ListItem\",\"position\":1,\"name\":\"Home\",\"item\":\"https:\\\/\\\/www.scoan.org\\\/fr\\\/\"},{\"@type\":\"ListItem\",\"position\":2,\"name\":\"Branches\"}]},{\"@type\":\"WebSite\",\"@id\":\"https:\\\/\\\/www.scoan.org\\\/fr\\\/#website\",\"url\":\"https:\\\/\\\/www.scoan.org\\\/fr\\\/\",\"name\":\"The Synagogue, Church Of All Nations - SCOAN - Prophet T.B. Joshua\",\"description\":\"Founded by Prophet TB Joshua\",\"publisher\":{\"@id\":\"https:\\\/\\\/www.scoan.org\\\/fr\\\/#organization\"},\"potentialAction\":[{\"@type\":\"SearchAction\",\"target\":{\"@type\":\"EntryPoint\",\"urlTemplate\":\"https:\\\/\\\/www.scoan.org\\\/fr\\\/?s={search_term_string}\"},\"query-input\":{\"@type\":\"PropertyValueSpecification\",\"valueRequired\":true,\"valueName\":\"search_term_string\"}}],\"inLanguage\":\"fr-FR\"},{\"@type\":\"Organization\",\"@id\":\"https:\\\/\\\/www.scoan.org\\\/fr\\\/#organization\",\"name\":\"The Synagogue, Church Of All Nations - SCOAN - Prophet T.B. Joshua\",\"url\":\"https:\\\/\\\/www.scoan.org\\\/fr\\\/\",\"logo\":{\"@type\":\"ImageObject\",\"inLanguage\":\"fr-FR\",\"@id\":\"https:\\\/\\\/www.scoan.org\\\/fr\\\/#\\\/schema\\\/logo\\\/image\\\/\",\"url\":\"https:\\\/\\\/www.scoan.org\\\/wp-content\\\/blogs.dir\\\/12\\\/files\\\/2016\\\/08\\\/logo-e1711044614299.png\",\"contentUrl\":\"https:\\\/\\\/www.scoan.org\\\/wp-content\\\/blogs.dir\\\/12\\\/files\\\/2016\\\/08\\\/logo-e1711044614299.png\",\"width\":186,\"height\":85,\"caption\":\"The Synagogue, Church Of All Nations - SCOAN - Prophet T.B. Joshua\"},\"image\":{\"@id\":\"https:\\\/\\\/www.scoan.org\\\/fr\\\/#\\\/schema\\\/logo\\\/image\\\/\"},\"sameAs\":[\"https:\\\/\\\/www.facebook.com\\\/tbjministries\",\"https:\\\/\\\/x.com\\\/SCOANTBJoshua\",\"https:\\\/\\\/www.instagram.com\\\/tbjoshua\"]}]}<\/script>\n<!-- \/ Yoast SEO Premium plugin. -->","yoast_head_json":{"title":"Branches - The Synagogue, Church Of All Nations - SCOAN - Prophet T.B. Joshua","robots":{"index":"index","follow":"follow","max-snippet":"max-snippet:-1","max-image-preview":"max-image-preview:large","max-video-preview":"max-video-preview:-1"},"canonical":"https:\/\/www.scoan.org\/fr\/branches\/","og_locale":"fr_FR","og_type":"article","og_title":"Branches","og_description":"Branches LA SYNAGOGUE \u00c9GLISE DE TOUTES LES NATIONS (SCOAN) &#8211; BRANCHE DU GHANA Rejoignez-nous pour adorer \u00e0 la Synagogue, \u00c9glise de Toutes les Nations, branche du Ghana ! Dieu est dans la maison, par Sa Parole et par Son Esprit. Venez faire l&rsquo;exp\u00e9rience des miracles, de la d\u00e9livrance et des enseignements de construction de la [&hellip;]","og_url":"https:\/\/www.scoan.org\/fr\/branches\/","og_site_name":"The Synagogue, Church Of All Nations - SCOAN - Prophet T.B. Joshua","article_publisher":"https:\/\/www.facebook.com\/tbjministries","article_modified_time":"2024-05-17T15:47:46+00:00","twitter_card":"summary_large_image","twitter_site":"@SCOANTBJoshua","twitter_misc":{"Dur\u00e9e de lecture estim\u00e9e":"1 minute"},"schema":{"@context":"https:\/\/schema.org","@graph":[{"@type":"WebPage","@id":"https:\/\/www.scoan.org\/fr\/branches\/","url":"https:\/\/www.scoan.org\/fr\/branches\/","name":"Branches - The Synagogue, Church Of All Nations - SCOAN - Prophet T.B. Joshua","isPartOf":{"@id":"https:\/\/www.scoan.org\/fr\/#website"},"datePublished":"2024-04-09T16:01:00+00:00","dateModified":"2024-05-17T15:47:46+00:00","breadcrumb":{"@id":"https:\/\/www.scoan.org\/fr\/branches\/#breadcrumb"},"inLanguage":"fr-FR","potentialAction":[{"@type":"ReadAction","target":["https:\/\/www.scoan.org\/fr\/branches\/"]}]},{"@type":"BreadcrumbList","@id":"https:\/\/www.scoan.org\/fr\/branches\/#breadcrumb","itemListElement":[{"@type":"ListItem","position":1,"name":"Home","item":"https:\/\/www.scoan.org\/fr\/"},{"@type":"ListItem","position":2,"name":"Branches"}]},{"@type":"WebSite","@id":"https:\/\/www.scoan.org\/fr\/#website","url":"https:\/\/www.scoan.org\/fr\/","name":"The Synagogue, Church Of All Nations - SCOAN - Prophet T.B. Joshua","description":"Founded by Prophet TB Joshua","publisher":{"@id":"https:\/\/www.scoan.org\/fr\/#organization"},"potentialAction":[{"@type":"SearchAction","target":{"@type":"EntryPoint","urlTemplate":"https:\/\/www.scoan.org\/fr\/?s={search_term_string}"},"query-input":{"@type":"PropertyValueSpecification","valueRequired":true,"valueName":"search_term_string"}}],"inLanguage":"fr-FR"},{"@type":"Organization","@id":"https:\/\/www.scoan.org\/fr\/#organization","name":"The Synagogue, Church Of All Nations - SCOAN - Prophet T.B. Joshua","url":"https:\/\/www.scoan.org\/fr\/","logo":{"@type":"ImageObject","inLanguage":"fr-FR","@id":"https:\/\/www.scoan.org\/fr\/#\/schema\/logo\/image\/","url":"https:\/\/www.scoan.org\/wp-content\/blogs.dir\/12\/files\/2016\/08\/logo-e1711044614299.png","contentUrl":"https:\/\/www.scoan.org\/wp-content\/blogs.dir\/12\/files\/2016\/08\/logo-e1711044614299.png","width":186,"height":85,"caption":"The Synagogue, Church Of All Nations - SCOAN - Prophet T.B. Joshua"},"image":{"@id":"https:\/\/www.scoan.org\/fr\/#\/schema\/logo\/image\/"},"sameAs":["https:\/\/www.facebook.com\/tbjministries","https:\/\/x.com\/SCOANTBJoshua","https:\/\/www.instagram.com\/tbjoshua"]}]}},"_links":{"self":[{"href":"https:\/\/www.scoan.org\/fr\/wp-json\/wp\/v2\/pages\/84589","targetHints":{"allow":["GET"]}}],"collection":[{"href":"https:\/\/www.scoan.org\/fr\/wp-json\/wp\/v2\/pages"}],"about":[{"href":"https:\/\/www.scoan.org\/fr\/wp-json\/wp\/v2\/types\/page"}],"author":[{"embeddable":true,"href":"https:\/\/www.scoan.org\/fr\/wp-json\/wp\/v2\/users\/73"}],"replies":[{"embeddable":true,"href":"https:\/\/www.scoan.org\/fr\/wp-json\/wp\/v2\/comments?post=84589"}],"version-history":[{"count":6,"href":"https:\/\/www.scoan.org\/fr\/wp-json\/wp\/v2\/pages\/84589\/revisions"}],"predecessor-version":[{"id":88079,"href":"https:\/\/www.scoan.org\/fr\/wp-json\/wp\/v2\/pages\/84589\/revisions\/88079"}],"wp:attachment":[{"href":"https:\/\/www.scoan.org\/fr\/wp-json\/wp\/v2\/media?parent=84589"}],"curies":[{"name":"wp","href":"https:\/\/api.w.org\/{rel}","templated":true}]}}