{"id":84587,"date":"2024-04-09T15:57:47","date_gmt":"2024-04-09T15:57:47","guid":{"rendered":"https:\/\/www.scoan.org\/virement-bancaire\/"},"modified":"2024-12-11T11:42:53","modified_gmt":"2024-12-11T11:42:53","slug":"virement-bancaire","status":"publish","type":"page","link":"https:\/\/www.scoan.org\/fr\/virement-bancaire\/","title":{"rendered":"Virement bancaire"},"content":{"rendered":"\t\t<div data-elementor-type=\"wp-page\" data-elementor-id=\"84587\" class=\"elementor elementor-84587\" data-elementor-post-type=\"page\">\n\t\t\t\t<div class=\"elementor-element elementor-element-69d66dc e-flex e-con-boxed e-con e-parent\" data-id=\"69d66dc\" data-element_type=\"container\" data-settings=\"{&quot;background_background&quot;:&quot;classic&quot;}\">\n\t\t\t\t\t<div class=\"e-con-inner\">\n\t\t\t\t<div class=\"elementor-element elementor-element-a78a4f3 elementor-widget elementor-widget-heading\" data-id=\"a78a4f3\" data-element_type=\"widget\" data-widget_type=\"heading.default\">\n\t\t\t\t<div class=\"elementor-widget-container\">\n\t\t\t\t\t<h3 class=\"elementor-heading-title elementor-size-default\">Virement bancaire<\/h3>\t\t\t\t<\/div>\n\t\t\t\t<\/div>\n\t\t\t\t\t<\/div>\n\t\t\t\t<\/div>\n\t\t<div class=\"elementor-element elementor-element-2c4feff e-flex e-con-boxed e-con e-parent\" data-id=\"2c4feff\" data-element_type=\"container\">\n\t\t\t\t\t<div class=\"e-con-inner\">\n\t\t\t\t<div class=\"elementor-element elementor-element-bf03cff elementor-tabs-view-horizontal elementor-widget elementor-widget-tabs\" data-id=\"bf03cff\" data-element_type=\"widget\" data-widget_type=\"tabs.default\">\n\t\t\t\t<div class=\"elementor-widget-container\">\n\t\t\t\t\t\t\t<div class=\"elementor-tabs\">\n\t\t\t<div class=\"elementor-tabs-wrapper\" role=\"tablist\" >\n\t\t\t\t\t\t\t\t\t<div id=\"elementor-tab-title-2001\" class=\"elementor-tab-title elementor-tab-desktop-title\" aria-selected=\"true\" data-tab=\"1\" role=\"tab\" tabindex=\"0\" aria-controls=\"elementor-tab-content-2001\" aria-expanded=\"false\">TRANSFERT D'USD<\/div>\n\t\t\t\t\t\t\t\t\t<div id=\"elementor-tab-title-2002\" class=\"elementor-tab-title elementor-tab-desktop-title\" aria-selected=\"false\" data-tab=\"2\" role=\"tab\" tabindex=\"-1\" aria-controls=\"elementor-tab-content-2002\" aria-expanded=\"false\">TRANSFERT D'EUROS<\/div>\n\t\t\t\t\t\t\t\t\t<div id=\"elementor-tab-title-2003\" class=\"elementor-tab-title elementor-tab-desktop-title\" aria-selected=\"false\" data-tab=\"3\" role=\"tab\" tabindex=\"-1\" aria-controls=\"elementor-tab-content-2003\" aria-expanded=\"false\">TRANSFERT D'ARGENT<\/div>\n\t\t\t\t\t\t\t\t\t<div id=\"elementor-tab-title-2004\" class=\"elementor-tab-title elementor-tab-desktop-title\" aria-selected=\"false\" data-tab=\"4\" role=\"tab\" tabindex=\"-1\" aria-controls=\"elementor-tab-content-2004\" aria-expanded=\"false\">TRANSFERT DE LA NGN<\/div>\n\t\t\t\t\t\t\t<\/div>\n\t\t\t<div class=\"elementor-tabs-content-wrapper\" role=\"tablist\" aria-orientation=\"vertical\">\n\t\t\t\t\t\t\t\t\t<div class=\"elementor-tab-title elementor-tab-mobile-title\" aria-selected=\"true\" data-tab=\"1\" role=\"tab\" tabindex=\"0\" aria-controls=\"elementor-tab-content-2001\" aria-expanded=\"false\">TRANSFERT D'USD<\/div>\n\t\t\t\t\t<div id=\"elementor-tab-content-2001\" class=\"elementor-tab-content elementor-clearfix\" data-tab=\"1\" role=\"tabpanel\" aria-labelledby=\"elementor-tab-title-2001\" tabindex=\"0\" hidden=\"false\"><p>Pour effectuer un virement bancaire en USD &#8211; Dollars \u00e0 The Synagogue, Church Of All Nations, utilisez les informations suivantes s&rsquo;il vous pla\u00eet. Les coordonn\u00e9es de la banque interm\u00e9diaire ainsi que les coordonn\u00e9es de la banque du b\u00e9n\u00e9ficiaire sont obligatoires.<\/p>\n<p>Envoyez-nous un courriel \u00e0 info@scoan.org lorsque vous avez envoy\u00e9 les fonds afin que nous puissions vous confirmer leur arriv\u00e9e.<\/p>\n<p><strong>STANDARD CHARTERED<\/strong><\/p>\n<p><strong>(\u00c9TAPE 1) COORDONN\u00c9ES DE LA BANQUE INTERM\u00c9DIAIRE \u00c0 NEW YORK (\u00c9TATS-UNIS)<\/strong><\/p>\n<p><strong>Nom de la banque interm\u00e9diaire :<\/strong> Standard Chartered Bank NY<\/p>\n<p><strong>Adresse de la banque interm\u00e9diaire :<\/strong><\/p>\n<p>One Madison Avenue<\/p>\n<p>New York, New York 10010-3603<\/p>\n<p><strong>Code SWIFT de l&rsquo;interm\u00e9diaire :<\/strong> SCBLUS33<\/p>\n<p><strong>Num\u00e9ro ABA de<\/strong> l&rsquo;interm\u00e9diaire : 026002561<\/p>\n<p><strong>Num\u00e9ro de compte interm\u00e9diaire :<\/strong> 3582-088704-001<\/p>\n<p><strong>(\u00c9TAPE 2) COORDONN\u00c9ES BANCAIRES DU B\u00c9N\u00c9FICIAIRE AU NIGERIA (CR\u00c9DIT SUPPL\u00c9MENTAIRE)<\/strong><\/p>\n<p><strong>Nom du b\u00e9n\u00e9ficiaire :<\/strong> The Synagogue, Church Of All Nations<\/p>\n<p>Nom de la banque b\u00e9n\u00e9ficiaire : Standard Chartered Bank Nigeria<\/p>\n<p><strong>Adresse de la banque b\u00e9n\u00e9ficiaire :<\/strong><\/p>\n<p>105B Ajose Adeogun Street,<\/p>\n<p>Victoria Island<\/p>\n<p>Lagos, Nigeria<\/p>\n<p><strong>Num\u00e9ro de compte (Nigeria) :<\/strong> USD 0000003768<\/p>\n<p><strong>Code Swift du b\u00e9n\u00e9ficiaire :<\/strong> SCBLNGLA<\/p>\n<p>&nbsp;<\/p>\n<p><strong>UBA<\/strong><\/p>\n<p><strong>(\u00c9TAPE 1) COORDONN\u00c9ES DE LA BANQUE INTERM\u00c9DIAIRE \u00c0 NEW YORK (\u00c9TATS-UNIS)<\/strong><\/p>\n<p>Nom de la banque interm\u00e9diaire : Citibank New York<\/p>\n<p><strong>Adresse de la banque interm\u00e9diaire :<\/strong><\/p>\n<p>NEW YORK, USA<\/p>\n<p><strong>Code SWIFT de l&rsquo;interm\u00e9diaire :<\/strong> CITIUS33<\/p>\n<p><strong>Num\u00e9ro d&rsquo;acheminement interm\u00e9diaire\/ABA :<\/strong> 021000089<\/p>\n<p><strong>Num\u00e9ro de compte interm\u00e9diaire :<\/strong> 36320321<\/p>\n<p>&nbsp;<\/p>\n<h4>(\u00c9TAPE 2) COORDONN\u00c9ES BANCAIRES DU B\u00c9N\u00c9FICIAIRE AU NIGERIA (CR\u00c9DIT SUPPL\u00c9MENTAIRE)<\/h4>\n<p><strong>Nom du b\u00e9n\u00e9ficiaire :<\/strong> The Synagogue, Church Of All Nations<\/p>\n<p><strong>Adresse du b\u00e9n\u00e9ficiaire :<\/strong> 1 Segun Irefin Street, Ikotun, Lagos.<\/p>\n<p><strong>Nom de la banque b\u00e9n\u00e9ficiaire :<\/strong> United Bank For Africa PLC, Nigeria<\/p>\n<p><strong>Code Swift du b\u00e9n\u00e9ficiaire :<\/strong> UNAFNGLA<\/p>\n<p><strong>Num\u00e9ro de compte (Nigeria) :<\/strong> 3000895216<\/p>\n<p>&nbsp;<\/p>\n<\/div>\n\t\t\t\t\t\t\t\t\t<div class=\"elementor-tab-title elementor-tab-mobile-title\" aria-selected=\"false\" data-tab=\"2\" role=\"tab\" tabindex=\"-1\" aria-controls=\"elementor-tab-content-2002\" aria-expanded=\"false\">TRANSFERT D'EUROS<\/div>\n\t\t\t\t\t<div id=\"elementor-tab-content-2002\" class=\"elementor-tab-content elementor-clearfix\" data-tab=\"2\" role=\"tabpanel\" aria-labelledby=\"elementor-tab-title-2002\" tabindex=\"0\" hidden=\"hidden\"><p>Veuillez utiliser les informations suivantes pour effectuer un virement en EUR- EURO sur le compte bancaire The Synagogue, Church Of All Nations (La Synagogue \u00c9glise de Toutes les Nations ). Les coordonn\u00e9es de la banque interm\u00e9diaire et de la banque b\u00e9n\u00e9ficiaire sont obligatoires.<\/p>\n<p>Envoyez-nous un courriel \u00e0 info@scoan.org lorsque vous avez envoy\u00e9 les fonds afin que nous puissions vous confirmer leur arriv\u00e9e.<\/p>\n<h3><b><strong>STANDARD CHARTERED<\/strong><\/b><\/h3>\n<h4><b>LES COORDONN\u00c9ES BANCAIRES DU B\u00c9N\u00c9FICIAIRE AU NIGERIA<\/b><\/h4>\n<p><b><strong>Nom du b\u00e9n\u00e9ficiaire :<\/strong><\/b> The Synagogue, Church Of All Nations<\/p>\n<p><b><strong>Nom de la banque b\u00e9n\u00e9ficiaire :<\/strong><\/b> Standard Chartered Bank Nigeria<\/p>\n<p><b><strong>Adresse de la banque b\u00e9n\u00e9ficiaire :<\/strong><\/b><\/p>\n<p>105B Ajose Adeogun Street,<\/p>\n<p>Victoria Island<\/p>\n<p>Lagos, Nigeria<\/p>\n<p><b><strong>Num\u00e9ro de compte (Nigeria) :<\/strong><\/b> EUR 0000003744<\/p>\n<p><b><strong>Code Swift du b\u00e9n\u00e9ficiaire :<\/strong><\/b> SCBLNGLAPYT<\/p>\n<\/div>\n\t\t\t\t\t\t\t\t\t<div class=\"elementor-tab-title elementor-tab-mobile-title\" aria-selected=\"false\" data-tab=\"3\" role=\"tab\" tabindex=\"-1\" aria-controls=\"elementor-tab-content-2003\" aria-expanded=\"false\">TRANSFERT D'ARGENT<\/div>\n\t\t\t\t\t<div id=\"elementor-tab-content-2003\" class=\"elementor-tab-content elementor-clearfix\" data-tab=\"3\" role=\"tabpanel\" aria-labelledby=\"elementor-tab-title-2003\" tabindex=\"0\" hidden=\"hidden\"><p>Pour les donateurs de la SCOAN, il est possible d&rsquo;\u00e9tablir un d\u00e9bit direct au lieu d&rsquo;utiliser la fonction PayPal.<\/p>\n<p>Veuillez utiliser : <b>Emmanuel Global Network (UK) Ltd<\/b><\/p>\n<p>Banque : NatWest<\/p>\n<p>Code de tri : 60-00-01<\/p>\n<p>Num\u00e9ro de compte : 45723257<\/p>\n<p>BIC <b>NWBKGB2L<\/b><\/p>\n<p>IBAN <b>GB36NWBK60000139267857<\/b><\/p>\n<p>&#8212;&#8212;&#8212;&#8212;&#8212;&#8212;&#8212;&#8212;&#8212;&#8212;&#8212;-<\/p>\n<h4><b>COORDONN\u00c9ES BANCAIRES DU B\u00c9N\u00c9FICIAIRE AU NIGERIA (CR\u00c9DIT SUPPL\u00c9MENTAIRE)<\/b><\/h4>\n<p><b><strong>Nom<\/strong><\/b> du b\u00e9n\u00e9ficiaire <b><strong>:<\/strong><\/b> The Synagogue, Church Of All Nations<\/p>\n<p><b><strong>Nom de la banque du b\u00e9n\u00e9ficiaire :<\/strong><\/b> Standard Chartered Bank Nigeria<\/p>\n<p><b><strong>Adresse de la banque b\u00e9n\u00e9ficiaire :<\/strong><\/b><\/p>\n<p>105B Ajose Adeogun Street,<\/p>\n<p>Victoria Island<\/p>\n<p>Lagos, Nigeria<\/p>\n<p><b><strong>Num\u00e9ro de compte (Nigeria) :<\/strong><\/b> GBP 0000003751<\/p>\n<p><b><strong>Code Swift du b\u00e9n\u00e9ficiaire :<\/strong><\/b> SCBLNGLA<\/p>\n<\/div>\n\t\t\t\t\t\t\t\t\t<div class=\"elementor-tab-title elementor-tab-mobile-title\" aria-selected=\"false\" data-tab=\"4\" role=\"tab\" tabindex=\"-1\" aria-controls=\"elementor-tab-content-2004\" aria-expanded=\"false\">TRANSFERT DE LA NGN<\/div>\n\t\t\t\t\t<div id=\"elementor-tab-content-2004\" class=\"elementor-tab-content elementor-clearfix\" data-tab=\"4\" role=\"tabpanel\" aria-labelledby=\"elementor-tab-title-2004\" tabindex=\"0\" hidden=\"hidden\"><p>Veuillez utiliser les informations suivantes pour effectuer un virement en NGN :<\/p>\n<h4><b><strong>UBA<\/strong><\/b><\/h4>\n<p><b><strong>Nom du b\u00e9n\u00e9ficiaire :<\/strong><\/b> THE SYNAGOGUE CHURCH OF ALL NATIONS<\/p>\n<p><b><strong>Num\u00e9ro de compte :<\/strong><\/b> 1008449680<\/p>\n<h4><b><strong>STANDARD CHARTERED BANK<\/strong><\/b><\/h4>\n<p><b><strong>Nom du b\u00e9n\u00e9ficiaire :<\/strong><\/b> THE SYNAGOGUE CHURCH OF ALL NATIONS<\/p>\n<p><b><strong>Num\u00e9ro de compte :<\/strong><\/b> NGN0000003737<\/p>\n<h4><b><strong>ZENITH BANK<\/strong><\/b><\/h4>\n<p>Nom du b\u00e9n\u00e9ficiaire : THE SYNAGOGUE CHURCH OF ALL NATIONS<\/p>\n<p>Num\u00e9ro de compte : 1010326168<\/p>\n<h4><b><strong>FIDELITY BANK<\/strong><\/b><\/h4>\n<p><b><strong>Nom du b\u00e9n\u00e9ficiaire :<\/strong><\/b> THE SYNAGOGUE CHURCH OF ALL NATIONS<\/p>\n<p>Num\u00e9ro de <b><strong>compte :<\/strong><\/b> 5210002481<\/p>\n<h4><b><strong>ECOBANK BANK<\/strong><\/b><\/h4>\n<p><b><strong>Nom du b\u00e9n\u00e9ficiaire :<\/strong><\/b> THE SYNAGOGUE CHURCH OF ALL NATIONS<\/p>\n<p>Num\u00e9ro de <b><strong>compte :<\/strong><\/b> 1092005248<\/p>\n<\/div>\n\t\t\t\t\t\t\t<\/div>\n\t\t<\/div>\n\t\t\t\t\t\t<\/div>\n\t\t\t\t<\/div>\n\t\t\t\t\t<\/div>\n\t\t\t\t<\/div>\n\t\t\t\t<\/div>\n\t\t","protected":false},"excerpt":{"rendered":"<p>Virement bancaire TRANSFERT D&rsquo;USD TRANSFERT D&rsquo;EUROS TRANSFERT D&rsquo;ARGENT TRANSFERT DE LA NGN TRANSFERT D&rsquo;USD Pour effectuer un virement bancaire en USD &#8211; Dollars \u00e0 The Synagogue, Church Of All Nations, utilisez les informations suivantes s&rsquo;il vous pla\u00eet. Les coordonn\u00e9es de la banque interm\u00e9diaire ainsi que les coordonn\u00e9es de la banque du b\u00e9n\u00e9ficiaire sont obligatoires. Envoyez-nous [&hellip;]<\/p>\n","protected":false},"author":73,"featured_media":0,"parent":0,"menu_order":0,"comment_status":"closed","ping_status":"closed","template":"elementor_header_footer","meta":{"_vp_format_video_url":"","_vp_image_focal_point":[],"footnotes":""},"class_list":["post-84587","page","type-page","status-publish","hentry"],"yoast_head":"<!-- This site is optimized with the Yoast SEO Premium plugin v25.3.1 (Yoast SEO v27.5) - https:\/\/yoast.com\/product\/yoast-seo-premium-wordpress\/ -->\n<title>Virement bancaire - The Synagogue, Church Of All Nations - SCOAN - Prophet T.B. Joshua<\/title>\n<meta name=\"robots\" content=\"index, follow, max-snippet:-1, max-image-preview:large, max-video-preview:-1\" \/>\n<link rel=\"canonical\" href=\"https:\/\/www.scoan.org\/fr\/virement-bancaire\/\" \/>\n<meta property=\"og:locale\" content=\"fr_FR\" \/>\n<meta property=\"og:type\" content=\"article\" \/>\n<meta property=\"og:title\" content=\"Virement bancaire\" \/>\n<meta property=\"og:description\" content=\"Virement bancaire TRANSFERT D&rsquo;USD TRANSFERT D&rsquo;EUROS TRANSFERT D&rsquo;ARGENT TRANSFERT DE LA NGN TRANSFERT D&rsquo;USD Pour effectuer un virement bancaire en USD &#8211; Dollars \u00e0 The Synagogue, Church Of All Nations, utilisez les informations suivantes s&rsquo;il vous pla\u00eet. Les coordonn\u00e9es de la banque interm\u00e9diaire ainsi que les coordonn\u00e9es de la banque du b\u00e9n\u00e9ficiaire sont obligatoires. Envoyez-nous [&hellip;]\" \/>\n<meta property=\"og:url\" content=\"https:\/\/www.scoan.org\/fr\/virement-bancaire\/\" \/>\n<meta property=\"og:site_name\" content=\"The Synagogue, Church Of All Nations - SCOAN - Prophet T.B. Joshua\" \/>\n<meta property=\"article:publisher\" content=\"https:\/\/www.facebook.com\/tbjministries\" \/>\n<meta property=\"article:modified_time\" content=\"2024-12-11T11:42:53+00:00\" \/>\n<meta name=\"twitter:card\" content=\"summary_large_image\" \/>\n<meta name=\"twitter:site\" content=\"@SCOANTBJoshua\" \/>\n<meta name=\"twitter:label1\" content=\"Dur\u00e9e de lecture estim\u00e9e\" \/>\n\t<meta name=\"twitter:data1\" content=\"3 minutes\" \/>\n<script type=\"application\/ld+json\" class=\"yoast-schema-graph\">{\"@context\":\"https:\\\/\\\/schema.org\",\"@graph\":[{\"@type\":\"WebPage\",\"@id\":\"https:\\\/\\\/www.scoan.org\\\/fr\\\/virement-bancaire\\\/\",\"url\":\"https:\\\/\\\/www.scoan.org\\\/fr\\\/virement-bancaire\\\/\",\"name\":\"Virement bancaire - The Synagogue, Church Of All Nations - SCOAN - Prophet T.B. Joshua\",\"isPartOf\":{\"@id\":\"https:\\\/\\\/www.scoan.org\\\/fr\\\/#website\"},\"datePublished\":\"2024-04-09T15:57:47+00:00\",\"dateModified\":\"2024-12-11T11:42:53+00:00\",\"breadcrumb\":{\"@id\":\"https:\\\/\\\/www.scoan.org\\\/fr\\\/virement-bancaire\\\/#breadcrumb\"},\"inLanguage\":\"fr-FR\",\"potentialAction\":[{\"@type\":\"ReadAction\",\"target\":[\"https:\\\/\\\/www.scoan.org\\\/fr\\\/virement-bancaire\\\/\"]}]},{\"@type\":\"BreadcrumbList\",\"@id\":\"https:\\\/\\\/www.scoan.org\\\/fr\\\/virement-bancaire\\\/#breadcrumb\",\"itemListElement\":[{\"@type\":\"ListItem\",\"position\":1,\"name\":\"Home\",\"item\":\"https:\\\/\\\/www.scoan.org\\\/fr\\\/\"},{\"@type\":\"ListItem\",\"position\":2,\"name\":\"Virement bancaire\"}]},{\"@type\":\"WebSite\",\"@id\":\"https:\\\/\\\/www.scoan.org\\\/fr\\\/#website\",\"url\":\"https:\\\/\\\/www.scoan.org\\\/fr\\\/\",\"name\":\"The Synagogue, Church Of All Nations - SCOAN - Prophet T.B. Joshua\",\"description\":\"Founded by Prophet TB Joshua\",\"publisher\":{\"@id\":\"https:\\\/\\\/www.scoan.org\\\/fr\\\/#organization\"},\"potentialAction\":[{\"@type\":\"SearchAction\",\"target\":{\"@type\":\"EntryPoint\",\"urlTemplate\":\"https:\\\/\\\/www.scoan.org\\\/fr\\\/?s={search_term_string}\"},\"query-input\":{\"@type\":\"PropertyValueSpecification\",\"valueRequired\":true,\"valueName\":\"search_term_string\"}}],\"inLanguage\":\"fr-FR\"},{\"@type\":\"Organization\",\"@id\":\"https:\\\/\\\/www.scoan.org\\\/fr\\\/#organization\",\"name\":\"The Synagogue, Church Of All Nations - SCOAN - Prophet T.B. Joshua\",\"url\":\"https:\\\/\\\/www.scoan.org\\\/fr\\\/\",\"logo\":{\"@type\":\"ImageObject\",\"inLanguage\":\"fr-FR\",\"@id\":\"https:\\\/\\\/www.scoan.org\\\/fr\\\/#\\\/schema\\\/logo\\\/image\\\/\",\"url\":\"https:\\\/\\\/www.scoan.org\\\/wp-content\\\/blogs.dir\\\/12\\\/files\\\/2016\\\/08\\\/logo-e1711044614299.png\",\"contentUrl\":\"https:\\\/\\\/www.scoan.org\\\/wp-content\\\/blogs.dir\\\/12\\\/files\\\/2016\\\/08\\\/logo-e1711044614299.png\",\"width\":186,\"height\":85,\"caption\":\"The Synagogue, Church Of All Nations - SCOAN - Prophet T.B. Joshua\"},\"image\":{\"@id\":\"https:\\\/\\\/www.scoan.org\\\/fr\\\/#\\\/schema\\\/logo\\\/image\\\/\"},\"sameAs\":[\"https:\\\/\\\/www.facebook.com\\\/tbjministries\",\"https:\\\/\\\/x.com\\\/SCOANTBJoshua\",\"https:\\\/\\\/www.instagram.com\\\/tbjoshua\"]}]}<\/script>\n<!-- \/ Yoast SEO Premium plugin. -->","yoast_head_json":{"title":"Virement bancaire - The Synagogue, Church Of All Nations - SCOAN - Prophet T.B. Joshua","robots":{"index":"index","follow":"follow","max-snippet":"max-snippet:-1","max-image-preview":"max-image-preview:large","max-video-preview":"max-video-preview:-1"},"canonical":"https:\/\/www.scoan.org\/fr\/virement-bancaire\/","og_locale":"fr_FR","og_type":"article","og_title":"Virement bancaire","og_description":"Virement bancaire TRANSFERT D&rsquo;USD TRANSFERT D&rsquo;EUROS TRANSFERT D&rsquo;ARGENT TRANSFERT DE LA NGN TRANSFERT D&rsquo;USD Pour effectuer un virement bancaire en USD &#8211; Dollars \u00e0 The Synagogue, Church Of All Nations, utilisez les informations suivantes s&rsquo;il vous pla\u00eet. Les coordonn\u00e9es de la banque interm\u00e9diaire ainsi que les coordonn\u00e9es de la banque du b\u00e9n\u00e9ficiaire sont obligatoires. Envoyez-nous [&hellip;]","og_url":"https:\/\/www.scoan.org\/fr\/virement-bancaire\/","og_site_name":"The Synagogue, Church Of All Nations - SCOAN - Prophet T.B. Joshua","article_publisher":"https:\/\/www.facebook.com\/tbjministries","article_modified_time":"2024-12-11T11:42:53+00:00","twitter_card":"summary_large_image","twitter_site":"@SCOANTBJoshua","twitter_misc":{"Dur\u00e9e de lecture estim\u00e9e":"3 minutes"},"schema":{"@context":"https:\/\/schema.org","@graph":[{"@type":"WebPage","@id":"https:\/\/www.scoan.org\/fr\/virement-bancaire\/","url":"https:\/\/www.scoan.org\/fr\/virement-bancaire\/","name":"Virement bancaire - The Synagogue, Church Of All Nations - SCOAN - Prophet T.B. Joshua","isPartOf":{"@id":"https:\/\/www.scoan.org\/fr\/#website"},"datePublished":"2024-04-09T15:57:47+00:00","dateModified":"2024-12-11T11:42:53+00:00","breadcrumb":{"@id":"https:\/\/www.scoan.org\/fr\/virement-bancaire\/#breadcrumb"},"inLanguage":"fr-FR","potentialAction":[{"@type":"ReadAction","target":["https:\/\/www.scoan.org\/fr\/virement-bancaire\/"]}]},{"@type":"BreadcrumbList","@id":"https:\/\/www.scoan.org\/fr\/virement-bancaire\/#breadcrumb","itemListElement":[{"@type":"ListItem","position":1,"name":"Home","item":"https:\/\/www.scoan.org\/fr\/"},{"@type":"ListItem","position":2,"name":"Virement bancaire"}]},{"@type":"WebSite","@id":"https:\/\/www.scoan.org\/fr\/#website","url":"https:\/\/www.scoan.org\/fr\/","name":"The Synagogue, Church Of All Nations - SCOAN - Prophet T.B. Joshua","description":"Founded by Prophet TB Joshua","publisher":{"@id":"https:\/\/www.scoan.org\/fr\/#organization"},"potentialAction":[{"@type":"SearchAction","target":{"@type":"EntryPoint","urlTemplate":"https:\/\/www.scoan.org\/fr\/?s={search_term_string}"},"query-input":{"@type":"PropertyValueSpecification","valueRequired":true,"valueName":"search_term_string"}}],"inLanguage":"fr-FR"},{"@type":"Organization","@id":"https:\/\/www.scoan.org\/fr\/#organization","name":"The Synagogue, Church Of All Nations - SCOAN - Prophet T.B. Joshua","url":"https:\/\/www.scoan.org\/fr\/","logo":{"@type":"ImageObject","inLanguage":"fr-FR","@id":"https:\/\/www.scoan.org\/fr\/#\/schema\/logo\/image\/","url":"https:\/\/www.scoan.org\/wp-content\/blogs.dir\/12\/files\/2016\/08\/logo-e1711044614299.png","contentUrl":"https:\/\/www.scoan.org\/wp-content\/blogs.dir\/12\/files\/2016\/08\/logo-e1711044614299.png","width":186,"height":85,"caption":"The Synagogue, Church Of All Nations - SCOAN - Prophet T.B. Joshua"},"image":{"@id":"https:\/\/www.scoan.org\/fr\/#\/schema\/logo\/image\/"},"sameAs":["https:\/\/www.facebook.com\/tbjministries","https:\/\/x.com\/SCOANTBJoshua","https:\/\/www.instagram.com\/tbjoshua"]}]}},"_links":{"self":[{"href":"https:\/\/www.scoan.org\/fr\/wp-json\/wp\/v2\/pages\/84587","targetHints":{"allow":["GET"]}}],"collection":[{"href":"https:\/\/www.scoan.org\/fr\/wp-json\/wp\/v2\/pages"}],"about":[{"href":"https:\/\/www.scoan.org\/fr\/wp-json\/wp\/v2\/types\/page"}],"author":[{"embeddable":true,"href":"https:\/\/www.scoan.org\/fr\/wp-json\/wp\/v2\/users\/73"}],"replies":[{"embeddable":true,"href":"https:\/\/www.scoan.org\/fr\/wp-json\/wp\/v2\/comments?post=84587"}],"version-history":[{"count":2,"href":"https:\/\/www.scoan.org\/fr\/wp-json\/wp\/v2\/pages\/84587\/revisions"}],"predecessor-version":[{"id":99233,"href":"https:\/\/www.scoan.org\/fr\/wp-json\/wp\/v2\/pages\/84587\/revisions\/99233"}],"wp:attachment":[{"href":"https:\/\/www.scoan.org\/fr\/wp-json\/wp\/v2\/media?parent=84587"}],"curies":[{"name":"wp","href":"https:\/\/api.w.org\/{rel}","templated":true}]}}