{"id":84572,"date":"2024-04-09T14:58:22","date_gmt":"2024-04-09T14:58:22","guid":{"rendered":"https:\/\/www.scoan.org\/outils-de-foi\/"},"modified":"2024-04-18T16:15:43","modified_gmt":"2024-04-18T16:15:43","slug":"outils-de-foi","status":"publish","type":"page","link":"https:\/\/www.scoan.org\/fr\/outils-de-foi\/","title":{"rendered":"Outils de foi"},"content":{"rendered":"\t\t<div data-elementor-type=\"wp-page\" data-elementor-id=\"84572\" class=\"elementor elementor-84572\" data-elementor-post-type=\"page\">\n\t\t\t\t<div class=\"elementor-element elementor-element-4b9ba6d e-flex e-con-boxed e-con e-parent\" data-id=\"4b9ba6d\" data-element_type=\"container\" data-settings=\"{&quot;background_background&quot;:&quot;slideshow&quot;,&quot;background_slideshow_gallery&quot;:[{&quot;id&quot;:&quot;81116&quot;,&quot;url&quot;:&quot;https:\\\/\\\/www.scoan.org\\\/wp-content\\\/blogs.dir\\\/12\\\/files\\\/2024\\\/03\\\/MER-7-1-scaled-e1710010540300.jpg&quot;},{&quot;id&quot;:&quot;81666&quot;,&quot;url&quot;:&quot;https:\\\/\\\/www.scoan.org\\\/wp-content\\\/blogs.dir\\\/12\\\/files\\\/2024\\\/03\\\/daddy-holding-anointing-water-2-scaled.jpg&quot;},{&quot;id&quot;:&quot;80535&quot;,&quot;url&quot;:&quot;https:\\\/\\\/www.scoan.org\\\/wp-content\\\/blogs.dir\\\/12\\\/files\\\/2024\\\/03\\\/MER-7-scaled.jpg&quot;},{&quot;id&quot;:&quot;81667&quot;,&quot;url&quot;:&quot;https:\\\/\\\/www.scoan.org\\\/wp-content\\\/blogs.dir\\\/12\\\/files\\\/2024\\\/03\\\/MER-5-1-scaled.jpg&quot;},{&quot;id&quot;:&quot;80257&quot;,&quot;url&quot;:&quot;https:\\\/\\\/www.scoan.org\\\/wp-content\\\/blogs.dir\\\/12\\\/files\\\/2024\\\/03\\\/1-1-scaled.jpg&quot;},{&quot;id&quot;:&quot;80190&quot;,&quot;url&quot;:&quot;https:\\\/\\\/www.scoan.org\\\/wp-content\\\/blogs.dir\\\/12\\\/files\\\/2024\\\/03\\\/4-1-scaled.jpg&quot;},{&quot;id&quot;:&quot;80185&quot;,&quot;url&quot;:&quot;https:\\\/\\\/www.scoan.org\\\/wp-content\\\/blogs.dir\\\/12\\\/files\\\/2024\\\/03\\\/8-scaled.jpg&quot;},{&quot;id&quot;:&quot;80193&quot;,&quot;url&quot;:&quot;https:\\\/\\\/www.scoan.org\\\/wp-content\\\/blogs.dir\\\/12\\\/files\\\/2024\\\/03\\\/7-scaled.jpg&quot;}],&quot;background_slideshow_lazyload&quot;:&quot;yes&quot;,&quot;background_slideshow_ken_burns&quot;:&quot;yes&quot;,&quot;background_slideshow_loop&quot;:&quot;yes&quot;,&quot;background_slideshow_slide_duration&quot;:5000,&quot;background_slideshow_slide_transition&quot;:&quot;fade&quot;,&quot;background_slideshow_transition_duration&quot;:500,&quot;background_slideshow_ken_burns_zoom_direction&quot;:&quot;in&quot;}\">\n\t\t\t\t\t<div class=\"e-con-inner\">\n\t\t\t\t\t<\/div>\n\t\t\t\t<\/div>\n\t\t<div class=\"elementor-element elementor-element-e6119f3 e-flex e-con-boxed e-con e-parent\" data-id=\"e6119f3\" data-element_type=\"container\" data-settings=\"{&quot;background_background&quot;:&quot;classic&quot;}\">\n\t\t\t\t\t<div class=\"e-con-inner\">\n\t\t<div class=\"elementor-element elementor-element-9d8d780 e-flex e-con-boxed e-con e-child\" data-id=\"9d8d780\" data-element_type=\"container\" data-settings=\"{&quot;background_background&quot;:&quot;classic&quot;}\">\n\t\t\t\t\t<div class=\"e-con-inner\">\n\t\t\t\t<div class=\"elementor-element elementor-element-5e7e449 elementor-widget elementor-widget-heading\" data-id=\"5e7e449\" data-element_type=\"widget\" data-widget_type=\"heading.default\">\n\t\t\t\t<div class=\"elementor-widget-container\">\n\t\t\t\t\t<h3 class=\"elementor-heading-title elementor-size-default\">Eau Ointe \/ Autocollant &amp;amp ; bracelet de foi<\/h3>\t\t\t\t<\/div>\n\t\t\t\t<\/div>\n\t\t\t\t<div class=\"elementor-element elementor-element-5495886 elementor-widget elementor-widget-heading\" data-id=\"5495886\" data-element_type=\"widget\" data-widget_type=\"heading.default\">\n\t\t\t\t<div class=\"elementor-widget-container\">\n\t\t\t\t\t<div class=\"elementor-heading-title elementor-size-default\">Tout Au Long Des \u00c9critures, Nous Voyons La Preuve \u00c9vidente Que Dieu Peut Utiliser N'importe Quel Moyen Pour S'exprimer :<\/div>\t\t\t\t<\/div>\n\t\t\t\t<\/div>\n\t\t\t\t<div class=\"elementor-element elementor-element-212efef elementor-widget-divider--view-line elementor-widget elementor-widget-divider\" data-id=\"212efef\" data-element_type=\"widget\" data-widget_type=\"divider.default\">\n\t\t\t\t<div class=\"elementor-widget-container\">\n\t\t\t\t\t\t\t<div class=\"elementor-divider\">\n\t\t\t<span class=\"elementor-divider-separator\">\n\t\t\t\t\t\t<\/span>\n\t\t<\/div>\n\t\t\t\t\t\t<\/div>\n\t\t\t\t<\/div>\n\t\t\t\t<div class=\"elementor-element elementor-element-9148acd elementor-widget elementor-widget-text-editor\" data-id=\"9148acd\" data-element_type=\"widget\" data-widget_type=\"text-editor.default\">\n\t\t\t\t<div class=\"elementor-widget-container\">\n\t\t\t\t\t\t\t\t\t<ul>\n<li>Dans <b><em><strong>Actes 19:11-12<\/strong><\/em><\/b>, Dieu a utilis\u00e9 le mouchoir et les tabliers de Paul pour gu\u00e9rir les malades.<\/li>\n<li>Dans <b><em><strong>Exode 14:16<\/strong><\/em><\/b>, Dieu a utilis\u00e9 le b\u00e2ton de Mo\u00efse pour s\u00e9parer la mer Rouge.<\/li>\n<li>Dans <b><em><strong>Actes 3:6<\/strong><\/em><\/b>, Dieu a utilis\u00e9 la voix de ses serviteurs, Pierre et Jean, pour ressusciter un homme infirme.<\/li>\n<li>Dans <b><em><strong>2 Rois 5:14, <\/strong><\/em><\/b>Dieu a utilis\u00e9 le support d&rsquo;une rivi\u00e8re sale pour gu\u00e9rir Namaan.<\/li>\n<li>Dans <em>Actes 2:1-2, <\/em>Dieu s&rsquo;est exprim\u00e9 par l&rsquo;interm\u00e9diaire du son au moment de la Pentec\u00f4te.<\/li>\n<li>Dans <b><em><strong>1 Samuel 17:49<\/strong><\/em><\/b>, Dieu a utilis\u00e9 la catapulte de David pour vaincre le g\u00e9ant Goliath.<\/li>\n<li>Dans <b><em><strong>Jean 9:6-7<\/strong><\/em><\/b>, J\u00e9sus a utilis\u00e9 de la boue et de la salive pour gu\u00e9rir un aveugle.<\/li>\n<li>Dans <b><em><strong>Actes 5:15-16<\/strong><\/em><\/b>, Dieu a utilis\u00e9 l&rsquo;ombre de Pierre pour gu\u00e9rir les malades.<\/li>\n<\/ul>\n\t\t\t\t\t\t\t\t<\/div>\n\t\t\t\t<\/div>\n\t\t\t\t<div class=\"elementor-element elementor-element-2eaa8fa elementor-widget elementor-widget-heading\" data-id=\"2eaa8fa\" data-element_type=\"widget\" data-widget_type=\"heading.default\">\n\t\t\t\t<div class=\"elementor-widget-container\">\n\t\t\t\t\t<div class=\"elementor-heading-title elementor-size-default\">CERTAINS DES MOYENS UTILIS\u00c9S PAR DIEU DANS L'\u00c9GLISE CATHOLIQUE SONT LES OUTILS DE LA FOI.<\/div>\t\t\t\t<\/div>\n\t\t\t\t<\/div>\n\t\t\t\t<div class=\"elementor-element elementor-element-fbabb5c elementor-widget elementor-widget-text-editor\" data-id=\"fbabb5c\" data-element_type=\"widget\" data-widget_type=\"text-editor.default\">\n\t\t\t\t<div class=\"elementor-widget-container\">\n\t\t\t\t\t\t\t\t\t<img loading=\"lazy\" decoding=\"async\" class=\"alignleft size-full wp-image-34509\" src=\"https:\/\/www.scoan.org\/wp-content\/blogs.dir\/12\/files\/2021\/03\/banner-n-aw-s.jpg\" alt=\"\" width=\"286\" height=\"300\" srcset=\"https:\/\/www.scoan.org\/wp-content\/blogs.dir\/12\/files\/2021\/03\/banner-n-aw-s.jpg 286w, https:\/\/www.scoan.org\/wp-content\/blogs.dir\/12\/files\/2021\/03\/banner-n-aw-s-200x210.jpg 200w\" sizes=\"auto, (max-width: 286px) 100vw, 286px\" \/>\r\n\r\nSelon le Proph\u00e8te T.B. Joshua, \u00ab\u00a0en utilisant les Outils de Foi, vous vous mettez symboliquement \u00e0 l&rsquo;\u00e9cart pour b\u00e9n\u00e9ficier de l&rsquo;attention sp\u00e9ciale de J\u00e9sus-Christ lorsque vous priez avec foi. Je veux dire par l\u00e0 que vous \u00eates en position d&rsquo;obtenir la mis\u00e9ricorde, la faveur, la gu\u00e9rison, la d\u00e9livrance, la b\u00e9n\u00e9diction, la prosp\u00e9rit\u00e9 et la f\u00e9condit\u00e9. Ce ne sont pas les outils de foi qui gu\u00e9rissent les malades, mais J\u00e9sus-Christ lui-m\u00eame. La foi doit \u00eatre pr\u00e9sente \u00e0 la fois chez la personne qui prie et chez celle pour qui l&rsquo;on prie. La pri\u00e8re doit provenir d&rsquo;une foi vive et \u00eatre accompagn\u00e9e d&rsquo;une telle foi. C&rsquo;est elle qui apporte la gu\u00e9rison, et non les outils de la foi.\r\n\r\n<b><em><strong>*Veuillez noter<\/strong><\/em><strong> que les Outils de Foi sont UNIQUEMENT disponibles au si\u00e8ge de la Synagogue, \u00c9glise de Toutes les Nations (SCOAN) \u00e0 Lagos, au Nig\u00e9ria.<\/strong><\/b> <b><strong>Ils ne sont pas \u00e0 vendre.<\/strong><\/b>\r\n\r\nM\u00e9fiez-vous des imposteurs qui pr\u00e9tendent \u00eatre la Pasteure Evelyn Joshua ou repr\u00e9senter La Synagogue, \u00c9glise de Toutes les Nations et qui demandent de l&rsquo;argent au nom de l&rsquo;une ou l&rsquo;autre de ces personnes en promettant de fournir des Outils de Foi ou d&rsquo;autres mat\u00e9riels oints du minist\u00e8re.\r\n\r\nLa gu\u00e9rison, le salut et toutes les b\u00e9n\u00e9dictions de Dieu sont des dons gratuits de Dieu. J\u00e9sus-Christ a pay\u00e9 pour notre gu\u00e9rison parfaite et compl\u00e8te lorsqu&rsquo;il est mort sur la croix. <b><strong>Veillez et priez, afin de ne pas tomber en tentation (Mt 26:41).<\/strong><\/b>\t\t\t\t\t\t\t\t<\/div>\n\t\t\t\t<\/div>\n\t\t\t\t\t<\/div>\n\t\t\t\t<\/div>\n\t\t\t\t\t<\/div>\n\t\t\t\t<\/div>\n\t\t\t\t<\/div>\n\t\t","protected":false},"excerpt":{"rendered":"<p>Eau Ointe \/ Autocollant &amp;amp ; bracelet de foi Tout Au Long Des \u00c9critures, Nous Voyons La Preuve \u00c9vidente Que Dieu Peut Utiliser N&rsquo;importe Quel Moyen Pour S&rsquo;exprimer : &lt;ul&gt; Dans Actes 19:11-12, Dieu a utilis\u00e9 le mouchoir et les tabliers de Paul pour gu\u00e9rir les malades. Dans Exode 14:16, Dieu a utilis\u00e9 le b\u00e2ton [&hellip;]<\/p>\n","protected":false},"author":73,"featured_media":0,"parent":0,"menu_order":0,"comment_status":"closed","ping_status":"closed","template":"elementor_header_footer","meta":{"_vp_format_video_url":"","_vp_image_focal_point":[],"footnotes":""},"class_list":["post-84572","page","type-page","status-publish","hentry"],"yoast_head":"<!-- This site is optimized with the Yoast SEO Premium plugin v25.3.1 (Yoast SEO v27.3) - https:\/\/yoast.com\/product\/yoast-seo-premium-wordpress\/ -->\n<title>Outils de foi - The Synagogue, Church Of All Nations - SCOAN - Prophet T.B. Joshua<\/title>\n<meta name=\"robots\" content=\"index, follow, max-snippet:-1, max-image-preview:large, max-video-preview:-1\" \/>\n<link rel=\"canonical\" href=\"https:\/\/www.scoan.org\/fr\/outils-de-foi\/\" \/>\n<meta property=\"og:locale\" content=\"fr_FR\" \/>\n<meta property=\"og:type\" content=\"article\" \/>\n<meta property=\"og:title\" content=\"Outils de foi\" \/>\n<meta property=\"og:description\" content=\"Eau Ointe \/ Autocollant &amp;amp ; bracelet de foi Tout Au Long Des \u00c9critures, Nous Voyons La Preuve \u00c9vidente Que Dieu Peut Utiliser N&#039;importe Quel Moyen Pour S&#039;exprimer : &lt;ul&gt; Dans Actes 19:11-12, Dieu a utilis\u00e9 le mouchoir et les tabliers de Paul pour gu\u00e9rir les malades. Dans Exode 14:16, Dieu a utilis\u00e9 le b\u00e2ton [&hellip;]\" \/>\n<meta property=\"og:url\" content=\"https:\/\/www.scoan.org\/fr\/outils-de-foi\/\" \/>\n<meta property=\"og:site_name\" content=\"The Synagogue, Church Of All Nations - SCOAN - Prophet T.B. Joshua\" \/>\n<meta property=\"article:publisher\" content=\"https:\/\/www.facebook.com\/tbjministries\" \/>\n<meta property=\"article:modified_time\" content=\"2024-04-18T16:15:43+00:00\" \/>\n<meta property=\"og:image\" content=\"https:\/\/www.scoan.org\/wp-content\/blogs.dir\/12\/files\/2021\/03\/banner-n-aw-s.jpg\" \/>\n<meta name=\"twitter:card\" content=\"summary_large_image\" \/>\n<meta name=\"twitter:site\" content=\"@SCOANTBJoshua\" \/>\n<meta name=\"twitter:label1\" content=\"Dur\u00e9e de lecture estim\u00e9e\" \/>\n\t<meta name=\"twitter:data1\" content=\"3 minutes\" \/>\n<script type=\"application\/ld+json\" class=\"yoast-schema-graph\">{\"@context\":\"https:\\\/\\\/schema.org\",\"@graph\":[{\"@type\":\"WebPage\",\"@id\":\"https:\\\/\\\/www.scoan.org\\\/fr\\\/outils-de-foi\\\/\",\"url\":\"https:\\\/\\\/www.scoan.org\\\/fr\\\/outils-de-foi\\\/\",\"name\":\"Outils de foi - The Synagogue, Church Of All Nations - SCOAN - Prophet T.B. Joshua\",\"isPartOf\":{\"@id\":\"https:\\\/\\\/www.scoan.org\\\/fr\\\/#website\"},\"primaryImageOfPage\":{\"@id\":\"https:\\\/\\\/www.scoan.org\\\/fr\\\/outils-de-foi\\\/#primaryimage\"},\"image\":{\"@id\":\"https:\\\/\\\/www.scoan.org\\\/fr\\\/outils-de-foi\\\/#primaryimage\"},\"thumbnailUrl\":\"https:\\\/\\\/www.scoan.org\\\/wp-content\\\/blogs.dir\\\/12\\\/files\\\/2021\\\/03\\\/banner-n-aw-s.jpg\",\"datePublished\":\"2024-04-09T14:58:22+00:00\",\"dateModified\":\"2024-04-18T16:15:43+00:00\",\"breadcrumb\":{\"@id\":\"https:\\\/\\\/www.scoan.org\\\/fr\\\/outils-de-foi\\\/#breadcrumb\"},\"inLanguage\":\"fr-FR\",\"potentialAction\":[{\"@type\":\"ReadAction\",\"target\":[\"https:\\\/\\\/www.scoan.org\\\/fr\\\/outils-de-foi\\\/\"]}]},{\"@type\":\"ImageObject\",\"inLanguage\":\"fr-FR\",\"@id\":\"https:\\\/\\\/www.scoan.org\\\/fr\\\/outils-de-foi\\\/#primaryimage\",\"url\":\"https:\\\/\\\/www.scoan.org\\\/wp-content\\\/blogs.dir\\\/12\\\/files\\\/2021\\\/03\\\/banner-n-aw-s.jpg\",\"contentUrl\":\"https:\\\/\\\/www.scoan.org\\\/wp-content\\\/blogs.dir\\\/12\\\/files\\\/2021\\\/03\\\/banner-n-aw-s.jpg\"},{\"@type\":\"BreadcrumbList\",\"@id\":\"https:\\\/\\\/www.scoan.org\\\/fr\\\/outils-de-foi\\\/#breadcrumb\",\"itemListElement\":[{\"@type\":\"ListItem\",\"position\":1,\"name\":\"Home\",\"item\":\"https:\\\/\\\/www.scoan.org\\\/fr\\\/\"},{\"@type\":\"ListItem\",\"position\":2,\"name\":\"Outils de foi\"}]},{\"@type\":\"WebSite\",\"@id\":\"https:\\\/\\\/www.scoan.org\\\/fr\\\/#website\",\"url\":\"https:\\\/\\\/www.scoan.org\\\/fr\\\/\",\"name\":\"The Synagogue, Church Of All Nations - SCOAN - Prophet T.B. Joshua\",\"description\":\"Founded by Prophet TB Joshua\",\"publisher\":{\"@id\":\"https:\\\/\\\/www.scoan.org\\\/fr\\\/#organization\"},\"potentialAction\":[{\"@type\":\"SearchAction\",\"target\":{\"@type\":\"EntryPoint\",\"urlTemplate\":\"https:\\\/\\\/www.scoan.org\\\/fr\\\/?s={search_term_string}\"},\"query-input\":{\"@type\":\"PropertyValueSpecification\",\"valueRequired\":true,\"valueName\":\"search_term_string\"}}],\"inLanguage\":\"fr-FR\"},{\"@type\":\"Organization\",\"@id\":\"https:\\\/\\\/www.scoan.org\\\/fr\\\/#organization\",\"name\":\"The Synagogue, Church Of All Nations - SCOAN - Prophet T.B. Joshua\",\"url\":\"https:\\\/\\\/www.scoan.org\\\/fr\\\/\",\"logo\":{\"@type\":\"ImageObject\",\"inLanguage\":\"fr-FR\",\"@id\":\"https:\\\/\\\/www.scoan.org\\\/fr\\\/#\\\/schema\\\/logo\\\/image\\\/\",\"url\":\"https:\\\/\\\/www.scoan.org\\\/wp-content\\\/blogs.dir\\\/12\\\/files\\\/2016\\\/08\\\/logo-e1711044614299.png\",\"contentUrl\":\"https:\\\/\\\/www.scoan.org\\\/wp-content\\\/blogs.dir\\\/12\\\/files\\\/2016\\\/08\\\/logo-e1711044614299.png\",\"width\":186,\"height\":85,\"caption\":\"The Synagogue, Church Of All Nations - SCOAN - Prophet T.B. Joshua\"},\"image\":{\"@id\":\"https:\\\/\\\/www.scoan.org\\\/fr\\\/#\\\/schema\\\/logo\\\/image\\\/\"},\"sameAs\":[\"https:\\\/\\\/www.facebook.com\\\/tbjministries\",\"https:\\\/\\\/x.com\\\/SCOANTBJoshua\",\"https:\\\/\\\/www.instagram.com\\\/tbjoshua\"]}]}<\/script>\n<!-- \/ Yoast SEO Premium plugin. -->","yoast_head_json":{"title":"Outils de foi - The Synagogue, Church Of All Nations - SCOAN - Prophet T.B. Joshua","robots":{"index":"index","follow":"follow","max-snippet":"max-snippet:-1","max-image-preview":"max-image-preview:large","max-video-preview":"max-video-preview:-1"},"canonical":"https:\/\/www.scoan.org\/fr\/outils-de-foi\/","og_locale":"fr_FR","og_type":"article","og_title":"Outils de foi","og_description":"Eau Ointe \/ Autocollant &amp;amp ; bracelet de foi Tout Au Long Des \u00c9critures, Nous Voyons La Preuve \u00c9vidente Que Dieu Peut Utiliser N'importe Quel Moyen Pour S'exprimer : &lt;ul&gt; Dans Actes 19:11-12, Dieu a utilis\u00e9 le mouchoir et les tabliers de Paul pour gu\u00e9rir les malades. Dans Exode 14:16, Dieu a utilis\u00e9 le b\u00e2ton [&hellip;]","og_url":"https:\/\/www.scoan.org\/fr\/outils-de-foi\/","og_site_name":"The Synagogue, Church Of All Nations - SCOAN - Prophet T.B. Joshua","article_publisher":"https:\/\/www.facebook.com\/tbjministries","article_modified_time":"2024-04-18T16:15:43+00:00","og_image":[{"url":"https:\/\/www.scoan.org\/wp-content\/blogs.dir\/12\/files\/2021\/03\/banner-n-aw-s.jpg","type":"","width":"","height":""}],"twitter_card":"summary_large_image","twitter_site":"@SCOANTBJoshua","twitter_misc":{"Dur\u00e9e de lecture estim\u00e9e":"3 minutes"},"schema":{"@context":"https:\/\/schema.org","@graph":[{"@type":"WebPage","@id":"https:\/\/www.scoan.org\/fr\/outils-de-foi\/","url":"https:\/\/www.scoan.org\/fr\/outils-de-foi\/","name":"Outils de foi - The Synagogue, Church Of All Nations - SCOAN - Prophet T.B. Joshua","isPartOf":{"@id":"https:\/\/www.scoan.org\/fr\/#website"},"primaryImageOfPage":{"@id":"https:\/\/www.scoan.org\/fr\/outils-de-foi\/#primaryimage"},"image":{"@id":"https:\/\/www.scoan.org\/fr\/outils-de-foi\/#primaryimage"},"thumbnailUrl":"https:\/\/www.scoan.org\/wp-content\/blogs.dir\/12\/files\/2021\/03\/banner-n-aw-s.jpg","datePublished":"2024-04-09T14:58:22+00:00","dateModified":"2024-04-18T16:15:43+00:00","breadcrumb":{"@id":"https:\/\/www.scoan.org\/fr\/outils-de-foi\/#breadcrumb"},"inLanguage":"fr-FR","potentialAction":[{"@type":"ReadAction","target":["https:\/\/www.scoan.org\/fr\/outils-de-foi\/"]}]},{"@type":"ImageObject","inLanguage":"fr-FR","@id":"https:\/\/www.scoan.org\/fr\/outils-de-foi\/#primaryimage","url":"https:\/\/www.scoan.org\/wp-content\/blogs.dir\/12\/files\/2021\/03\/banner-n-aw-s.jpg","contentUrl":"https:\/\/www.scoan.org\/wp-content\/blogs.dir\/12\/files\/2021\/03\/banner-n-aw-s.jpg"},{"@type":"BreadcrumbList","@id":"https:\/\/www.scoan.org\/fr\/outils-de-foi\/#breadcrumb","itemListElement":[{"@type":"ListItem","position":1,"name":"Home","item":"https:\/\/www.scoan.org\/fr\/"},{"@type":"ListItem","position":2,"name":"Outils de foi"}]},{"@type":"WebSite","@id":"https:\/\/www.scoan.org\/fr\/#website","url":"https:\/\/www.scoan.org\/fr\/","name":"The Synagogue, Church Of All Nations - SCOAN - Prophet T.B. Joshua","description":"Founded by Prophet TB Joshua","publisher":{"@id":"https:\/\/www.scoan.org\/fr\/#organization"},"potentialAction":[{"@type":"SearchAction","target":{"@type":"EntryPoint","urlTemplate":"https:\/\/www.scoan.org\/fr\/?s={search_term_string}"},"query-input":{"@type":"PropertyValueSpecification","valueRequired":true,"valueName":"search_term_string"}}],"inLanguage":"fr-FR"},{"@type":"Organization","@id":"https:\/\/www.scoan.org\/fr\/#organization","name":"The Synagogue, Church Of All Nations - SCOAN - Prophet T.B. Joshua","url":"https:\/\/www.scoan.org\/fr\/","logo":{"@type":"ImageObject","inLanguage":"fr-FR","@id":"https:\/\/www.scoan.org\/fr\/#\/schema\/logo\/image\/","url":"https:\/\/www.scoan.org\/wp-content\/blogs.dir\/12\/files\/2016\/08\/logo-e1711044614299.png","contentUrl":"https:\/\/www.scoan.org\/wp-content\/blogs.dir\/12\/files\/2016\/08\/logo-e1711044614299.png","width":186,"height":85,"caption":"The Synagogue, Church Of All Nations - SCOAN - Prophet T.B. Joshua"},"image":{"@id":"https:\/\/www.scoan.org\/fr\/#\/schema\/logo\/image\/"},"sameAs":["https:\/\/www.facebook.com\/tbjministries","https:\/\/x.com\/SCOANTBJoshua","https:\/\/www.instagram.com\/tbjoshua"]}]}},"_links":{"self":[{"href":"https:\/\/www.scoan.org\/fr\/wp-json\/wp\/v2\/pages\/84572","targetHints":{"allow":["GET"]}}],"collection":[{"href":"https:\/\/www.scoan.org\/fr\/wp-json\/wp\/v2\/pages"}],"about":[{"href":"https:\/\/www.scoan.org\/fr\/wp-json\/wp\/v2\/types\/page"}],"author":[{"embeddable":true,"href":"https:\/\/www.scoan.org\/fr\/wp-json\/wp\/v2\/users\/73"}],"replies":[{"embeddable":true,"href":"https:\/\/www.scoan.org\/fr\/wp-json\/wp\/v2\/comments?post=84572"}],"version-history":[{"count":6,"href":"https:\/\/www.scoan.org\/fr\/wp-json\/wp\/v2\/pages\/84572\/revisions"}],"predecessor-version":[{"id":85659,"href":"https:\/\/www.scoan.org\/fr\/wp-json\/wp\/v2\/pages\/84572\/revisions\/85659"}],"wp:attachment":[{"href":"https:\/\/www.scoan.org\/fr\/wp-json\/wp\/v2\/media?parent=84572"}],"curies":[{"name":"wp","href":"https:\/\/api.w.org\/{rel}","templated":true}]}}