{"id":84496,"date":"2024-04-05T18:03:10","date_gmt":"2024-04-05T18:03:10","guid":{"rendered":"https:\/\/www.scoan.org\/declaration-de-foi\/"},"modified":"2025-03-01T11:49:10","modified_gmt":"2025-03-01T11:49:10","slug":"declaration-de-foi","status":"publish","type":"page","link":"https:\/\/www.scoan.org\/fr\/declaration-de-foi\/","title":{"rendered":"D\u00e9claration De Foi"},"content":{"rendered":"\t\t<div data-elementor-type=\"wp-page\" data-elementor-id=\"84496\" class=\"elementor elementor-84496\" data-elementor-post-type=\"page\">\n\t\t\t\t<div class=\"elementor-element elementor-element-c73a258 e-flex e-con-boxed e-con e-parent\" data-id=\"c73a258\" data-element_type=\"container\" data-settings=\"{&quot;background_background&quot;:&quot;slideshow&quot;,&quot;background_slideshow_gallery&quot;:[{&quot;id&quot;:&quot;80848&quot;,&quot;url&quot;:&quot;https:\\\/\\\/www.scoan.org\\\/wp-content\\\/blogs.dir\\\/12\\\/files\\\/2024\\\/03\\\/statement-of-faith.png&quot;}],&quot;background_slideshow_ken_burns&quot;:&quot;yes&quot;,&quot;background_slideshow_loop&quot;:&quot;yes&quot;,&quot;background_slideshow_slide_duration&quot;:5000,&quot;background_slideshow_slide_transition&quot;:&quot;fade&quot;,&quot;background_slideshow_transition_duration&quot;:500,&quot;background_slideshow_ken_burns_zoom_direction&quot;:&quot;in&quot;}\">\n\t\t\t\t\t<div class=\"e-con-inner\">\n\t\t\t\t\t<\/div>\n\t\t\t\t<\/div>\n\t\t<div class=\"elementor-element elementor-element-6f0cbed e-flex e-con-boxed e-con e-parent\" data-id=\"6f0cbed\" data-element_type=\"container\" data-settings=\"{&quot;background_background&quot;:&quot;classic&quot;}\">\n\t\t\t\t\t<div class=\"e-con-inner\">\n\t\t<div class=\"elementor-element elementor-element-8cea702 e-flex e-con-boxed e-con e-child\" data-id=\"8cea702\" data-element_type=\"container\" data-settings=\"{&quot;background_background&quot;:&quot;classic&quot;}\">\n\t\t\t\t\t<div class=\"e-con-inner\">\n\t\t\t\t<div class=\"elementor-element elementor-element-3b22489 elementor-invisible elementor-widget elementor-widget-heading\" data-id=\"3b22489\" data-element_type=\"widget\" data-settings=\"{&quot;_animation&quot;:&quot;fadeIn&quot;,&quot;_animation_delay&quot;:&quot;400&quot;}\" data-widget_type=\"heading.default\">\n\t\t\t\t<div class=\"elementor-widget-container\">\n\t\t\t\t\t<div class=\"elementor-heading-title elementor-size-default\">Le Saint-Esprit a travaill\u00e9 avec le P\u00e8re et le Fils pour cr\u00e9er le monde. Le P\u00e8re a donn\u00e9 son Esprit pour nous rendre semblables \u00e0 son Fils, J\u00e9sus-Christ. Le J\u00e9sus-Christ que nous connaissons est J\u00e9sus dans la puissance du Saint-Esprit. Il a fait une merveilleuse promesse dans Jean 14:16-17 : \"Quant \u00e0 moi, je prierai le P\u00e8re et il vous donnera un autre d\u00e9fenseur afin qu'il reste \u00e9ternellement avec vous: l'Esprit de la v\u00e9rit\u00e9, que le monde ne peut pas accepter parce qu'il ne le voit pas et ne le conna\u00eet pas. [Mais] vous, vous le connaissez, car il reste avec vous et il sera en vous.'' Le Saint-Esprit doit \u00eatre avec nous pour toujours. Il n'est pas connu ou re\u00e7u par tout le monde, mais seulement par ceux qui sont pr\u00e9par\u00e9s pour lui. Le Saint-Esprit nous montre \u00e0 quel point nos p\u00e9ch\u00e9s sont r\u00e9pr\u00e9hensibles. Il nous aide \u00e0 accepter J\u00e9sus-Christ comme notre Sauveur. Il change compl\u00e8tement notre vie. C'est ce qu'on appelle se convertir ou na\u00eetre de nouveau.<\/div>\t\t\t\t<\/div>\n\t\t\t\t<\/div>\n\t\t\t\t<div class=\"elementor-element elementor-element-b6eb1b9 elementor-invisible elementor-widget elementor-widget-heading\" data-id=\"b6eb1b9\" data-element_type=\"widget\" data-settings=\"{&quot;_animation&quot;:&quot;fadeIn&quot;,&quot;_animation_delay&quot;:&quot;400&quot;}\" data-widget_type=\"heading.default\">\n\t\t\t\t<div class=\"elementor-widget-container\">\n\t\t\t\t\t<div class=\"elementor-heading-title elementor-size-default\">J\u00e9sus-Christ est un gagneur d'\u00e2mes. C'est pour cela qu'Il est venu, qu'Il a v\u00e9cu, qu'Il est mort et qu'Il est ressuscit\u00e9. Il est venu r\u00e9tablir la relation et la communion entre Dieu et l'homme. En ce qui concerne Sa nature humaine, J\u00e9sus-Christ \u00e9tait un descendant de David. En ce qui concerne Sa nature divine, Il a d\u00e9montr\u00e9 avec une grande puissance qu'Il \u00e9tait le Fils de Dieu en \u00e9tant ressuscit\u00e9 de la mort le troisi\u00e8me jour. Il est maintenant assis \u00e0 la droite du tr\u00f4ne de Dieu (H\u00e9breux 12:2 ; Romains 1:2-4). Il a \u00e9t\u00e9 tent\u00e9 en tout temps comme nous, mais Il n'a pas commis de p\u00e9ch\u00e9. J\u00e9sus-Christ nous aime, Il est mort pour nous, Il r\u00e8gne en puissance pour nous et Il prie encore pour nous.<\/div>\t\t\t\t<\/div>\n\t\t\t\t<\/div>\n\t\t\t\t<div class=\"elementor-element elementor-element-9be4e61 elementor-invisible elementor-widget elementor-widget-heading\" data-id=\"9be4e61\" data-element_type=\"widget\" data-settings=\"{&quot;_animation&quot;:&quot;fadeIn&quot;,&quot;_animation_delay&quot;:&quot;400&quot;}\" data-widget_type=\"heading.default\">\n\t\t\t\t<div class=\"elementor-widget-container\">\n\t\t\t\t\t<div class=\"elementor-heading-title elementor-size-default\">Les saints hommes de Dieu \u00e9taient port\u00e9s par le Saint-Esprit lorsqu'ils transmettaient le message qui venait de Dieu. La Sainte Bible est plus qu'un \u00e9v\u00e9nement lointain et une sagesse ancienne. Elle est le message de gr\u00e2ce et de v\u00e9rit\u00e9 que Dieu nous adresse aujourd'hui&amp;nbsp ;(2 Timoth\u00e9e 3:16 ; 2 Pierre 1:21).<\/div>\t\t\t\t<\/div>\n\t\t\t\t<\/div>\n\t\t\t\t<div class=\"elementor-element elementor-element-163ad60 elementor-invisible elementor-widget elementor-widget-heading\" data-id=\"163ad60\" data-element_type=\"widget\" data-settings=\"{&quot;_animation&quot;:&quot;fadeIn&quot;,&quot;_animation_delay&quot;:&quot;400&quot;}\" data-widget_type=\"heading.default\">\n\t\t\t\t<div class=\"elementor-widget-container\">\n\t\t\t\t\t<div class=\"elementor-heading-title elementor-size-default\">Le p\u00e9ch\u00e9 nous conduit \u00e0 la mort et \u00e0 la destruction \u00e9ternelles, mais la Parole de Dieu nous conduit \u00e0 la vie. Si le Christ J\u00e9sus est notre Seigneur et notre Sauveur, un nouveau corps, une nouvelle \u00e2me et un nouvel esprit nous attendent un jour. L'Esprit de Dieu se joint \u00e0 notre esprit pour d\u00e9clarer que nous sommes ses enfants&amp;nbsp ;(Romains 8:16). sit amet, consectetur adipiscing elit. Ut elit tellus, luctus nec ullamcorper mattis, pulvinar dapibus leo.<\/div>\t\t\t\t<\/div>\n\t\t\t\t<\/div>\n\t\t\t\t<div class=\"elementor-element elementor-element-6881452 elementor-invisible elementor-widget elementor-widget-heading\" data-id=\"6881452\" data-element_type=\"widget\" data-settings=\"{&quot;_animation&quot;:&quot;fadeIn&quot;,&quot;_animation_delay&quot;:&quot;400&quot;}\" data-widget_type=\"heading.default\">\n\t\t\t\t<div class=\"elementor-widget-container\">\n\t\t\t\t\t<div class=\"elementor-heading-title elementor-size-default\">Le salut consiste \u00e0 \u00eatre lib\u00e9r\u00e9 du p\u00e9ch\u00e9 et de ses sanctions et est re\u00e7u par la foi dans le pouvoir purificateur du sang de J\u00e9sus-Christ. Chaque homme doit accepter J\u00e9sus-Christ comme son Seigneur et Sauveur personnel, sinon la mort de J\u00e9sus ne le sauvera pas.4.<\/div>\t\t\t\t<\/div>\n\t\t\t\t<\/div>\n\t\t\t\t\t<\/div>\n\t\t\t\t<\/div>\n\t\t\t\t\t<\/div>\n\t\t\t\t<\/div>\n\t\t<div class=\"elementor-element elementor-element-a315cef e-flex e-con-boxed e-con e-parent\" data-id=\"a315cef\" data-element_type=\"container\" data-settings=\"{&quot;background_background&quot;:&quot;classic&quot;}\">\n\t\t\t\t\t<div class=\"e-con-inner\">\n\t\t<div class=\"elementor-element elementor-element-533ee76 e-flex e-con-boxed e-con e-child\" data-id=\"533ee76\" data-element_type=\"container\" data-settings=\"{&quot;background_background&quot;:&quot;classic&quot;}\">\n\t\t\t\t\t<div class=\"e-con-inner\">\n\t\t\t\t<div class=\"elementor-element elementor-element-f1961c9 elementor-invisible elementor-widget elementor-widget-heading\" data-id=\"f1961c9\" data-element_type=\"widget\" data-settings=\"{&quot;_animation&quot;:&quot;fadeIn&quot;,&quot;_animation_delay&quot;:&quot;400&quot;}\" data-widget_type=\"heading.default\">\n\t\t\t\t<div class=\"elementor-widget-container\">\n\t\t\t\t\t<div class=\"elementor-heading-title elementor-size-default\">La Parole de Dieu rafra\u00eechit notre esprit tandis que l'Esprit de Dieu renouvelle nos forces. Pour na\u00eetre de nouveau, il faut non seulement la Parole de Dieu, mais aussi son Esprit, m\u00eal\u00e9 \u00e0 la repentance et \u00e0 la foi dans nos c\u0153urs.<\/div>\t\t\t\t<\/div>\n\t\t\t\t<\/div>\n\t\t\t\t<div class=\"elementor-element elementor-element-f98d08a elementor-invisible elementor-widget elementor-widget-heading\" data-id=\"f98d08a\" data-element_type=\"widget\" data-settings=\"{&quot;_animation&quot;:&quot;fadeIn&quot;,&quot;_animation_delay&quot;:&quot;400&quot;}\" data-widget_type=\"heading.default\">\n\t\t\t\t<div class=\"elementor-widget-container\">\n\t\t\t\t\t<div class=\"elementor-heading-title elementor-size-default\">La gu\u00e9rison divine est la puissance surnaturelle de Dieu qui apporte la sant\u00e9 au corps humain. Elle est re\u00e7ue par la foi en l'\u0153uvre achev\u00e9e de notre Seigneur J\u00e9sus-Christ. Tous les ch\u00e2timents que J\u00e9sus-Christ a subis avant et pendant sa crucifixion avaient pour but de nous gu\u00e9rir - esprit, \u00e2me et corps. C'est par ses meurtrissures que nous sommes gu\u00e9ris. La gu\u00e9rison divine faisait partie des avantages que J\u00e9sus-Christ a achet\u00e9s pour nous au Calvaire.<\/div>\t\t\t\t<\/div>\n\t\t\t\t<\/div>\n\t\t\t\t<div class=\"elementor-element elementor-element-43f0ce9 elementor-invisible elementor-widget elementor-widget-heading\" data-id=\"43f0ce9\" data-element_type=\"widget\" data-settings=\"{&quot;_animation&quot;:&quot;fadeIn&quot;,&quot;_animation_delay&quot;:&quot;400&quot;}\" data-widget_type=\"heading.default\">\n\t\t\t\t<div class=\"elementor-widget-container\">\n\t\t\t\t\t<div class=\"elementor-heading-title elementor-size-default\">Le bapt\u00eame d'eau et le bapt\u00eame du Saint-Esprit. Nous croyons \u00e9galement au parler en langues lorsque l'Esprit de Dieu donne la parole (Actes 2:4). Tous ceux qui entrent dans le nombre du corps du Christ le font parce qu'ils sont baptis\u00e9s du Saint-Esprit (1 Corinthiens 12:13 ; Romains 8:9). Lorsque vous \u00eates baptis\u00e9 du Saint-Esprit, la puissance de Dieu vient sur vous comme elle est venue sur les premiers disciples le jour de la Pentec\u00f4te (Actes 2:1-4). Lorsque la puissance de Dieu vient sur vous, le Saint-Esprit affecte tout ce qui vous concerne. Le Saint-Esprit produit des rivi\u00e8res de vie, de joie, d'amour, de paix et de puissance qui sortent de votre esprit pour r\u00e9pondre aux besoins des autres&amp;nbsp ;(Jean 7:37-38).<\/div>\t\t\t\t<\/div>\n\t\t\t\t<\/div>\n\t\t\t\t<div class=\"elementor-element elementor-element-343a451 elementor-invisible elementor-widget elementor-widget-heading\" data-id=\"343a451\" data-element_type=\"widget\" data-settings=\"{&quot;_animation&quot;:&quot;fadeIn&quot;,&quot;_animation_delay&quot;:&quot;400&quot;}\" data-widget_type=\"heading.default\">\n\t\t\t\t<div class=\"elementor-widget-container\">\n\t\t\t\t\t<div class=\"elementor-heading-title elementor-size-default\">La C\u00e8ne, telle qu'elle a \u00e9t\u00e9 c\u00e9l\u00e9br\u00e9e par J\u00e9sus-Christ et ses disciples dans Matthieu 26:26-28, \"Pendant qu'ils mangeaient, J\u00e9sus prit du pain et pronon\u00e7a la pri\u00e8re de b\u00e9n\u00e9diction, puis il le rompit et le donna aux disciples en disant: \u00abPrenez, mangez, ceci est mon corps.\u00bb Il prit ensuite une coupe et remercia Dieu, puis il la leur donna en disant: \u00abBuvez-en tous, car ceci est mon sang, le sang de la [nouvelle] alliance, qui est vers\u00e9 pour beaucoup, pour le pardon des p\u00e9ch\u00e9s.\". Comme les disciples d'autrefois ont re\u00e7u de J\u00e9sus-Christ l'instruction de prendre le repas du Seigneur, nous prenons aussi le repas du Seigneur (2 Pierre 1:4), sur l'instruction du Saint-Esprit&amp;nbsp ;(1 Corinthiens 2:10 ; 11:26-31).<\/div>\t\t\t\t<\/div>\n\t\t\t\t<\/div>\n\t\t\t\t<div class=\"elementor-element elementor-element-3ffca09 elementor-invisible elementor-widget elementor-widget-heading\" data-id=\"3ffca09\" data-element_type=\"widget\" data-settings=\"{&quot;_animation&quot;:&quot;fadeIn&quot;,&quot;_animation_delay&quot;:&quot;400&quot;}\" data-widget_type=\"heading.default\">\n\t\t\t\t<div class=\"elementor-widget-container\">\n\t\t\t\t\t<div class=\"elementor-heading-title elementor-size-default\">J\u00e9sus-Christ reviendra, comme Il est parti&amp;nbsp ;(Actes 1:11 ; 1 Thessaloniciens. 4:16-17).<\/div>\t\t\t\t<\/div>\n\t\t\t\t<\/div>\n\t\t\t\t\t<\/div>\n\t\t\t\t<\/div>\n\t\t\t\t\t<\/div>\n\t\t\t\t<\/div>\n\t\t\t\t<\/div>\n\t\t","protected":false},"excerpt":{"rendered":"<p>Le Saint-Esprit a travaill\u00e9 avec le P\u00e8re et le Fils pour cr\u00e9er le monde. Le P\u00e8re a donn\u00e9 son Esprit pour nous rendre semblables \u00e0 son Fils, J\u00e9sus-Christ. Le J\u00e9sus-Christ que nous connaissons est J\u00e9sus dans la puissance du Saint-Esprit. Il a fait une merveilleuse promesse dans Jean 14:16-17 : \u00ab\u00a0Quant \u00e0 moi, je prierai [&hellip;]<\/p>\n","protected":false},"author":73,"featured_media":0,"parent":0,"menu_order":0,"comment_status":"closed","ping_status":"closed","template":"elementor_header_footer","meta":{"_vp_format_video_url":"","_vp_image_focal_point":[],"footnotes":""},"class_list":["post-84496","page","type-page","status-publish","hentry"],"yoast_head":"<!-- This site is optimized with the Yoast SEO Premium plugin v25.3.1 (Yoast SEO v27.4) - https:\/\/yoast.com\/product\/yoast-seo-premium-wordpress\/ -->\n<title>D\u00e9claration De Foi - The Synagogue, Church Of All Nations - SCOAN - Prophet T.B. Joshua<\/title>\n<meta name=\"robots\" content=\"index, follow, max-snippet:-1, max-image-preview:large, max-video-preview:-1\" \/>\n<link rel=\"canonical\" href=\"https:\/\/www.scoan.org\/fr\/declaration-de-foi\/\" \/>\n<meta property=\"og:locale\" content=\"fr_FR\" \/>\n<meta property=\"og:type\" content=\"article\" \/>\n<meta property=\"og:title\" content=\"D\u00e9claration De Foi\" \/>\n<meta property=\"og:description\" content=\"Le Saint-Esprit a travaill\u00e9 avec le P\u00e8re et le Fils pour cr\u00e9er le monde. Le P\u00e8re a donn\u00e9 son Esprit pour nous rendre semblables \u00e0 son Fils, J\u00e9sus-Christ. Le J\u00e9sus-Christ que nous connaissons est J\u00e9sus dans la puissance du Saint-Esprit. Il a fait une merveilleuse promesse dans Jean 14:16-17 : \u00ab\u00a0Quant \u00e0 moi, je prierai [&hellip;]\" \/>\n<meta property=\"og:url\" content=\"https:\/\/www.scoan.org\/fr\/declaration-de-foi\/\" \/>\n<meta property=\"og:site_name\" content=\"The Synagogue, Church Of All Nations - SCOAN - Prophet T.B. Joshua\" \/>\n<meta property=\"article:publisher\" content=\"https:\/\/www.facebook.com\/tbjministries\" \/>\n<meta property=\"article:modified_time\" content=\"2025-03-01T11:49:10+00:00\" \/>\n<meta name=\"twitter:card\" content=\"summary_large_image\" \/>\n<meta name=\"twitter:site\" content=\"@SCOANTBJoshua\" \/>\n<meta name=\"twitter:label1\" content=\"Dur\u00e9e de lecture estim\u00e9e\" \/>\n\t<meta name=\"twitter:data1\" content=\"4 minutes\" \/>\n<script type=\"application\/ld+json\" class=\"yoast-schema-graph\">{\"@context\":\"https:\\\/\\\/schema.org\",\"@graph\":[{\"@type\":\"WebPage\",\"@id\":\"https:\\\/\\\/www.scoan.org\\\/fr\\\/declaration-de-foi\\\/\",\"url\":\"https:\\\/\\\/www.scoan.org\\\/fr\\\/declaration-de-foi\\\/\",\"name\":\"D\u00e9claration De Foi - The Synagogue, Church Of All Nations - SCOAN - Prophet T.B. Joshua\",\"isPartOf\":{\"@id\":\"https:\\\/\\\/www.scoan.org\\\/fr\\\/#website\"},\"datePublished\":\"2024-04-05T18:03:10+00:00\",\"dateModified\":\"2025-03-01T11:49:10+00:00\",\"breadcrumb\":{\"@id\":\"https:\\\/\\\/www.scoan.org\\\/fr\\\/declaration-de-foi\\\/#breadcrumb\"},\"inLanguage\":\"fr-FR\",\"potentialAction\":[{\"@type\":\"ReadAction\",\"target\":[\"https:\\\/\\\/www.scoan.org\\\/fr\\\/declaration-de-foi\\\/\"]}]},{\"@type\":\"BreadcrumbList\",\"@id\":\"https:\\\/\\\/www.scoan.org\\\/fr\\\/declaration-de-foi\\\/#breadcrumb\",\"itemListElement\":[{\"@type\":\"ListItem\",\"position\":1,\"name\":\"Home\",\"item\":\"https:\\\/\\\/www.scoan.org\\\/fr\\\/\"},{\"@type\":\"ListItem\",\"position\":2,\"name\":\"D\u00e9claration De Foi\"}]},{\"@type\":\"WebSite\",\"@id\":\"https:\\\/\\\/www.scoan.org\\\/fr\\\/#website\",\"url\":\"https:\\\/\\\/www.scoan.org\\\/fr\\\/\",\"name\":\"The Synagogue, Church Of All Nations - SCOAN - Prophet T.B. Joshua\",\"description\":\"Founded by Prophet TB Joshua\",\"publisher\":{\"@id\":\"https:\\\/\\\/www.scoan.org\\\/fr\\\/#organization\"},\"potentialAction\":[{\"@type\":\"SearchAction\",\"target\":{\"@type\":\"EntryPoint\",\"urlTemplate\":\"https:\\\/\\\/www.scoan.org\\\/fr\\\/?s={search_term_string}\"},\"query-input\":{\"@type\":\"PropertyValueSpecification\",\"valueRequired\":true,\"valueName\":\"search_term_string\"}}],\"inLanguage\":\"fr-FR\"},{\"@type\":\"Organization\",\"@id\":\"https:\\\/\\\/www.scoan.org\\\/fr\\\/#organization\",\"name\":\"The Synagogue, Church Of All Nations - SCOAN - Prophet T.B. Joshua\",\"url\":\"https:\\\/\\\/www.scoan.org\\\/fr\\\/\",\"logo\":{\"@type\":\"ImageObject\",\"inLanguage\":\"fr-FR\",\"@id\":\"https:\\\/\\\/www.scoan.org\\\/fr\\\/#\\\/schema\\\/logo\\\/image\\\/\",\"url\":\"https:\\\/\\\/www.scoan.org\\\/wp-content\\\/blogs.dir\\\/12\\\/files\\\/2016\\\/08\\\/logo-e1711044614299.png\",\"contentUrl\":\"https:\\\/\\\/www.scoan.org\\\/wp-content\\\/blogs.dir\\\/12\\\/files\\\/2016\\\/08\\\/logo-e1711044614299.png\",\"width\":186,\"height\":85,\"caption\":\"The Synagogue, Church Of All Nations - SCOAN - Prophet T.B. Joshua\"},\"image\":{\"@id\":\"https:\\\/\\\/www.scoan.org\\\/fr\\\/#\\\/schema\\\/logo\\\/image\\\/\"},\"sameAs\":[\"https:\\\/\\\/www.facebook.com\\\/tbjministries\",\"https:\\\/\\\/x.com\\\/SCOANTBJoshua\",\"https:\\\/\\\/www.instagram.com\\\/tbjoshua\"]}]}<\/script>\n<!-- \/ Yoast SEO Premium plugin. -->","yoast_head_json":{"title":"D\u00e9claration De Foi - The Synagogue, Church Of All Nations - SCOAN - Prophet T.B. Joshua","robots":{"index":"index","follow":"follow","max-snippet":"max-snippet:-1","max-image-preview":"max-image-preview:large","max-video-preview":"max-video-preview:-1"},"canonical":"https:\/\/www.scoan.org\/fr\/declaration-de-foi\/","og_locale":"fr_FR","og_type":"article","og_title":"D\u00e9claration De Foi","og_description":"Le Saint-Esprit a travaill\u00e9 avec le P\u00e8re et le Fils pour cr\u00e9er le monde. Le P\u00e8re a donn\u00e9 son Esprit pour nous rendre semblables \u00e0 son Fils, J\u00e9sus-Christ. Le J\u00e9sus-Christ que nous connaissons est J\u00e9sus dans la puissance du Saint-Esprit. Il a fait une merveilleuse promesse dans Jean 14:16-17 : \u00ab\u00a0Quant \u00e0 moi, je prierai [&hellip;]","og_url":"https:\/\/www.scoan.org\/fr\/declaration-de-foi\/","og_site_name":"The Synagogue, Church Of All Nations - SCOAN - Prophet T.B. Joshua","article_publisher":"https:\/\/www.facebook.com\/tbjministries","article_modified_time":"2025-03-01T11:49:10+00:00","twitter_card":"summary_large_image","twitter_site":"@SCOANTBJoshua","twitter_misc":{"Dur\u00e9e de lecture estim\u00e9e":"4 minutes"},"schema":{"@context":"https:\/\/schema.org","@graph":[{"@type":"WebPage","@id":"https:\/\/www.scoan.org\/fr\/declaration-de-foi\/","url":"https:\/\/www.scoan.org\/fr\/declaration-de-foi\/","name":"D\u00e9claration De Foi - The Synagogue, Church Of All Nations - SCOAN - Prophet T.B. Joshua","isPartOf":{"@id":"https:\/\/www.scoan.org\/fr\/#website"},"datePublished":"2024-04-05T18:03:10+00:00","dateModified":"2025-03-01T11:49:10+00:00","breadcrumb":{"@id":"https:\/\/www.scoan.org\/fr\/declaration-de-foi\/#breadcrumb"},"inLanguage":"fr-FR","potentialAction":[{"@type":"ReadAction","target":["https:\/\/www.scoan.org\/fr\/declaration-de-foi\/"]}]},{"@type":"BreadcrumbList","@id":"https:\/\/www.scoan.org\/fr\/declaration-de-foi\/#breadcrumb","itemListElement":[{"@type":"ListItem","position":1,"name":"Home","item":"https:\/\/www.scoan.org\/fr\/"},{"@type":"ListItem","position":2,"name":"D\u00e9claration De Foi"}]},{"@type":"WebSite","@id":"https:\/\/www.scoan.org\/fr\/#website","url":"https:\/\/www.scoan.org\/fr\/","name":"The Synagogue, Church Of All Nations - SCOAN - Prophet T.B. Joshua","description":"Founded by Prophet TB Joshua","publisher":{"@id":"https:\/\/www.scoan.org\/fr\/#organization"},"potentialAction":[{"@type":"SearchAction","target":{"@type":"EntryPoint","urlTemplate":"https:\/\/www.scoan.org\/fr\/?s={search_term_string}"},"query-input":{"@type":"PropertyValueSpecification","valueRequired":true,"valueName":"search_term_string"}}],"inLanguage":"fr-FR"},{"@type":"Organization","@id":"https:\/\/www.scoan.org\/fr\/#organization","name":"The Synagogue, Church Of All Nations - SCOAN - Prophet T.B. Joshua","url":"https:\/\/www.scoan.org\/fr\/","logo":{"@type":"ImageObject","inLanguage":"fr-FR","@id":"https:\/\/www.scoan.org\/fr\/#\/schema\/logo\/image\/","url":"https:\/\/www.scoan.org\/wp-content\/blogs.dir\/12\/files\/2016\/08\/logo-e1711044614299.png","contentUrl":"https:\/\/www.scoan.org\/wp-content\/blogs.dir\/12\/files\/2016\/08\/logo-e1711044614299.png","width":186,"height":85,"caption":"The Synagogue, Church Of All Nations - SCOAN - Prophet T.B. Joshua"},"image":{"@id":"https:\/\/www.scoan.org\/fr\/#\/schema\/logo\/image\/"},"sameAs":["https:\/\/www.facebook.com\/tbjministries","https:\/\/x.com\/SCOANTBJoshua","https:\/\/www.instagram.com\/tbjoshua"]}]}},"_links":{"self":[{"href":"https:\/\/www.scoan.org\/fr\/wp-json\/wp\/v2\/pages\/84496","targetHints":{"allow":["GET"]}}],"collection":[{"href":"https:\/\/www.scoan.org\/fr\/wp-json\/wp\/v2\/pages"}],"about":[{"href":"https:\/\/www.scoan.org\/fr\/wp-json\/wp\/v2\/types\/page"}],"author":[{"embeddable":true,"href":"https:\/\/www.scoan.org\/fr\/wp-json\/wp\/v2\/users\/73"}],"replies":[{"embeddable":true,"href":"https:\/\/www.scoan.org\/fr\/wp-json\/wp\/v2\/comments?post=84496"}],"version-history":[{"count":14,"href":"https:\/\/www.scoan.org\/fr\/wp-json\/wp\/v2\/pages\/84496\/revisions"}],"predecessor-version":[{"id":104033,"href":"https:\/\/www.scoan.org\/fr\/wp-json\/wp\/v2\/pages\/84496\/revisions\/104033"}],"wp:attachment":[{"href":"https:\/\/www.scoan.org\/fr\/wp-json\/wp\/v2\/media?parent=84496"}],"curies":[{"name":"wp","href":"https:\/\/api.w.org\/{rel}","templated":true}]}}