{"id":13488,"date":"2017-01-25T20:39:32","date_gmt":"2017-01-25T20:39:32","guid":{"rendered":"https:\/\/www.scoan.org\/donate\/"},"modified":"2020-09-21T22:29:26","modified_gmt":"2020-09-21T22:29:26","slug":"donate","status":"publish","type":"page","link":"https:\/\/www.scoan.org\/fr\/donate\/","title":{"rendered":"Donner"},"content":{"rendered":"<p>[fullwidth background_color=\u00a0\u00bb\u00a0\u00bb background_image=\u00a0\u00bb\u00a0\u00bb background_parallax=\u00a0\u00bbnone\u00a0\u00bb enable_mobile=\u00a0\u00bbno\u00a0\u00bb parallax_speed=\u00a0\u00bb0.3&Prime; background_repeat=\u00a0\u00bbno-repeat\u00a0\u00bb background_position=\u00a0\u00bbleft top\u00a0\u00bb video_url=\u00a0\u00bb\u00a0\u00bb video_aspect_ratio=\u00a0\u00bb16:9&Prime; video_webm=\u00a0\u00bb\u00a0\u00bb video_mp4=\u00a0\u00bb\u00a0\u00bb video_ogv=\u00a0\u00bb\u00a0\u00bb video_preview_image=\u00a0\u00bb\u00a0\u00bb overlay_color=\u00a0\u00bb\u00a0\u00bb overlay_opacity=\u00a0\u00bb0.5&Prime; video_mute=\u00a0\u00bbyes\u00a0\u00bb video_loop=\u00a0\u00bbyes\u00a0\u00bb fade=\u00a0\u00bbno\u00a0\u00bb border_size=\u00a0\u00bb0px\u00a0\u00bb border_color=\u00a0\u00bb\u00a0\u00bb border_style=\u00a0\u00bbsolid\u00a0\u00bb padding_top=\u00a0\u00bb\u00a0\u00bb padding_bottom=\u00a0\u00bb\u00a0\u00bb padding_left=\u00a0\u00bb\u00a0\u00bb padding_right=\u00a0\u00bb\u00a0\u00bb hundred_percent=\u00a0\u00bbno\u00a0\u00bb equal_height_columns=\u00a0\u00bbno\u00a0\u00bb hide_on_mobile=\u00a0\u00bbno\u00a0\u00bb menu_anchor=\u00a0\u00bb\u00a0\u00bb class=\u00a0\u00bb\u00a0\u00bb id=\u00a0\u00bb\u00a0\u00bb][fusion_text]<img loading=\"lazy\" decoding=\"async\" class=\"alignright wp-image-13203 size-full\" src=\"https:\/\/www.scoan.org\/wp-content\/blogs.dir\/12\/files\/2016\/08\/online_donation_icon_2.png\" alt=\"online_donation_icon_2\" width=\"265\" height=\"165\" srcset=\"https:\/\/www.scoan.org\/wp-content\/blogs.dir\/12\/files\/2016\/08\/online_donation_icon_2.png 265w, https:\/\/www.scoan.org\/wp-content\/blogs.dir\/12\/files\/2016\/08\/online_donation_icon_2-200x125.png 200w\" sizes=\"auto, (max-width: 265px) 100vw, 265px\" \/><\/p>\n<p>\u201cAidez avec le peu que vous avez et voyez si votre semence ne sera pas multipli\u00e9e&#8230;\u201d<\/p>\n<p>La Bible dit que chaque homme a re\u00e7u quelque chose de Dieu qui est capable d&rsquo;\u00eatre plant\u00e9.<\/p>\n<p>Rappelez-vous, nous devrions voir donner comme raison de notre relation, tout comme nous voyons recevoir comme une raison de notre relation. Luc 6:38 dit que donner est le d\u00e9but de recevoir. Si vous donnez en v\u00e9rit\u00e9, vous plantez des graines qui seront multipli\u00e9s de nouveau. Donc, comme vous donner au Seigneur, nous prions pour que Dieu ouvre les \u00e9cluses des cieux et verse pour vous de telles b\u00e9n\u00e9dictions que vous ne serez pas capable de les contenir (Malachie 3:6-10).<\/p>\n<p>Tendez la main avec le peu que vous avez et voyez si votre semence ne sera pas multipli\u00e9e<\/p>\n<p>Si vous souhaitez planter dans le minist\u00e8re de la Synagogue, Eglise de toutes nations et nous rejoindre dans notre objectif d&rsquo;atteindre et de toucher des millions de vies \u00e0 travers la Parole de Dieu &#8211; l&rsquo;Evangile de J\u00e9sus-Christ, s&rsquo;il vous pla\u00eet suivez ces instructions:<\/p>\n<h3><\/h3>\n<p>[\/fusion_text][fusion_tabs design=\u00a0\u00bbclassic\u00a0\u00bb layout=\u00a0\u00bbhorizontal\u00a0\u00bb justified=\u00a0\u00bbyes\u00a0\u00bb backgroundcolor=\u00a0\u00bb\u00a0\u00bb inactivecolor=\u00a0\u00bb\u00a0\u00bb bordercolor=\u00a0\u00bb\u00a0\u00bb class=\u00a0\u00bb\u00a0\u00bb id=\u00a0\u00bb\u00a0\u00bb][fusion_tab title=\u00a0\u00bbDonation par mois\u00a0\u00bb icon=\u00a0\u00bbfa-repeat\u00a0\u00bb]<\/p>\n<form action=\"https:\/\/www.paypal.com\/cgi-bin\/webscr\" method=\"POST\" target=\"_blank\">\n<p align=\"left\"><input name=\"t3\" type=\"HIDDEN\" value=\"M\" \/> <input name=\"t3\" type=\"hidden\" value=\"M\" \/> <input name=\"p3\" type=\"hidden\" value=\"1\" \/> <input name=\"item_name\" type=\"hidden\" value=\"SCOAN SUBSCRIPTION\" \/> <input name=\"page_style\" type=\"hidden\" value=\"SCOAN\" \/> <input name=\"business\" type=\"hidden\" value=\"synagogue@themaninthesynagogue.org\" \/> <input name=\"cmd\" type=\"hidden\" value=\"_xclick-subscriptions\" \/> <input name=\"src\" type=\"hidden\" value=\"1\" \/> <input name=\"sra\" type=\"hidden\" value=\"1\" \/><\/p>\n<p>Saisissez le montant que vous souhaitez donner par mois :<\/p>\n<p><strong>Choisissez la devise:<\/strong><\/p>\n<p><select name=\"currency_code\"><option selected=\"selected\" value=\"USD\">US Dollar<\/option><option selected=\"selected\" value=\"GBP\">British Pounds<\/option><option selected=\"selected\" value=\"EUR\">Euros<\/option><\/select><strong>Montant:<\/strong><input name=\"a3\" size=\"9\" type=\"TEXT\" \/> <input name=\"SUBMIT\" type=\"SUBMIT\" value=\"Suivant\" \/><\/p>\n<\/form>\n<p>[\/fusion_tab][fusion_tab title=\u00a0\u00bbPour une simple offrande\u00a0\u00bb icon=\u00a0\u00bbfa-share\u00a0\u00bb]<\/p>\n<form action=\"https:\/\/www.paypal.com\/cgi-bin\/webscr\" method=\"post\" target=\"_blank\">\n<p align=\"left\"><input name=\"cmd\" type=\"hidden\" value=\"_donations\" \/> <input name=\"business\" type=\"hidden\" value=\"synagogue@themaninthesynagogue.org\" \/> <input name=\"item_name\" type=\"hidden\" value=\"SCOAN OFFERING\" \/> <input name=\"no_shipping\" type=\"hidden\" value=\"0\" \/> <input name=\"page_style\" type=\"hidden\" value=\"SCOAN\" \/> <input name=\"no_note\" type=\"hidden\" value=\"1\" \/> <input name=\"currency_code\" type=\"hidden\" value=\"USD\" \/> <input name=\"tax\" type=\"hidden\" value=\"0\" \/> <input name=\"lc\" type=\"hidden\" value=\"GB\" \/> <input name=\"bn\" type=\"hidden\" value=\"PP-DonationsBF\" \/><\/p>\n<p>Pour une simple donation,\u00a0cliquez sur le boutton ci-dessous.<\/p>\n<p align=\"left\"><select name=\"currency_code\"><option selected=\"selected\" value=\"USD\">U.S. Dollars<\/option><option value=\"GBP\">British Pounds<\/option><option value=\"EUR\">Euros<\/option><\/select><\/p>\n<p><input name=\"SUBMIT\" type=\"SUBMIT\" value=\"Offrande\" \/><\/p>\n<\/form>\n<p>[\/fusion_tab][fusion_tab title=\u00a0\u00bbPour faire un virement bancaire\u00a0\u00bb icon=\u00a0\u00bbfa-paper-plane\u00a0\u00bb]Pour plus d&rsquo;informations sur la fa\u00e7on de faire un virement bancaire s&rsquo;il vous pla\u00eet <strong><a title=\"Bank Wire Transfer\" href=\"\/?page_id=19636\">cliquez ici<\/a><\/strong>[\/fusion_tab][\/fusion_tabs][fusion_text]<\/p>\n<h3>\u00a0MERCI DE VOTRE SEMENCE. Restez dans la foi en Lui!<\/h3>\n<p>[\/fusion_text][\/fullwidth]<\/p>\n","protected":false},"excerpt":{"rendered":"<p>[fullwidth background_color=\u00a0\u00bb\u00a0\u00bb background_image=\u00a0\u00bb\u00a0\u00bb background_parallax=\u00a0\u00bbnone\u00a0\u00bb enable_mobile=\u00a0\u00bbno\u00a0\u00bb parallax_speed=\u00a0\u00bb0.3&Prime; background_repeat=\u00a0\u00bbno-repeat\u00a0\u00bb background_position=\u00a0\u00bbleft top\u00a0\u00bb video_url=\u00a0\u00bb\u00a0\u00bb video_aspect_ratio=\u00a0\u00bb16:9&Prime; video_webm=\u00a0\u00bb\u00a0\u00bb video_mp4=\u00a0\u00bb\u00a0\u00bb video_ogv=\u00a0\u00bb\u00a0\u00bb video_preview_image=\u00a0\u00bb\u00a0\u00bb overlay_color=\u00a0\u00bb\u00a0\u00bb overlay_opacity=\u00a0\u00bb0.5&Prime; video_mute=\u00a0\u00bbyes\u00a0\u00bb video_loop=\u00a0\u00bbyes\u00a0\u00bb fade=\u00a0\u00bbno\u00a0\u00bb border_size=\u00a0\u00bb0px\u00a0\u00bb border_color=\u00a0\u00bb\u00a0\u00bb border_style=\u00a0\u00bbsolid\u00a0\u00bb padding_top=\u00a0\u00bb\u00a0\u00bb padding_bottom=\u00a0\u00bb\u00a0\u00bb padding_left=\u00a0\u00bb\u00a0\u00bb padding_right=\u00a0\u00bb\u00a0\u00bb hundred_percent=\u00a0\u00bbno\u00a0\u00bb equal_height_columns=\u00a0\u00bbno\u00a0\u00bb hide_on_mobile=\u00a0\u00bbno\u00a0\u00bb menu_anchor=\u00a0\u00bb\u00a0\u00bb class=\u00a0\u00bb\u00a0\u00bb id=\u00a0\u00bb\u00a0\u00bb][fusion_text] \u201cAidez avec le peu que vous avez et voyez si votre semence ne sera pas multipli\u00e9e&#8230;\u201d La Bible dit que chaque homme [&hellip;]<\/p>\n","protected":false},"author":2,"featured_media":13439,"parent":0,"menu_order":0,"comment_status":"closed","ping_status":"closed","template":"","meta":{"_vp_format_video_url":"","_vp_image_focal_point":[],"footnotes":""},"class_list":["post-13488","page","type-page","status-publish","has-post-thumbnail","hentry"],"yoast_head":"<!-- This site is optimized with the Yoast SEO Premium plugin v25.3.1 (Yoast SEO v27.3) - https:\/\/yoast.com\/product\/yoast-seo-premium-wordpress\/ -->\n<title>Donner - The Synagogue, Church Of All Nations - SCOAN - Prophet T.B. Joshua<\/title>\n<meta name=\"robots\" content=\"index, follow, max-snippet:-1, max-image-preview:large, max-video-preview:-1\" \/>\n<link rel=\"canonical\" href=\"https:\/\/www.scoan.org\/fr\/donate\/\" \/>\n<meta property=\"og:locale\" content=\"fr_FR\" \/>\n<meta property=\"og:type\" content=\"article\" \/>\n<meta property=\"og:title\" content=\"Donner\" \/>\n<meta property=\"og:description\" content=\"[fullwidth background_color=\u00a0\u00bb\u00a0\u00bb background_image=\u00a0\u00bb\u00a0\u00bb background_parallax=\u00a0\u00bbnone\u00a0\u00bb enable_mobile=\u00a0\u00bbno\u00a0\u00bb parallax_speed=\u00a0\u00bb0.3&Prime; background_repeat=\u00a0\u00bbno-repeat\u00a0\u00bb background_position=\u00a0\u00bbleft top\u00a0\u00bb video_url=\u00a0\u00bb\u00a0\u00bb video_aspect_ratio=\u00a0\u00bb16:9&Prime; video_webm=\u00a0\u00bb\u00a0\u00bb video_mp4=\u00a0\u00bb\u00a0\u00bb video_ogv=\u00a0\u00bb\u00a0\u00bb video_preview_image=\u00a0\u00bb\u00a0\u00bb overlay_color=\u00a0\u00bb\u00a0\u00bb overlay_opacity=\u00a0\u00bb0.5&Prime; video_mute=\u00a0\u00bbyes\u00a0\u00bb video_loop=\u00a0\u00bbyes\u00a0\u00bb fade=\u00a0\u00bbno\u00a0\u00bb border_size=\u00a0\u00bb0px\u00a0\u00bb border_color=\u00a0\u00bb\u00a0\u00bb border_style=\u00a0\u00bbsolid\u00a0\u00bb padding_top=\u00a0\u00bb\u00a0\u00bb padding_bottom=\u00a0\u00bb\u00a0\u00bb padding_left=\u00a0\u00bb\u00a0\u00bb padding_right=\u00a0\u00bb\u00a0\u00bb hundred_percent=\u00a0\u00bbno\u00a0\u00bb equal_height_columns=\u00a0\u00bbno\u00a0\u00bb hide_on_mobile=\u00a0\u00bbno\u00a0\u00bb menu_anchor=\u00a0\u00bb\u00a0\u00bb class=\u00a0\u00bb\u00a0\u00bb id=\u00a0\u00bb\u00a0\u00bb][fusion_text] \u201cAidez avec le peu que vous avez et voyez si votre semence ne sera pas multipli\u00e9e&#8230;\u201d La Bible dit que chaque homme [&hellip;]\" \/>\n<meta property=\"og:url\" content=\"https:\/\/www.scoan.org\/fr\/donate\/\" \/>\n<meta property=\"og:site_name\" content=\"The Synagogue, Church Of All Nations - SCOAN - Prophet T.B. Joshua\" \/>\n<meta property=\"article:publisher\" content=\"https:\/\/www.facebook.com\/tbjministries\" \/>\n<meta property=\"article:modified_time\" content=\"2020-09-21T22:29:26+00:00\" \/>\n<meta property=\"og:image\" content=\"https:\/\/www.scoan.org\/wp-content\/blogs.dir\/12\/files\/2016\/08\/Give-Charity-Banner-Page.jpg\" \/>\n\t<meta property=\"og:image:width\" content=\"1349\" \/>\n\t<meta property=\"og:image:height\" content=\"277\" \/>\n\t<meta property=\"og:image:type\" content=\"image\/jpeg\" \/>\n<meta name=\"twitter:card\" content=\"summary_large_image\" \/>\n<meta name=\"twitter:site\" content=\"@SCOANTBJoshua\" \/>\n<meta name=\"twitter:label1\" content=\"Dur\u00e9e de lecture estim\u00e9e\" \/>\n\t<meta name=\"twitter:data1\" content=\"2 minutes\" \/>\n<script type=\"application\/ld+json\" class=\"yoast-schema-graph\">{\"@context\":\"https:\\\/\\\/schema.org\",\"@graph\":[{\"@type\":\"WebPage\",\"@id\":\"https:\\\/\\\/www.scoan.org\\\/fr\\\/donate\\\/\",\"url\":\"https:\\\/\\\/www.scoan.org\\\/fr\\\/donate\\\/\",\"name\":\"Donner - The Synagogue, Church Of All Nations - SCOAN - Prophet T.B. Joshua\",\"isPartOf\":{\"@id\":\"https:\\\/\\\/www.scoan.org\\\/fr\\\/#website\"},\"primaryImageOfPage\":{\"@id\":\"https:\\\/\\\/www.scoan.org\\\/fr\\\/donate\\\/#primaryimage\"},\"image\":{\"@id\":\"https:\\\/\\\/www.scoan.org\\\/fr\\\/donate\\\/#primaryimage\"},\"thumbnailUrl\":\"https:\\\/\\\/www.scoan.org\\\/wp-content\\\/blogs.dir\\\/12\\\/files\\\/2016\\\/08\\\/Give-Charity-Banner-Page.jpg\",\"datePublished\":\"2017-01-25T20:39:32+00:00\",\"dateModified\":\"2020-09-21T22:29:26+00:00\",\"breadcrumb\":{\"@id\":\"https:\\\/\\\/www.scoan.org\\\/fr\\\/donate\\\/#breadcrumb\"},\"inLanguage\":\"fr-FR\",\"potentialAction\":[{\"@type\":\"ReadAction\",\"target\":[\"https:\\\/\\\/www.scoan.org\\\/fr\\\/donate\\\/\"]}]},{\"@type\":\"ImageObject\",\"inLanguage\":\"fr-FR\",\"@id\":\"https:\\\/\\\/www.scoan.org\\\/fr\\\/donate\\\/#primaryimage\",\"url\":\"https:\\\/\\\/www.scoan.org\\\/wp-content\\\/blogs.dir\\\/12\\\/files\\\/2016\\\/08\\\/Give-Charity-Banner-Page.jpg\",\"contentUrl\":\"https:\\\/\\\/www.scoan.org\\\/wp-content\\\/blogs.dir\\\/12\\\/files\\\/2016\\\/08\\\/Give-Charity-Banner-Page.jpg\",\"width\":1349,\"height\":277},{\"@type\":\"BreadcrumbList\",\"@id\":\"https:\\\/\\\/www.scoan.org\\\/fr\\\/donate\\\/#breadcrumb\",\"itemListElement\":[{\"@type\":\"ListItem\",\"position\":1,\"name\":\"Home\",\"item\":\"https:\\\/\\\/www.scoan.org\\\/fr\\\/\"},{\"@type\":\"ListItem\",\"position\":2,\"name\":\"Donner\"}]},{\"@type\":\"WebSite\",\"@id\":\"https:\\\/\\\/www.scoan.org\\\/fr\\\/#website\",\"url\":\"https:\\\/\\\/www.scoan.org\\\/fr\\\/\",\"name\":\"The Synagogue, Church Of All Nations - SCOAN - Prophet T.B. Joshua\",\"description\":\"Founded by Prophet TB Joshua\",\"publisher\":{\"@id\":\"https:\\\/\\\/www.scoan.org\\\/fr\\\/#organization\"},\"potentialAction\":[{\"@type\":\"SearchAction\",\"target\":{\"@type\":\"EntryPoint\",\"urlTemplate\":\"https:\\\/\\\/www.scoan.org\\\/fr\\\/?s={search_term_string}\"},\"query-input\":{\"@type\":\"PropertyValueSpecification\",\"valueRequired\":true,\"valueName\":\"search_term_string\"}}],\"inLanguage\":\"fr-FR\"},{\"@type\":\"Organization\",\"@id\":\"https:\\\/\\\/www.scoan.org\\\/fr\\\/#organization\",\"name\":\"The Synagogue, Church Of All Nations - SCOAN - Prophet T.B. Joshua\",\"url\":\"https:\\\/\\\/www.scoan.org\\\/fr\\\/\",\"logo\":{\"@type\":\"ImageObject\",\"inLanguage\":\"fr-FR\",\"@id\":\"https:\\\/\\\/www.scoan.org\\\/fr\\\/#\\\/schema\\\/logo\\\/image\\\/\",\"url\":\"https:\\\/\\\/www.scoan.org\\\/wp-content\\\/blogs.dir\\\/12\\\/files\\\/2016\\\/08\\\/logo-e1711044614299.png\",\"contentUrl\":\"https:\\\/\\\/www.scoan.org\\\/wp-content\\\/blogs.dir\\\/12\\\/files\\\/2016\\\/08\\\/logo-e1711044614299.png\",\"width\":186,\"height\":85,\"caption\":\"The Synagogue, Church Of All Nations - SCOAN - Prophet T.B. Joshua\"},\"image\":{\"@id\":\"https:\\\/\\\/www.scoan.org\\\/fr\\\/#\\\/schema\\\/logo\\\/image\\\/\"},\"sameAs\":[\"https:\\\/\\\/www.facebook.com\\\/tbjministries\",\"https:\\\/\\\/x.com\\\/SCOANTBJoshua\",\"https:\\\/\\\/www.instagram.com\\\/tbjoshua\"]}]}<\/script>\n<!-- \/ Yoast SEO Premium plugin. -->","yoast_head_json":{"title":"Donner - The Synagogue, Church Of All Nations - SCOAN - Prophet T.B. Joshua","robots":{"index":"index","follow":"follow","max-snippet":"max-snippet:-1","max-image-preview":"max-image-preview:large","max-video-preview":"max-video-preview:-1"},"canonical":"https:\/\/www.scoan.org\/fr\/donate\/","og_locale":"fr_FR","og_type":"article","og_title":"Donner","og_description":"[fullwidth background_color=\u00a0\u00bb\u00a0\u00bb background_image=\u00a0\u00bb\u00a0\u00bb background_parallax=\u00a0\u00bbnone\u00a0\u00bb enable_mobile=\u00a0\u00bbno\u00a0\u00bb parallax_speed=\u00a0\u00bb0.3&Prime; background_repeat=\u00a0\u00bbno-repeat\u00a0\u00bb background_position=\u00a0\u00bbleft top\u00a0\u00bb video_url=\u00a0\u00bb\u00a0\u00bb video_aspect_ratio=\u00a0\u00bb16:9&Prime; video_webm=\u00a0\u00bb\u00a0\u00bb video_mp4=\u00a0\u00bb\u00a0\u00bb video_ogv=\u00a0\u00bb\u00a0\u00bb video_preview_image=\u00a0\u00bb\u00a0\u00bb overlay_color=\u00a0\u00bb\u00a0\u00bb overlay_opacity=\u00a0\u00bb0.5&Prime; video_mute=\u00a0\u00bbyes\u00a0\u00bb video_loop=\u00a0\u00bbyes\u00a0\u00bb fade=\u00a0\u00bbno\u00a0\u00bb border_size=\u00a0\u00bb0px\u00a0\u00bb border_color=\u00a0\u00bb\u00a0\u00bb border_style=\u00a0\u00bbsolid\u00a0\u00bb padding_top=\u00a0\u00bb\u00a0\u00bb padding_bottom=\u00a0\u00bb\u00a0\u00bb padding_left=\u00a0\u00bb\u00a0\u00bb padding_right=\u00a0\u00bb\u00a0\u00bb hundred_percent=\u00a0\u00bbno\u00a0\u00bb equal_height_columns=\u00a0\u00bbno\u00a0\u00bb hide_on_mobile=\u00a0\u00bbno\u00a0\u00bb menu_anchor=\u00a0\u00bb\u00a0\u00bb class=\u00a0\u00bb\u00a0\u00bb id=\u00a0\u00bb\u00a0\u00bb][fusion_text] \u201cAidez avec le peu que vous avez et voyez si votre semence ne sera pas multipli\u00e9e&#8230;\u201d La Bible dit que chaque homme [&hellip;]","og_url":"https:\/\/www.scoan.org\/fr\/donate\/","og_site_name":"The Synagogue, Church Of All Nations - SCOAN - Prophet T.B. Joshua","article_publisher":"https:\/\/www.facebook.com\/tbjministries","article_modified_time":"2020-09-21T22:29:26+00:00","og_image":[{"width":1349,"height":277,"url":"https:\/\/www.scoan.org\/wp-content\/blogs.dir\/12\/files\/2016\/08\/Give-Charity-Banner-Page.jpg","type":"image\/jpeg"}],"twitter_card":"summary_large_image","twitter_site":"@SCOANTBJoshua","twitter_misc":{"Dur\u00e9e de lecture estim\u00e9e":"2 minutes"},"schema":{"@context":"https:\/\/schema.org","@graph":[{"@type":"WebPage","@id":"https:\/\/www.scoan.org\/fr\/donate\/","url":"https:\/\/www.scoan.org\/fr\/donate\/","name":"Donner - The Synagogue, Church Of All Nations - SCOAN - Prophet T.B. Joshua","isPartOf":{"@id":"https:\/\/www.scoan.org\/fr\/#website"},"primaryImageOfPage":{"@id":"https:\/\/www.scoan.org\/fr\/donate\/#primaryimage"},"image":{"@id":"https:\/\/www.scoan.org\/fr\/donate\/#primaryimage"},"thumbnailUrl":"https:\/\/www.scoan.org\/wp-content\/blogs.dir\/12\/files\/2016\/08\/Give-Charity-Banner-Page.jpg","datePublished":"2017-01-25T20:39:32+00:00","dateModified":"2020-09-21T22:29:26+00:00","breadcrumb":{"@id":"https:\/\/www.scoan.org\/fr\/donate\/#breadcrumb"},"inLanguage":"fr-FR","potentialAction":[{"@type":"ReadAction","target":["https:\/\/www.scoan.org\/fr\/donate\/"]}]},{"@type":"ImageObject","inLanguage":"fr-FR","@id":"https:\/\/www.scoan.org\/fr\/donate\/#primaryimage","url":"https:\/\/www.scoan.org\/wp-content\/blogs.dir\/12\/files\/2016\/08\/Give-Charity-Banner-Page.jpg","contentUrl":"https:\/\/www.scoan.org\/wp-content\/blogs.dir\/12\/files\/2016\/08\/Give-Charity-Banner-Page.jpg","width":1349,"height":277},{"@type":"BreadcrumbList","@id":"https:\/\/www.scoan.org\/fr\/donate\/#breadcrumb","itemListElement":[{"@type":"ListItem","position":1,"name":"Home","item":"https:\/\/www.scoan.org\/fr\/"},{"@type":"ListItem","position":2,"name":"Donner"}]},{"@type":"WebSite","@id":"https:\/\/www.scoan.org\/fr\/#website","url":"https:\/\/www.scoan.org\/fr\/","name":"The Synagogue, Church Of All Nations - SCOAN - Prophet T.B. Joshua","description":"Founded by Prophet TB Joshua","publisher":{"@id":"https:\/\/www.scoan.org\/fr\/#organization"},"potentialAction":[{"@type":"SearchAction","target":{"@type":"EntryPoint","urlTemplate":"https:\/\/www.scoan.org\/fr\/?s={search_term_string}"},"query-input":{"@type":"PropertyValueSpecification","valueRequired":true,"valueName":"search_term_string"}}],"inLanguage":"fr-FR"},{"@type":"Organization","@id":"https:\/\/www.scoan.org\/fr\/#organization","name":"The Synagogue, Church Of All Nations - SCOAN - Prophet T.B. Joshua","url":"https:\/\/www.scoan.org\/fr\/","logo":{"@type":"ImageObject","inLanguage":"fr-FR","@id":"https:\/\/www.scoan.org\/fr\/#\/schema\/logo\/image\/","url":"https:\/\/www.scoan.org\/wp-content\/blogs.dir\/12\/files\/2016\/08\/logo-e1711044614299.png","contentUrl":"https:\/\/www.scoan.org\/wp-content\/blogs.dir\/12\/files\/2016\/08\/logo-e1711044614299.png","width":186,"height":85,"caption":"The Synagogue, Church Of All Nations - SCOAN - Prophet T.B. Joshua"},"image":{"@id":"https:\/\/www.scoan.org\/fr\/#\/schema\/logo\/image\/"},"sameAs":["https:\/\/www.facebook.com\/tbjministries","https:\/\/x.com\/SCOANTBJoshua","https:\/\/www.instagram.com\/tbjoshua"]}]}},"_links":{"self":[{"href":"https:\/\/www.scoan.org\/fr\/wp-json\/wp\/v2\/pages\/13488","targetHints":{"allow":["GET"]}}],"collection":[{"href":"https:\/\/www.scoan.org\/fr\/wp-json\/wp\/v2\/pages"}],"about":[{"href":"https:\/\/www.scoan.org\/fr\/wp-json\/wp\/v2\/types\/page"}],"author":[{"embeddable":true,"href":"https:\/\/www.scoan.org\/fr\/wp-json\/wp\/v2\/users\/2"}],"replies":[{"embeddable":true,"href":"https:\/\/www.scoan.org\/fr\/wp-json\/wp\/v2\/comments?post=13488"}],"version-history":[{"count":1,"href":"https:\/\/www.scoan.org\/fr\/wp-json\/wp\/v2\/pages\/13488\/revisions"}],"predecessor-version":[{"id":32667,"href":"https:\/\/www.scoan.org\/fr\/wp-json\/wp\/v2\/pages\/13488\/revisions\/32667"}],"wp:featuredmedia":[{"embeddable":true,"href":"https:\/\/www.scoan.org\/fr\/wp-json\/wp\/v2\/media\/13439"}],"wp:attachment":[{"href":"https:\/\/www.scoan.org\/fr\/wp-json\/wp\/v2\/media?parent=13488"}],"curies":[{"name":"wp","href":"https:\/\/api.w.org\/{rel}","templated":true}]}}