{"id":14672,"date":"2017-05-18T20:05:26","date_gmt":"2017-05-18T20:05:26","guid":{"rendered":"https:\/\/www.scoan.org\/?page_id=14672\/"},"modified":"2017-05-18T20:07:42","modified_gmt":"2017-05-18T20:07:42","slug":"sedes","status":"publish","type":"page","link":"https:\/\/www.scoan.org\/es\/sedes\/","title":{"rendered":"SEDES"},"content":{"rendered":"<div style=\"margin-top: 100px;\">\n<p style=\"padding-left: 50px; padding-right: 50px; text-align: center;\">Adore con nosotros en la Sinagoga, Iglesia De Todas Las Naciones, Sede Ghana. \u2028Dios est\u00e1 en la casa, a trav\u00e9s de su Palabra y por Su Esp\u00edritu.<br \/>\nDios est\u00e1 en la casa, a trav\u00e9s de su Palabra y por Su Esp\u00edritu.<br \/>\nVenga y disfrute de los milagros, liberaci\u00f3n y ense\u00f1anza de fe que cambiar\u00e1n su relaci\u00f3n con Dios.<\/p>\n<p style=\"padding-left: 50px; padding-right: 50px; text-align: center;\">Para m\u00e1s informaciones:\n<\/p>\n<p style=\"padding-left: 50px; padding-right: 50px; text-align: center;\">Synagogue Church Of All Nations Accra Ghana Branch<br \/>\nP.O. Box CT 8689<br \/>\nCantonment<br \/>\nAccra Ghana\n<\/p>\n<p style=\"padding-left: 50px; padding-right: 50px; text-align: center;\">Tel: + 233.27.7701335<\/p>\n<p style=\"padding-left: 50px; padding-right: 50px; text-align: center;\">Prayer line: + 233.26.5647669<\/p>\n<p style=\"padding-left: 50px; padding-right: 50px; text-align: center;\">Email: ghana@scoan.org<\/p>\n<\/div>\n","protected":false},"excerpt":{"rendered":"<p>Adore con nosotros en la Sinagoga, Iglesia De Todas Las Naciones, Sede Ghana. \u2028Dios est\u00e1 en la casa, a trav\u00e9s de su Palabra y por Su Esp\u00edritu. Dios est\u00e1 en la casa, a trav\u00e9s de su Palabra y por Su Esp\u00edritu. Venga y disfrute de los milagros, liberaci\u00f3n y ense\u00f1anza de fe que cambiar\u00e1n su [&hellip;]<\/p>\n","protected":false},"author":95,"featured_media":13437,"parent":0,"menu_order":0,"comment_status":"closed","ping_status":"closed","template":"","meta":{"_vp_format_video_url":"","_vp_image_focal_point":[],"footnotes":""},"class_list":["post-14672","page","type-page","status-publish","has-post-thumbnail","hentry"],"yoast_head":"<!-- This site is optimized with the Yoast SEO Premium plugin v25.3.1 (Yoast SEO v27.3) - https:\/\/yoast.com\/product\/yoast-seo-premium-wordpress\/ -->\n<title>SEDES - The Synagogue, Church Of All Nations - SCOAN - Prophet T.B. Joshua<\/title>\n<meta name=\"robots\" content=\"index, follow, max-snippet:-1, max-image-preview:large, max-video-preview:-1\" \/>\n<link rel=\"canonical\" href=\"https:\/\/www.scoan.org\/es\/sedes\/\" \/>\n<meta property=\"og:locale\" content=\"es_ES\" \/>\n<meta property=\"og:type\" content=\"article\" \/>\n<meta property=\"og:title\" content=\"SEDES\" \/>\n<meta property=\"og:description\" content=\"Adore con nosotros en la Sinagoga, Iglesia De Todas Las Naciones, Sede Ghana. \u2028Dios est\u00e1 en la casa, a trav\u00e9s de su Palabra y por Su Esp\u00edritu. Dios est\u00e1 en la casa, a trav\u00e9s de su Palabra y por Su Esp\u00edritu. Venga y disfrute de los milagros, liberaci\u00f3n y ense\u00f1anza de fe que cambiar\u00e1n su [&hellip;]\" \/>\n<meta property=\"og:url\" content=\"https:\/\/www.scoan.org\/es\/sedes\/\" \/>\n<meta property=\"og:site_name\" content=\"The Synagogue, Church Of All Nations - SCOAN - Prophet T.B. Joshua\" \/>\n<meta property=\"article:publisher\" content=\"https:\/\/www.facebook.com\/tbjministries\" \/>\n<meta property=\"article:modified_time\" content=\"2017-05-18T20:07:42+00:00\" \/>\n<meta property=\"og:image\" content=\"https:\/\/www.scoan.org\/wp-content\/blogs.dir\/12\/files\/2016\/09\/Visit-Us-Page-1.jpg\" \/>\n\t<meta property=\"og:image:width\" content=\"1349\" \/>\n\t<meta property=\"og:image:height\" content=\"277\" \/>\n\t<meta property=\"og:image:type\" content=\"image\/jpeg\" \/>\n<meta name=\"twitter:card\" content=\"summary_large_image\" \/>\n<meta name=\"twitter:site\" content=\"@SCOANTBJoshua\" \/>\n<script type=\"application\/ld+json\" class=\"yoast-schema-graph\">{\"@context\":\"https:\\\/\\\/schema.org\",\"@graph\":[{\"@type\":\"WebPage\",\"@id\":\"https:\\\/\\\/www.scoan.org\\\/es\\\/sedes\\\/\",\"url\":\"https:\\\/\\\/www.scoan.org\\\/es\\\/sedes\\\/\",\"name\":\"SEDES - The Synagogue, Church Of All Nations - SCOAN - Prophet T.B. Joshua\",\"isPartOf\":{\"@id\":\"https:\\\/\\\/www.scoan.org\\\/es\\\/#website\"},\"primaryImageOfPage\":{\"@id\":\"https:\\\/\\\/www.scoan.org\\\/es\\\/sedes\\\/#primaryimage\"},\"image\":{\"@id\":\"https:\\\/\\\/www.scoan.org\\\/es\\\/sedes\\\/#primaryimage\"},\"thumbnailUrl\":\"https:\\\/\\\/www.scoan.org\\\/wp-content\\\/blogs.dir\\\/12\\\/files\\\/2016\\\/09\\\/Visit-Us-Page-1.jpg\",\"datePublished\":\"2017-05-18T20:05:26+00:00\",\"dateModified\":\"2017-05-18T20:07:42+00:00\",\"breadcrumb\":{\"@id\":\"https:\\\/\\\/www.scoan.org\\\/es\\\/sedes\\\/#breadcrumb\"},\"inLanguage\":\"es\",\"potentialAction\":[{\"@type\":\"ReadAction\",\"target\":[\"https:\\\/\\\/www.scoan.org\\\/es\\\/sedes\\\/\"]}]},{\"@type\":\"ImageObject\",\"inLanguage\":\"es\",\"@id\":\"https:\\\/\\\/www.scoan.org\\\/es\\\/sedes\\\/#primaryimage\",\"url\":\"https:\\\/\\\/www.scoan.org\\\/wp-content\\\/blogs.dir\\\/12\\\/files\\\/2016\\\/09\\\/Visit-Us-Page-1.jpg\",\"contentUrl\":\"https:\\\/\\\/www.scoan.org\\\/wp-content\\\/blogs.dir\\\/12\\\/files\\\/2016\\\/09\\\/Visit-Us-Page-1.jpg\",\"width\":1349,\"height\":277},{\"@type\":\"BreadcrumbList\",\"@id\":\"https:\\\/\\\/www.scoan.org\\\/es\\\/sedes\\\/#breadcrumb\",\"itemListElement\":[{\"@type\":\"ListItem\",\"position\":1,\"name\":\"Home\",\"item\":\"https:\\\/\\\/www.scoan.org\\\/es\\\/\"},{\"@type\":\"ListItem\",\"position\":2,\"name\":\"SEDES\"}]},{\"@type\":\"WebSite\",\"@id\":\"https:\\\/\\\/www.scoan.org\\\/es\\\/#website\",\"url\":\"https:\\\/\\\/www.scoan.org\\\/es\\\/\",\"name\":\"The Synagogue, Church Of All Nations - SCOAN - Prophet T.B. Joshua\",\"description\":\"Founded by Prophet TB Joshua\",\"publisher\":{\"@id\":\"https:\\\/\\\/www.scoan.org\\\/es\\\/#organization\"},\"potentialAction\":[{\"@type\":\"SearchAction\",\"target\":{\"@type\":\"EntryPoint\",\"urlTemplate\":\"https:\\\/\\\/www.scoan.org\\\/es\\\/?s={search_term_string}\"},\"query-input\":{\"@type\":\"PropertyValueSpecification\",\"valueRequired\":true,\"valueName\":\"search_term_string\"}}],\"inLanguage\":\"es\"},{\"@type\":\"Organization\",\"@id\":\"https:\\\/\\\/www.scoan.org\\\/es\\\/#organization\",\"name\":\"The Synagogue, Church Of All Nations - SCOAN - Prophet T.B. Joshua\",\"url\":\"https:\\\/\\\/www.scoan.org\\\/es\\\/\",\"logo\":{\"@type\":\"ImageObject\",\"inLanguage\":\"es\",\"@id\":\"https:\\\/\\\/www.scoan.org\\\/es\\\/#\\\/schema\\\/logo\\\/image\\\/\",\"url\":\"https:\\\/\\\/www.scoan.org\\\/wp-content\\\/blogs.dir\\\/12\\\/files\\\/2016\\\/08\\\/logo-e1711044614299.png\",\"contentUrl\":\"https:\\\/\\\/www.scoan.org\\\/wp-content\\\/blogs.dir\\\/12\\\/files\\\/2016\\\/08\\\/logo-e1711044614299.png\",\"width\":186,\"height\":85,\"caption\":\"The Synagogue, Church Of All Nations - SCOAN - Prophet T.B. Joshua\"},\"image\":{\"@id\":\"https:\\\/\\\/www.scoan.org\\\/es\\\/#\\\/schema\\\/logo\\\/image\\\/\"},\"sameAs\":[\"https:\\\/\\\/www.facebook.com\\\/tbjministries\",\"https:\\\/\\\/x.com\\\/SCOANTBJoshua\",\"https:\\\/\\\/www.instagram.com\\\/tbjoshua\"]}]}<\/script>\n<!-- \/ Yoast SEO Premium plugin. -->","yoast_head_json":{"title":"SEDES - The Synagogue, Church Of All Nations - SCOAN - Prophet T.B. Joshua","robots":{"index":"index","follow":"follow","max-snippet":"max-snippet:-1","max-image-preview":"max-image-preview:large","max-video-preview":"max-video-preview:-1"},"canonical":"https:\/\/www.scoan.org\/es\/sedes\/","og_locale":"es_ES","og_type":"article","og_title":"SEDES","og_description":"Adore con nosotros en la Sinagoga, Iglesia De Todas Las Naciones, Sede Ghana. \u2028Dios est\u00e1 en la casa, a trav\u00e9s de su Palabra y por Su Esp\u00edritu. Dios est\u00e1 en la casa, a trav\u00e9s de su Palabra y por Su Esp\u00edritu. Venga y disfrute de los milagros, liberaci\u00f3n y ense\u00f1anza de fe que cambiar\u00e1n su [&hellip;]","og_url":"https:\/\/www.scoan.org\/es\/sedes\/","og_site_name":"The Synagogue, Church Of All Nations - SCOAN - Prophet T.B. Joshua","article_publisher":"https:\/\/www.facebook.com\/tbjministries","article_modified_time":"2017-05-18T20:07:42+00:00","og_image":[{"width":1349,"height":277,"url":"https:\/\/www.scoan.org\/wp-content\/blogs.dir\/12\/files\/2016\/09\/Visit-Us-Page-1.jpg","type":"image\/jpeg"}],"twitter_card":"summary_large_image","twitter_site":"@SCOANTBJoshua","schema":{"@context":"https:\/\/schema.org","@graph":[{"@type":"WebPage","@id":"https:\/\/www.scoan.org\/es\/sedes\/","url":"https:\/\/www.scoan.org\/es\/sedes\/","name":"SEDES - The Synagogue, Church Of All Nations - SCOAN - Prophet T.B. Joshua","isPartOf":{"@id":"https:\/\/www.scoan.org\/es\/#website"},"primaryImageOfPage":{"@id":"https:\/\/www.scoan.org\/es\/sedes\/#primaryimage"},"image":{"@id":"https:\/\/www.scoan.org\/es\/sedes\/#primaryimage"},"thumbnailUrl":"https:\/\/www.scoan.org\/wp-content\/blogs.dir\/12\/files\/2016\/09\/Visit-Us-Page-1.jpg","datePublished":"2017-05-18T20:05:26+00:00","dateModified":"2017-05-18T20:07:42+00:00","breadcrumb":{"@id":"https:\/\/www.scoan.org\/es\/sedes\/#breadcrumb"},"inLanguage":"es","potentialAction":[{"@type":"ReadAction","target":["https:\/\/www.scoan.org\/es\/sedes\/"]}]},{"@type":"ImageObject","inLanguage":"es","@id":"https:\/\/www.scoan.org\/es\/sedes\/#primaryimage","url":"https:\/\/www.scoan.org\/wp-content\/blogs.dir\/12\/files\/2016\/09\/Visit-Us-Page-1.jpg","contentUrl":"https:\/\/www.scoan.org\/wp-content\/blogs.dir\/12\/files\/2016\/09\/Visit-Us-Page-1.jpg","width":1349,"height":277},{"@type":"BreadcrumbList","@id":"https:\/\/www.scoan.org\/es\/sedes\/#breadcrumb","itemListElement":[{"@type":"ListItem","position":1,"name":"Home","item":"https:\/\/www.scoan.org\/es\/"},{"@type":"ListItem","position":2,"name":"SEDES"}]},{"@type":"WebSite","@id":"https:\/\/www.scoan.org\/es\/#website","url":"https:\/\/www.scoan.org\/es\/","name":"The Synagogue, Church Of All Nations - SCOAN - Prophet T.B. Joshua","description":"Founded by Prophet TB Joshua","publisher":{"@id":"https:\/\/www.scoan.org\/es\/#organization"},"potentialAction":[{"@type":"SearchAction","target":{"@type":"EntryPoint","urlTemplate":"https:\/\/www.scoan.org\/es\/?s={search_term_string}"},"query-input":{"@type":"PropertyValueSpecification","valueRequired":true,"valueName":"search_term_string"}}],"inLanguage":"es"},{"@type":"Organization","@id":"https:\/\/www.scoan.org\/es\/#organization","name":"The Synagogue, Church Of All Nations - SCOAN - Prophet T.B. Joshua","url":"https:\/\/www.scoan.org\/es\/","logo":{"@type":"ImageObject","inLanguage":"es","@id":"https:\/\/www.scoan.org\/es\/#\/schema\/logo\/image\/","url":"https:\/\/www.scoan.org\/wp-content\/blogs.dir\/12\/files\/2016\/08\/logo-e1711044614299.png","contentUrl":"https:\/\/www.scoan.org\/wp-content\/blogs.dir\/12\/files\/2016\/08\/logo-e1711044614299.png","width":186,"height":85,"caption":"The Synagogue, Church Of All Nations - SCOAN - Prophet T.B. Joshua"},"image":{"@id":"https:\/\/www.scoan.org\/es\/#\/schema\/logo\/image\/"},"sameAs":["https:\/\/www.facebook.com\/tbjministries","https:\/\/x.com\/SCOANTBJoshua","https:\/\/www.instagram.com\/tbjoshua"]}]}},"_links":{"self":[{"href":"https:\/\/www.scoan.org\/es\/wp-json\/wp\/v2\/pages\/14672","targetHints":{"allow":["GET"]}}],"collection":[{"href":"https:\/\/www.scoan.org\/es\/wp-json\/wp\/v2\/pages"}],"about":[{"href":"https:\/\/www.scoan.org\/es\/wp-json\/wp\/v2\/types\/page"}],"author":[{"embeddable":true,"href":"https:\/\/www.scoan.org\/es\/wp-json\/wp\/v2\/users\/95"}],"replies":[{"embeddable":true,"href":"https:\/\/www.scoan.org\/es\/wp-json\/wp\/v2\/comments?post=14672"}],"version-history":[{"count":3,"href":"https:\/\/www.scoan.org\/es\/wp-json\/wp\/v2\/pages\/14672\/revisions"}],"predecessor-version":[{"id":14674,"href":"https:\/\/www.scoan.org\/es\/wp-json\/wp\/v2\/pages\/14672\/revisions\/14674"}],"wp:featuredmedia":[{"embeddable":true,"href":"https:\/\/www.scoan.org\/es\/wp-json\/wp\/v2\/media\/13437"}],"wp:attachment":[{"href":"https:\/\/www.scoan.org\/es\/wp-json\/wp\/v2\/media?parent=14672"}],"curies":[{"name":"wp","href":"https:\/\/api.w.org\/{rel}","templated":true}]}}