{"id":13539,"date":"2017-01-26T20:55:16","date_gmt":"2017-01-26T20:55:16","guid":{"rendered":"https:\/\/www.scoan.org\/visitenos\/questionnaire\/"},"modified":"2017-03-17T21:07:42","modified_gmt":"2017-03-17T21:07:42","slug":"questionnaire","status":"publish","type":"page","link":"https:\/\/www.scoan.org\/es\/questionnaire\/","title":{"rendered":"Questionnaire"},"content":{"rendered":"<p>[fullwidth background_color=\u00bb\u00bb background_image=\u00bb\u00bb background_parallax=\u00bbnone\u00bb enable_mobile=\u00bbno\u00bb parallax_speed=\u00bb0.3&#8243; background_repeat=\u00bbno-repeat\u00bb background_position=\u00bbleft top\u00bb video_url=\u00bb\u00bb video_aspect_ratio=\u00bb16:9&#8243; video_webm=\u00bb\u00bb video_mp4=\u00bb\u00bb video_ogv=\u00bb\u00bb video_preview_image=\u00bb\u00bb overlay_color=\u00bb\u00bb overlay_opacity=\u00bb0.5&#8243; video_mute=\u00bbyes\u00bb video_loop=\u00bbyes\u00bb fade=\u00bbno\u00bb border_size=\u00bb0px\u00bb border_color=\u00bb\u00bb border_style=\u00bb\u00bb padding_top=\u00bb20&#8243; padding_bottom=\u00bb20&#8243; padding_left=\u00bb\u00bb padding_right=\u00bb\u00bb hundred_percent=\u00bbno\u00bb equal_height_columns=\u00bbno\u00bb hide_on_mobile=\u00bbno\u00bb menu_anchor=\u00bb\u00bb class=\u00bb\u00bb id=\u00bb\u00bb][fusion_text]<\/p>\n<p>Si desea visitar La Sinagoga, Iglesia De Todas Las Naciones, por favor rellene el formulario en detalle y env\u00edelo. Esto nos permitir\u00e1 tratar su solicitud de manera eficiente. Toda correspondencia posterior con la iglesia acerca de su visita se realizar\u00e1 por correo electr\u00f3nico. Usted debe esperar la confirmaci\u00f3n de su visita antes de hacer planes de viaje.<\/p>\n<p>*Todos los pacientes con VIH deben venir con su certificado m\u00e9dico original confirmatorio m\u00e1s reciente de VIH cuando se confirma su visita. Le informamos que no se aceptar\u00e1 ning\u00fan certificado de examen m\u00e9dico preventivo, s\u00f3lo un certificado confirmatorio que indique claramente que el paciente es VIH I, II o III positivo, y debe ser escrito en papel membretado del hospital. Debe ser un hospital p\u00fablico reconocido en su pa\u00eds. Usted no puede venir sin el certificado m\u00e9dico correcto.<\/p>\n<p>[contact-form-7 id=\u00bb14367&#8243; title=\u00bbQuestionnaire (ES)\u00bb][\/fusion_text][\/fullwidth]<\/p>\n","protected":false},"excerpt":{"rendered":"<p>[fullwidth background_color=\u00bb\u00bb background_image=\u00bb\u00bb background_parallax=\u00bbnone\u00bb enable_mobile=\u00bbno\u00bb parallax_speed=\u00bb0.3&#8243; background_repeat=\u00bbno-repeat\u00bb background_position=\u00bbleft top\u00bb video_url=\u00bb\u00bb video_aspect_ratio=\u00bb16:9&#8243; video_webm=\u00bb\u00bb video_mp4=\u00bb\u00bb video_ogv=\u00bb\u00bb video_preview_image=\u00bb\u00bb overlay_color=\u00bb\u00bb overlay_opacity=\u00bb0.5&#8243; video_mute=\u00bbyes\u00bb video_loop=\u00bbyes\u00bb fade=\u00bbno\u00bb border_size=\u00bb0px\u00bb border_color=\u00bb\u00bb border_style=\u00bb\u00bb padding_top=\u00bb20&#8243; padding_bottom=\u00bb20&#8243; padding_left=\u00bb\u00bb padding_right=\u00bb\u00bb hundred_percent=\u00bbno\u00bb equal_height_columns=\u00bbno\u00bb hide_on_mobile=\u00bbno\u00bb menu_anchor=\u00bb\u00bb class=\u00bb\u00bb id=\u00bb\u00bb][fusion_text] Si desea visitar La Sinagoga, Iglesia De Todas Las Naciones, por favor rellene el formulario en detalle y env\u00edelo. Esto nos permitir\u00e1 [&hellip;]<\/p>\n","protected":false},"author":2,"featured_media":13437,"parent":0,"menu_order":0,"comment_status":"closed","ping_status":"closed","template":"page.php","meta":{"_vp_format_video_url":"","_vp_image_focal_point":[],"footnotes":""},"class_list":["post-13539","page","type-page","status-publish","has-post-thumbnail","hentry"],"yoast_head":"<!-- This site is optimized with the Yoast SEO Premium plugin v25.3.1 (Yoast SEO v27.3) - https:\/\/yoast.com\/product\/yoast-seo-premium-wordpress\/ -->\n<title>Questionnaire - The Synagogue, Church Of All Nations - SCOAN - Prophet T.B. Joshua<\/title>\n<meta name=\"robots\" content=\"index, follow, max-snippet:-1, max-image-preview:large, max-video-preview:-1\" \/>\n<link rel=\"canonical\" href=\"https:\/\/www.scoan.org\/es\/questionnaire\/\" \/>\n<meta property=\"og:locale\" content=\"es_ES\" \/>\n<meta property=\"og:type\" content=\"article\" \/>\n<meta property=\"og:title\" content=\"Questionnaire\" \/>\n<meta property=\"og:description\" content=\"[fullwidth background_color=\u00bb\u00bb background_image=\u00bb\u00bb background_parallax=\u00bbnone\u00bb enable_mobile=\u00bbno\u00bb parallax_speed=\u00bb0.3&#8243; background_repeat=\u00bbno-repeat\u00bb background_position=\u00bbleft top\u00bb video_url=\u00bb\u00bb video_aspect_ratio=\u00bb16:9&#8243; video_webm=\u00bb\u00bb video_mp4=\u00bb\u00bb video_ogv=\u00bb\u00bb video_preview_image=\u00bb\u00bb overlay_color=\u00bb\u00bb overlay_opacity=\u00bb0.5&#8243; video_mute=\u00bbyes\u00bb video_loop=\u00bbyes\u00bb fade=\u00bbno\u00bb border_size=\u00bb0px\u00bb border_color=\u00bb\u00bb border_style=\u00bb\u00bb padding_top=\u00bb20&#8243; padding_bottom=\u00bb20&#8243; padding_left=\u00bb\u00bb padding_right=\u00bb\u00bb hundred_percent=\u00bbno\u00bb equal_height_columns=\u00bbno\u00bb hide_on_mobile=\u00bbno\u00bb menu_anchor=\u00bb\u00bb class=\u00bb\u00bb id=\u00bb\u00bb][fusion_text] Si desea visitar La Sinagoga, Iglesia De Todas Las Naciones, por favor rellene el formulario en detalle y env\u00edelo. Esto nos permitir\u00e1 [&hellip;]\" \/>\n<meta property=\"og:url\" content=\"https:\/\/www.scoan.org\/es\/questionnaire\/\" \/>\n<meta property=\"og:site_name\" content=\"The Synagogue, Church Of All Nations - SCOAN - Prophet T.B. Joshua\" \/>\n<meta property=\"article:publisher\" content=\"https:\/\/www.facebook.com\/tbjministries\" \/>\n<meta property=\"article:modified_time\" content=\"2017-03-17T21:07:42+00:00\" \/>\n<meta property=\"og:image\" content=\"https:\/\/www.scoan.org\/wp-content\/blogs.dir\/12\/files\/2016\/09\/Visit-Us-Page-1.jpg\" \/>\n\t<meta property=\"og:image:width\" content=\"1349\" \/>\n\t<meta property=\"og:image:height\" content=\"277\" \/>\n\t<meta property=\"og:image:type\" content=\"image\/jpeg\" \/>\n<meta name=\"twitter:card\" content=\"summary_large_image\" \/>\n<meta name=\"twitter:site\" content=\"@SCOANTBJoshua\" \/>\n<meta name=\"twitter:label1\" content=\"Tiempo de lectura\" \/>\n\t<meta name=\"twitter:data1\" content=\"1 minuto\" \/>\n<script type=\"application\/ld+json\" class=\"yoast-schema-graph\">{\"@context\":\"https:\\\/\\\/schema.org\",\"@graph\":[{\"@type\":\"WebPage\",\"@id\":\"https:\\\/\\\/www.scoan.org\\\/es\\\/questionnaire\\\/\",\"url\":\"https:\\\/\\\/www.scoan.org\\\/es\\\/questionnaire\\\/\",\"name\":\"Questionnaire - The Synagogue, Church Of All Nations - SCOAN - Prophet T.B. Joshua\",\"isPartOf\":{\"@id\":\"https:\\\/\\\/www.scoan.org\\\/es\\\/#website\"},\"primaryImageOfPage\":{\"@id\":\"https:\\\/\\\/www.scoan.org\\\/es\\\/questionnaire\\\/#primaryimage\"},\"image\":{\"@id\":\"https:\\\/\\\/www.scoan.org\\\/es\\\/questionnaire\\\/#primaryimage\"},\"thumbnailUrl\":\"https:\\\/\\\/www.scoan.org\\\/wp-content\\\/blogs.dir\\\/12\\\/files\\\/2016\\\/09\\\/Visit-Us-Page-1.jpg\",\"datePublished\":\"2017-01-26T20:55:16+00:00\",\"dateModified\":\"2017-03-17T21:07:42+00:00\",\"breadcrumb\":{\"@id\":\"https:\\\/\\\/www.scoan.org\\\/es\\\/questionnaire\\\/#breadcrumb\"},\"inLanguage\":\"es\",\"potentialAction\":[{\"@type\":\"ReadAction\",\"target\":[\"https:\\\/\\\/www.scoan.org\\\/es\\\/questionnaire\\\/\"]}]},{\"@type\":\"ImageObject\",\"inLanguage\":\"es\",\"@id\":\"https:\\\/\\\/www.scoan.org\\\/es\\\/questionnaire\\\/#primaryimage\",\"url\":\"https:\\\/\\\/www.scoan.org\\\/wp-content\\\/blogs.dir\\\/12\\\/files\\\/2016\\\/09\\\/Visit-Us-Page-1.jpg\",\"contentUrl\":\"https:\\\/\\\/www.scoan.org\\\/wp-content\\\/blogs.dir\\\/12\\\/files\\\/2016\\\/09\\\/Visit-Us-Page-1.jpg\",\"width\":1349,\"height\":277},{\"@type\":\"BreadcrumbList\",\"@id\":\"https:\\\/\\\/www.scoan.org\\\/es\\\/questionnaire\\\/#breadcrumb\",\"itemListElement\":[{\"@type\":\"ListItem\",\"position\":1,\"name\":\"Home\",\"item\":\"https:\\\/\\\/www.scoan.org\\\/es\\\/\"},{\"@type\":\"ListItem\",\"position\":2,\"name\":\"Questionnaire\"}]},{\"@type\":\"WebSite\",\"@id\":\"https:\\\/\\\/www.scoan.org\\\/es\\\/#website\",\"url\":\"https:\\\/\\\/www.scoan.org\\\/es\\\/\",\"name\":\"The Synagogue, Church Of All Nations - SCOAN - Prophet T.B. Joshua\",\"description\":\"Founded by Prophet TB Joshua\",\"publisher\":{\"@id\":\"https:\\\/\\\/www.scoan.org\\\/es\\\/#organization\"},\"potentialAction\":[{\"@type\":\"SearchAction\",\"target\":{\"@type\":\"EntryPoint\",\"urlTemplate\":\"https:\\\/\\\/www.scoan.org\\\/es\\\/?s={search_term_string}\"},\"query-input\":{\"@type\":\"PropertyValueSpecification\",\"valueRequired\":true,\"valueName\":\"search_term_string\"}}],\"inLanguage\":\"es\"},{\"@type\":\"Organization\",\"@id\":\"https:\\\/\\\/www.scoan.org\\\/es\\\/#organization\",\"name\":\"The Synagogue, Church Of All Nations - SCOAN - Prophet T.B. Joshua\",\"url\":\"https:\\\/\\\/www.scoan.org\\\/es\\\/\",\"logo\":{\"@type\":\"ImageObject\",\"inLanguage\":\"es\",\"@id\":\"https:\\\/\\\/www.scoan.org\\\/es\\\/#\\\/schema\\\/logo\\\/image\\\/\",\"url\":\"https:\\\/\\\/www.scoan.org\\\/wp-content\\\/blogs.dir\\\/12\\\/files\\\/2016\\\/08\\\/logo-e1711044614299.png\",\"contentUrl\":\"https:\\\/\\\/www.scoan.org\\\/wp-content\\\/blogs.dir\\\/12\\\/files\\\/2016\\\/08\\\/logo-e1711044614299.png\",\"width\":186,\"height\":85,\"caption\":\"The Synagogue, Church Of All Nations - SCOAN - Prophet T.B. Joshua\"},\"image\":{\"@id\":\"https:\\\/\\\/www.scoan.org\\\/es\\\/#\\\/schema\\\/logo\\\/image\\\/\"},\"sameAs\":[\"https:\\\/\\\/www.facebook.com\\\/tbjministries\",\"https:\\\/\\\/x.com\\\/SCOANTBJoshua\",\"https:\\\/\\\/www.instagram.com\\\/tbjoshua\"]}]}<\/script>\n<!-- \/ Yoast SEO Premium plugin. -->","yoast_head_json":{"title":"Questionnaire - The Synagogue, Church Of All Nations - SCOAN - Prophet T.B. Joshua","robots":{"index":"index","follow":"follow","max-snippet":"max-snippet:-1","max-image-preview":"max-image-preview:large","max-video-preview":"max-video-preview:-1"},"canonical":"https:\/\/www.scoan.org\/es\/questionnaire\/","og_locale":"es_ES","og_type":"article","og_title":"Questionnaire","og_description":"[fullwidth background_color=\u00bb\u00bb background_image=\u00bb\u00bb background_parallax=\u00bbnone\u00bb enable_mobile=\u00bbno\u00bb parallax_speed=\u00bb0.3&#8243; background_repeat=\u00bbno-repeat\u00bb background_position=\u00bbleft top\u00bb video_url=\u00bb\u00bb video_aspect_ratio=\u00bb16:9&#8243; video_webm=\u00bb\u00bb video_mp4=\u00bb\u00bb video_ogv=\u00bb\u00bb video_preview_image=\u00bb\u00bb overlay_color=\u00bb\u00bb overlay_opacity=\u00bb0.5&#8243; video_mute=\u00bbyes\u00bb video_loop=\u00bbyes\u00bb fade=\u00bbno\u00bb border_size=\u00bb0px\u00bb border_color=\u00bb\u00bb border_style=\u00bb\u00bb padding_top=\u00bb20&#8243; padding_bottom=\u00bb20&#8243; padding_left=\u00bb\u00bb padding_right=\u00bb\u00bb hundred_percent=\u00bbno\u00bb equal_height_columns=\u00bbno\u00bb hide_on_mobile=\u00bbno\u00bb menu_anchor=\u00bb\u00bb class=\u00bb\u00bb id=\u00bb\u00bb][fusion_text] Si desea visitar La Sinagoga, Iglesia De Todas Las Naciones, por favor rellene el formulario en detalle y env\u00edelo. Esto nos permitir\u00e1 [&hellip;]","og_url":"https:\/\/www.scoan.org\/es\/questionnaire\/","og_site_name":"The Synagogue, Church Of All Nations - SCOAN - Prophet T.B. Joshua","article_publisher":"https:\/\/www.facebook.com\/tbjministries","article_modified_time":"2017-03-17T21:07:42+00:00","og_image":[{"width":1349,"height":277,"url":"https:\/\/www.scoan.org\/wp-content\/blogs.dir\/12\/files\/2016\/09\/Visit-Us-Page-1.jpg","type":"image\/jpeg"}],"twitter_card":"summary_large_image","twitter_site":"@SCOANTBJoshua","twitter_misc":{"Tiempo de lectura":"1 minuto"},"schema":{"@context":"https:\/\/schema.org","@graph":[{"@type":"WebPage","@id":"https:\/\/www.scoan.org\/es\/questionnaire\/","url":"https:\/\/www.scoan.org\/es\/questionnaire\/","name":"Questionnaire - The Synagogue, Church Of All Nations - SCOAN - Prophet T.B. Joshua","isPartOf":{"@id":"https:\/\/www.scoan.org\/es\/#website"},"primaryImageOfPage":{"@id":"https:\/\/www.scoan.org\/es\/questionnaire\/#primaryimage"},"image":{"@id":"https:\/\/www.scoan.org\/es\/questionnaire\/#primaryimage"},"thumbnailUrl":"https:\/\/www.scoan.org\/wp-content\/blogs.dir\/12\/files\/2016\/09\/Visit-Us-Page-1.jpg","datePublished":"2017-01-26T20:55:16+00:00","dateModified":"2017-03-17T21:07:42+00:00","breadcrumb":{"@id":"https:\/\/www.scoan.org\/es\/questionnaire\/#breadcrumb"},"inLanguage":"es","potentialAction":[{"@type":"ReadAction","target":["https:\/\/www.scoan.org\/es\/questionnaire\/"]}]},{"@type":"ImageObject","inLanguage":"es","@id":"https:\/\/www.scoan.org\/es\/questionnaire\/#primaryimage","url":"https:\/\/www.scoan.org\/wp-content\/blogs.dir\/12\/files\/2016\/09\/Visit-Us-Page-1.jpg","contentUrl":"https:\/\/www.scoan.org\/wp-content\/blogs.dir\/12\/files\/2016\/09\/Visit-Us-Page-1.jpg","width":1349,"height":277},{"@type":"BreadcrumbList","@id":"https:\/\/www.scoan.org\/es\/questionnaire\/#breadcrumb","itemListElement":[{"@type":"ListItem","position":1,"name":"Home","item":"https:\/\/www.scoan.org\/es\/"},{"@type":"ListItem","position":2,"name":"Questionnaire"}]},{"@type":"WebSite","@id":"https:\/\/www.scoan.org\/es\/#website","url":"https:\/\/www.scoan.org\/es\/","name":"The Synagogue, Church Of All Nations - SCOAN - Prophet T.B. Joshua","description":"Founded by Prophet TB Joshua","publisher":{"@id":"https:\/\/www.scoan.org\/es\/#organization"},"potentialAction":[{"@type":"SearchAction","target":{"@type":"EntryPoint","urlTemplate":"https:\/\/www.scoan.org\/es\/?s={search_term_string}"},"query-input":{"@type":"PropertyValueSpecification","valueRequired":true,"valueName":"search_term_string"}}],"inLanguage":"es"},{"@type":"Organization","@id":"https:\/\/www.scoan.org\/es\/#organization","name":"The Synagogue, Church Of All Nations - SCOAN - Prophet T.B. Joshua","url":"https:\/\/www.scoan.org\/es\/","logo":{"@type":"ImageObject","inLanguage":"es","@id":"https:\/\/www.scoan.org\/es\/#\/schema\/logo\/image\/","url":"https:\/\/www.scoan.org\/wp-content\/blogs.dir\/12\/files\/2016\/08\/logo-e1711044614299.png","contentUrl":"https:\/\/www.scoan.org\/wp-content\/blogs.dir\/12\/files\/2016\/08\/logo-e1711044614299.png","width":186,"height":85,"caption":"The Synagogue, Church Of All Nations - SCOAN - Prophet T.B. Joshua"},"image":{"@id":"https:\/\/www.scoan.org\/es\/#\/schema\/logo\/image\/"},"sameAs":["https:\/\/www.facebook.com\/tbjministries","https:\/\/x.com\/SCOANTBJoshua","https:\/\/www.instagram.com\/tbjoshua"]}]}},"_links":{"self":[{"href":"https:\/\/www.scoan.org\/es\/wp-json\/wp\/v2\/pages\/13539","targetHints":{"allow":["GET"]}}],"collection":[{"href":"https:\/\/www.scoan.org\/es\/wp-json\/wp\/v2\/pages"}],"about":[{"href":"https:\/\/www.scoan.org\/es\/wp-json\/wp\/v2\/types\/page"}],"author":[{"embeddable":true,"href":"https:\/\/www.scoan.org\/es\/wp-json\/wp\/v2\/users\/2"}],"replies":[{"embeddable":true,"href":"https:\/\/www.scoan.org\/es\/wp-json\/wp\/v2\/comments?post=13539"}],"version-history":[{"count":1,"href":"https:\/\/www.scoan.org\/es\/wp-json\/wp\/v2\/pages\/13539\/revisions"}],"predecessor-version":[{"id":14368,"href":"https:\/\/www.scoan.org\/es\/wp-json\/wp\/v2\/pages\/13539\/revisions\/14368"}],"wp:featuredmedia":[{"embeddable":true,"href":"https:\/\/www.scoan.org\/es\/wp-json\/wp\/v2\/media\/13437"}],"wp:attachment":[{"href":"https:\/\/www.scoan.org\/es\/wp-json\/wp\/v2\/media?parent=13539"}],"curies":[{"name":"wp","href":"https:\/\/api.w.org\/{rel}","templated":true}]}}